{"id":59143,"date":"2025-04-24T20:12:15","date_gmt":"2025-04-24T18:12:15","guid":{"rendered":"https:\/\/pink-shark-215315.hostingersite.com\/?post_type=product&#038;p=59143"},"modified":"2026-04-08T10:49:32","modified_gmt":"2026-04-08T08:49:32","slug":"maxime-trijol-vs-40-0-5l-eifela-torna-pudele-davanu-iepakojuma","status":"publish","type":"product","link":"https:\/\/firsttravelretail.lv\/en\/produkts\/maxime-trijol-vs-40-0-5l-eifela-torna-pudele-davanu-iepakojuma\/","title":{"rendered":"Maxime Trijol VS 40% 0.5L Eife\u013ca tor\u0146a pudele d\u0101vanu iepakojum\u0101"},"content":{"rendered":"<p class=\"\" data-start=\"126\" data-end=\"397\">Izsmalcin\u0101ts fran\u010du konjaks no Maxime Trijol, kas apvieno trad\u012bcijas un kvalit\u0101ti. \u0160is VS (Very Special) konjaks ir gatavots no r\u016bp\u012bgi atlas\u012btiem v\u012bnogu spirtiem, kas nogatavin\u0101ti vismaz divus gadus ozolkoka muc\u0101s, pie\u0161\u0137irot dz\u0113rienam bag\u0101t\u012bgu, maigu un harmonisku gar\u0161u.<\/p>\n<p class=\"\" data-start=\"399\" data-end=\"537\">Arom\u0101t\u0101 j\u016btamas aug\u013cu un vani\u013cas notis, ko papildina viegls koksnes piesk\u0101riens. Gar\u0161a ir maiga, ar pat\u012bkamu siltumu un elegantu p\u0113cgar\u0161u.<\/p>\n<p class=\"\" data-start=\"539\" data-end=\"681\">Iepild\u012bts unik\u0101l\u0101 0,5 litru Eife\u013ca tor\u0146a dizaina pudel\u0113 un pasniegts elegant\u0101 d\u0101vanu kast\u012bt\u0113 \u2013 lieliski piem\u0113rots gan d\u0101vanai, gan \u012bpa\u0161iem mirk\u013ciem.<\/p>\n<p class=\"\" data-start=\"683\" data-end=\"761\"><strong data-start=\"683\" data-end=\"703\">Alkohola saturs:<\/strong> 40%<br data-start=\"707\" data-end=\"710\" \/><strong data-start=\"710\" data-end=\"722\">Tilpums:<\/strong> 0.5 L<br data-start=\"728\" data-end=\"731\" \/><strong data-start=\"731\" data-end=\"752\">Izcelsmes valsts:<\/strong> Francija<\/p>\n","protected":false},"excerpt":{"rendered":"<p>Izsmalcin\u0101ts fran\u010du konjaks no Maxime Trijol, kas apvieno trad\u012bcijas un kvalit\u0101ti. \u0160is VS (Very Special) konjaks ir gatavots no r\u016bp\u012bgi atlas\u012btiem v\u012bnogu spirtiem, kas nogatavin\u0101ti vismaz divus gadus ozolkoka muc\u0101s, pie\u0161\u0137irot dz\u0113rienam bag\u0101t\u012bgu, maigu un harmonisku gar\u0161u. Arom\u0101t\u0101 j\u016btamas aug\u013cu un vani\u013cas notis, ko papildina viegls koksnes piesk\u0101riens. Gar\u0161a ir maiga, ar pat\u012bkamu siltumu un [&hellip;]<\/p>\n","protected":false},"featured_media":59144,"comment_status":"open","ping_status":"closed","template":"","meta":[],"product_brand":[174],"product_cat":[173],"product_tag":[],"class_list":{"0":"post-59143","1":"product","2":"type-product","3":"status-publish","4":"has-post-thumbnail","6":"product_brand-maxime-trijol","7":"product_cat-konjaks","8":"pa_valsts-francija","11":"first","12":"instock","13":"shipping-taxable","14":"purchasable","15":"product-type-simple"},"_links":{"self":[{"href":"https:\/\/firsttravelretail.lv\/en\/wp-json\/wp\/v2\/product\/59143","targetHints":{"allow":["GET"]}}],"collection":[{"href":"https:\/\/firsttravelretail.lv\/en\/wp-json\/wp\/v2\/product"}],"about":[{"href":"https:\/\/firsttravelretail.lv\/en\/wp-json\/wp\/v2\/types\/product"}],"replies":[{"embeddable":true,"href":"https:\/\/firsttravelretail.lv\/en\/wp-json\/wp\/v2\/comments?post=59143"}],"wp:featuredmedia":[{"embeddable":true,"href":"https:\/\/firsttravelretail.lv\/en\/wp-json\/wp\/v2\/media\/59144"}],"wp:attachment":[{"href":"https:\/\/firsttravelretail.lv\/en\/wp-json\/wp\/v2\/media?parent=59143"}],"wp:term":[{"taxonomy":"product_brand","embeddable":true,"href":"https:\/\/firsttravelretail.lv\/en\/wp-json\/wp\/v2\/product_brand?post=59143"},{"taxonomy":"product_cat","embeddable":true,"href":"https:\/\/firsttravelretail.lv\/en\/wp-json\/wp\/v2\/product_cat?post=59143"},{"taxonomy":"product_tag","embeddable":true,"href":"https:\/\/firsttravelretail.lv\/en\/wp-json\/wp\/v2\/product_tag?post=59143"}],"curies":[{"name":"wp","href":"https:\/\/api.w.org\/{rel}","templated":true}]}}