{"id":59062,"date":"2025-04-14T22:11:14","date_gmt":"2025-04-14T20:11:14","guid":{"rendered":"https:\/\/pink-shark-215315.hostingersite.com\/?post_type=product&#038;p=59062"},"modified":"2026-04-08T10:57:19","modified_gmt":"2026-04-08T08:57:19","slug":"chinggis-gold-39-1-l-davanu-iepakojums","status":"publish","type":"product","link":"https:\/\/firsttravelretail.lv\/en\/produkts\/chinggis-gold-39-1-l-davanu-iepakojums\/","title":{"rendered":"Chinggis Gold 39 % 1 L d\u0101vanu iepakojums"},"content":{"rendered":"<p class=\"\" data-start=\"87\" data-end=\"520\"><strong data-start=\"87\" data-end=\"142\">Chinggis Gold Vodka 39% 1L + D\u0101vanu iepakojums (GB)<\/strong> ir ekskluz\u012bvs Mongolijas degv\u012bns, kas nosaukts le\u0123end\u0101r\u0101 valdnieka \u010cingishana v\u0101rd\u0101. \u0160is premium klases dz\u0113riens ir rad\u012bts, izmantojot augstas kvalit\u0101tes graudus un krist\u0101ldzidru \u016bdeni no Mongolijas dabas rezerv\u0113m, nodro\u0161inot izteikti maigu un t\u012bru gar\u0161u. \u0160\u012b versija ir papildin\u0101ta ar <strong data-start=\"428\" data-end=\"466\">elegantu d\u0101vanu kast\u012bti (Gift Box)<\/strong> \u2013 lieliska izv\u0113le d\u0101vin\u0101\u0161anai vai \u012bpa\u0161iem gad\u012bjumiem.<\/p>\n<h3 class=\"\" data-start=\"522\" data-end=\"544\">Galven\u0101s \u012bpa\u0161\u012bbas:<\/h3>\n<ul data-start=\"545\" data-end=\"720\">\n<li class=\"\" data-start=\"545\" data-end=\"571\">\n<p class=\"\" data-start=\"547\" data-end=\"571\"><strong data-start=\"547\" data-end=\"567\">Alkohola saturs:<\/strong> 39%<\/p>\n<\/li>\n<li class=\"\" data-start=\"572\" data-end=\"596\">\n<p class=\"\" data-start=\"574\" data-end=\"596\"><strong data-start=\"574\" data-end=\"586\">Tilpums:<\/strong> 1 litrs<\/p>\n<\/li>\n<li class=\"\" data-start=\"597\" data-end=\"632\">\n<p class=\"\" data-start=\"599\" data-end=\"632\"><strong data-start=\"599\" data-end=\"620\">Izcelsmes valsts:<\/strong> Mongolija<\/p>\n<\/li>\n<li class=\"\" data-start=\"633\" data-end=\"668\">\n<p class=\"\" data-start=\"635\" data-end=\"668\"><strong data-start=\"635\" data-end=\"650\">Kategorija:<\/strong> Premium degv\u012bns<\/p>\n<\/li>\n<li class=\"\" data-start=\"669\" data-end=\"720\">\n<p class=\"\" data-start=\"671\" data-end=\"720\"><strong data-start=\"671\" data-end=\"686\">Iepakojums:<\/strong> Ar d\u0101vanu kast\u012bti (GB \u2013 Gift Box)<\/p>\n<\/li>\n<\/ul>\n<h3 class=\"\" data-start=\"722\" data-end=\"741\">Gar\u0161as profils:<\/h3>\n<ul data-start=\"742\" data-end=\"949\">\n<li class=\"\" data-start=\"742\" data-end=\"811\">\n<p class=\"\" data-start=\"744\" data-end=\"811\"><strong data-start=\"744\" data-end=\"756\">Arom\u0101ts:<\/strong> Viegls, neitr\u0101ls un svaigs, ar maigu graudainu niansi.<\/p>\n<\/li>\n<li class=\"\" data-start=\"812\" data-end=\"879\">\n<p class=\"\" data-start=\"814\" data-end=\"879\"><strong data-start=\"814\" data-end=\"824\">Gar\u0161a:<\/strong> Gluda un maiga \u2013 ar vieglu saldenumu un t\u012bru tekst\u016bru.<\/p>\n<\/li>\n<li class=\"\" data-start=\"880\" data-end=\"949\">\n<p class=\"\" data-start=\"882\" data-end=\"949\"><strong data-start=\"882\" data-end=\"895\">P\u0113cgar\u0161a:<\/strong> Delik\u0101ta un notur\u012bga, bez sp\u0113c\u012bga alkohola \u201ckodiena\u201d.<\/p>\n<\/li>\n<\/ul>\n<h3 class=\"\" data-start=\"951\" data-end=\"976\">Lieto\u0161anas ieteikumi:<\/h3>\n<p class=\"\" data-start=\"977\" data-end=\"1201\">Chinggis Gold ir lieliski piem\u0113rots baud\u012b\u0161anai t\u012br\u0101 veid\u0101, labi atdzes\u0113ts vai k\u0101 b\u0101ze klasiskajiem un ekskluz\u012bvajiem koktei\u013ciem. D\u0101vanu iepakojums padara to par ide\u0101lu izv\u0113li sv\u0113tkiem, d\u0101van\u0101m vai reprezentat\u012bv\u0101m situ\u0101cij\u0101m.<\/p>\n","protected":false},"excerpt":{"rendered":"<p><strong data-start=\"87\" data-end=\"142\">Chinggis Gold Vodka 39% 1L + D\u0101vanu iepakojums (GB)<\/strong> ir ekskluz\u012bvs Mongolijas degv\u012bns, kas nosaukts le\u0123end\u0101r\u0101 valdnieka \u010cingishana v\u0101rd\u0101. \u0160is premium klases dz\u0113riens ir rad\u012bts, izmantojot augstas kvalit\u0101tes graudus un krist\u0101ldzidru \u016bdeni no Mongolijas dabas rezerv\u0113m, nodro\u0161inot izteikti maigu un t\u012bru gar\u0161u. \u0160\u012b versija ir papildin\u0101ta ar <strong data-start=\"428\" data-end=\"466\">elegantu d\u0101vanu kast\u012bti (Gift Box)<\/strong> \u2013 lieliska izv\u0113le d\u0101vin\u0101\u0161anai vai \u012bpa\u0161iem gad\u012bjumiem.<\/p>\n","protected":false},"featured_media":59063,"comment_status":"open","ping_status":"closed","template":"","meta":[],"product_brand":[185],"product_cat":[116],"product_tag":[],"class_list":{"0":"post-59062","1":"product","2":"type-product","3":"status-publish","4":"has-post-thumbnail","6":"product_brand-chinggis","7":"product_cat-degvins","8":"pa_valsts-krievija","11":"first","12":"instock","13":"shipping-taxable","14":"purchasable","15":"product-type-simple"},"_links":{"self":[{"href":"https:\/\/firsttravelretail.lv\/en\/wp-json\/wp\/v2\/product\/59062","targetHints":{"allow":["GET"]}}],"collection":[{"href":"https:\/\/firsttravelretail.lv\/en\/wp-json\/wp\/v2\/product"}],"about":[{"href":"https:\/\/firsttravelretail.lv\/en\/wp-json\/wp\/v2\/types\/product"}],"replies":[{"embeddable":true,"href":"https:\/\/firsttravelretail.lv\/en\/wp-json\/wp\/v2\/comments?post=59062"}],"wp:featuredmedia":[{"embeddable":true,"href":"https:\/\/firsttravelretail.lv\/en\/wp-json\/wp\/v2\/media\/59063"}],"wp:attachment":[{"href":"https:\/\/firsttravelretail.lv\/en\/wp-json\/wp\/v2\/media?parent=59062"}],"wp:term":[{"taxonomy":"product_brand","embeddable":true,"href":"https:\/\/firsttravelretail.lv\/en\/wp-json\/wp\/v2\/product_brand?post=59062"},{"taxonomy":"product_cat","embeddable":true,"href":"https:\/\/firsttravelretail.lv\/en\/wp-json\/wp\/v2\/product_cat?post=59062"},{"taxonomy":"product_tag","embeddable":true,"href":"https:\/\/firsttravelretail.lv\/en\/wp-json\/wp\/v2\/product_tag?post=59062"}],"curies":[{"name":"wp","href":"https:\/\/api.w.org\/{rel}","templated":true}]}}