{"id":59058,"date":"2025-04-14T21:49:47","date_gmt":"2025-04-14T19:49:47","guid":{"rendered":"https:\/\/pink-shark-215315.hostingersite.com\/?post_type=product&#038;p=59058"},"modified":"2026-04-08T11:02:47","modified_gmt":"2026-04-08T09:02:47","slug":"chinggis-gold-39-1-l-nrf","status":"publish","type":"product","link":"https:\/\/firsttravelretail.lv\/en\/produkts\/chinggis-gold-39-1-l-nrf\/","title":{"rendered":"Chinggis Gold 39 % 1 L ( NRF)"},"content":{"rendered":"<p class=\"\" data-start=\"82\" data-end=\"341\"><strong data-start=\"82\" data-end=\"118\">Chinggis Gold Vodka 39% 1L (NRF)<\/strong> ir augst\u0101k\u0101s kvalit\u0101tes degv\u012bns no Mongolijas, kas nosaukts par godu le\u0123end\u0101rajam valdniekam \u010cingishanam. \u0160\u012b degv\u012bna ra\u017eo\u0161ana apvieno senas trad\u012bcijas ar m\u016bsdienu tehnolo\u0123ij\u0101m, lai rad\u012btu t\u012bru, maigu un izsmalcin\u0101tu gar\u0161u.<\/p>\n<h3 class=\"\" data-start=\"343\" data-end=\"365\">Galven\u0101s \u012bpa\u0161\u012bbas:<\/h3>\n<ul data-start=\"366\" data-end=\"646\">\n<li class=\"\" data-start=\"366\" data-end=\"392\">\n<p class=\"\" data-start=\"368\" data-end=\"392\"><strong data-start=\"368\" data-end=\"388\">Alkohola saturs:<\/strong> 39%<\/p>\n<\/li>\n<li class=\"\" data-start=\"393\" data-end=\"417\">\n<p class=\"\" data-start=\"395\" data-end=\"417\"><strong data-start=\"395\" data-end=\"407\">Tilpums:<\/strong> 1 litrs<\/p>\n<\/li>\n<li class=\"\" data-start=\"418\" data-end=\"453\">\n<p class=\"\" data-start=\"420\" data-end=\"453\"><strong data-start=\"420\" data-end=\"441\">Izcelsmes valsts:<\/strong> Mongolija<\/p>\n<\/li>\n<li class=\"\" data-start=\"454\" data-end=\"489\">\n<p class=\"\" data-start=\"456\" data-end=\"489\"><strong data-start=\"456\" data-end=\"471\">Kategorija:<\/strong> Premium degv\u012bns<\/p>\n<\/li>\n<li class=\"\" data-start=\"490\" data-end=\"646\">\n<p class=\"\" data-start=\"492\" data-end=\"646\"><strong data-start=\"492\" data-end=\"525\">NRF (Non-Refillable Fitment):<\/strong> Pudele apr\u012bkota ar dro\u0161\u012bbas meh\u0101nismu, kas ne\u013cauj to atk\u0101rtoti uzpild\u012bt \u2013 izplat\u012bta lidost\u0101s un beznodok\u013cu tirdzniec\u012bb\u0101.<\/p>\n<\/li>\n<\/ul>\n<h3 class=\"\" data-start=\"648\" data-end=\"667\">Gar\u0161as profils:<\/h3>\n<ul data-start=\"668\" data-end=\"864\">\n<li class=\"\" data-start=\"668\" data-end=\"723\">\n<p class=\"\" data-start=\"670\" data-end=\"723\"><strong data-start=\"670\" data-end=\"682\">Arom\u0101ts:<\/strong> T\u012brs, neitr\u0101ls ar viegli graudainu noti.<\/p>\n<\/li>\n<li class=\"\" data-start=\"724\" data-end=\"795\">\n<p class=\"\" data-start=\"726\" data-end=\"795\"><strong data-start=\"726\" data-end=\"736\">Gar\u0161a:<\/strong> Maiga, gluda un l\u012bdzsvarota, ar nedaudz saldenu p\u0113csaj\u016btu.<\/p>\n<\/li>\n<li class=\"\" data-start=\"796\" data-end=\"864\">\n<p class=\"\" data-start=\"798\" data-end=\"864\"><strong data-start=\"798\" data-end=\"811\">P\u0113cgar\u0161a:<\/strong> T\u012bra, ar minim\u0101lu degv\u012bnam rakstur\u012bgu deguma saj\u016btu.<\/p>\n<\/li>\n<\/ul>\n<h3 class=\"\" data-start=\"866\" data-end=\"891\">Lieto\u0161anas ieteikumi:<\/h3>\n<p class=\"\" data-start=\"892\" data-end=\"1090\">Lieliski piem\u0113rota baud\u012b\u0161anai t\u012br\u0101 veid\u0101, atdzes\u0113ta vai k\u0101 b\u0101ze augstas kvalit\u0101tes koktei\u013ciem. T\u0101 ir ar\u012b laba izv\u0113le d\u0101vanai, pateicoties t\u0101s elegantajai iepakojuma formai un premium pozicion\u0113jumam.<\/p>\n","protected":false},"excerpt":{"rendered":"<p><strong data-start=\"82\" data-end=\"118\">Chinggis Gold Vodka 39% 1L (NRF)<\/strong> ir augst\u0101k\u0101s kvalit\u0101tes degv\u012bns no Mongolijas, kas nosaukts par godu le\u0123end\u0101rajam valdniekam \u010cingishanam. \u0160\u012b degv\u012bna ra\u017eo\u0161ana apvieno senas trad\u012bcijas ar m\u016bsdienu tehnolo\u0123ij\u0101m, lai rad\u012btu t\u012bru, maigu un izsmalcin\u0101tu gar\u0161u.<\/p>\n","protected":false},"featured_media":59059,"comment_status":"open","ping_status":"closed","template":"","meta":[],"product_brand":[185],"product_cat":[116],"product_tag":[],"class_list":{"0":"post-59058","1":"product","2":"type-product","3":"status-publish","4":"has-post-thumbnail","6":"product_brand-chinggis","7":"product_cat-degvins","8":"pa_valsts-mongolija","11":"first","12":"instock","13":"shipping-taxable","14":"purchasable","15":"product-type-simple"},"_links":{"self":[{"href":"https:\/\/firsttravelretail.lv\/en\/wp-json\/wp\/v2\/product\/59058","targetHints":{"allow":["GET"]}}],"collection":[{"href":"https:\/\/firsttravelretail.lv\/en\/wp-json\/wp\/v2\/product"}],"about":[{"href":"https:\/\/firsttravelretail.lv\/en\/wp-json\/wp\/v2\/types\/product"}],"replies":[{"embeddable":true,"href":"https:\/\/firsttravelretail.lv\/en\/wp-json\/wp\/v2\/comments?post=59058"}],"wp:featuredmedia":[{"embeddable":true,"href":"https:\/\/firsttravelretail.lv\/en\/wp-json\/wp\/v2\/media\/59059"}],"wp:attachment":[{"href":"https:\/\/firsttravelretail.lv\/en\/wp-json\/wp\/v2\/media?parent=59058"}],"wp:term":[{"taxonomy":"product_brand","embeddable":true,"href":"https:\/\/firsttravelretail.lv\/en\/wp-json\/wp\/v2\/product_brand?post=59058"},{"taxonomy":"product_cat","embeddable":true,"href":"https:\/\/firsttravelretail.lv\/en\/wp-json\/wp\/v2\/product_cat?post=59058"},{"taxonomy":"product_tag","embeddable":true,"href":"https:\/\/firsttravelretail.lv\/en\/wp-json\/wp\/v2\/product_tag?post=59058"}],"curies":[{"name":"wp","href":"https:\/\/api.w.org\/{rel}","templated":true}]}}