{"id":59055,"date":"2025-04-14T21:43:51","date_gmt":"2025-04-14T19:43:51","guid":{"rendered":"https:\/\/pink-shark-215315.hostingersite.com\/?post_type=product&#038;p=59055"},"modified":"2026-04-08T11:03:30","modified_gmt":"2026-04-08T09:03:30","slug":"woodford-reserve-rye-45-2-1l","status":"publish","type":"product","link":"https:\/\/firsttravelretail.lv\/en\/produkts\/woodford-reserve-rye-45-2-1l\/","title":{"rendered":"Woodford Reserve Rye 45.2% 1L"},"content":{"rendered":"<p class=\"\" data-start=\"85\" data-end=\"412\"><strong data-start=\"85\" data-end=\"118\">Woodford Reserve Rye 45.2% 1L<\/strong> ir premium klases amerik\u0101\u0146u rudzu viskijs, kas izce\u013cas ar bag\u0101t\u012bgu, pikantu gar\u0161u un elegantu l\u012bdzsvaru. Tas tiek rad\u012bts <strong data-start=\"240\" data-end=\"260\">Woodford Reserve<\/strong> spirta r\u016bpn\u012bc\u0101 Kentuki \u0161tat\u0101, iev\u0113rojot klasiskas trad\u012bcijas un izmantojot augstas kvalit\u0101tes rudzu graudus, kas veido \u0161\u012b viskija izteiksm\u012bgo raksturu.<\/p>\n<h3 class=\"\" data-start=\"414\" data-end=\"436\">Galven\u0101s \u012bpa\u0161\u012bbas:<\/h3>\n<ul data-start=\"437\" data-end=\"694\">\n<li class=\"\" data-start=\"437\" data-end=\"465\">\n<p class=\"\" data-start=\"439\" data-end=\"465\"><strong data-start=\"439\" data-end=\"459\">Alkohola saturs:<\/strong> 45.2%<\/p>\n<\/li>\n<li class=\"\" data-start=\"466\" data-end=\"490\">\n<p class=\"\" data-start=\"468\" data-end=\"490\"><strong data-start=\"468\" data-end=\"480\">Tilpums:<\/strong> 1 litrs<\/p>\n<\/li>\n<li class=\"\" data-start=\"491\" data-end=\"531\">\n<p class=\"\" data-start=\"493\" data-end=\"531\"><strong data-start=\"493\" data-end=\"514\">Izcelsmes valsts:<\/strong> ASV (Kentucky)<\/p>\n<\/li>\n<li class=\"\" data-start=\"532\" data-end=\"581\">\n<p class=\"\" data-start=\"534\" data-end=\"581\"><strong data-start=\"534\" data-end=\"549\">Kategorija:<\/strong> Kentucky Straight Rye Whiskey<\/p>\n<\/li>\n<li class=\"\" data-start=\"582\" data-end=\"694\">\n<p class=\"\" data-start=\"584\" data-end=\"694\"><strong data-start=\"584\" data-end=\"603\">Graudu sast\u0101vs:<\/strong> 53% rudzi, 33% kukur\u016bza, 14% mie\u017ei \u2013 veidojot klasisku, bet viegli pieejamu rudzu viskiju.<\/p>\n<\/li>\n<\/ul>\n<h3 class=\"\" data-start=\"696\" data-end=\"726\">Gar\u0161as un arom\u0101ta profils:<\/h3>\n<ul data-start=\"727\" data-end=\"1055\">\n<li class=\"\" data-start=\"727\" data-end=\"825\">\n<p class=\"\" data-start=\"729\" data-end=\"825\"><strong data-start=\"729\" data-end=\"741\">Arom\u0101ts:<\/strong> Pikants un nedaudz saldens \u2013 ar piparu, krustnagli\u0146u, citrusaug\u013cu un ziedu nians\u0113m.<\/p>\n<\/li>\n<li class=\"\" data-start=\"826\" data-end=\"979\">\n<p class=\"\" data-start=\"828\" data-end=\"979\"><strong data-start=\"828\" data-end=\"838\">Gar\u0161a:<\/strong> Sausa un dz\u012bv\u012bga, ar rudzu rakstur\u012bgo asumu, piparu un siltu gar\u0161vielu piegar\u0161u, ko papildina vani\u013ca, medus un neliels ozolkoka piesk\u0101riens.<\/p>\n<\/li>\n<li class=\"\" data-start=\"980\" data-end=\"1055\">\n<p class=\"\" data-start=\"982\" data-end=\"1055\"><strong data-start=\"982\" data-end=\"995\">P\u0113cgar\u0161a:<\/strong> Notur\u012bga un sausa, ar gar\u0161vielu un grauzd\u0113tu riekstu not\u012bm.<\/p>\n<\/li>\n<\/ul>\n<h3 class=\"\" data-start=\"1057\" data-end=\"1082\">Lieto\u0161anas ieteikumi:<\/h3>\n<p class=\"\" data-start=\"1083\" data-end=\"1269\">Ide\u0101li piem\u0113rots klasiskajiem koktei\u013ciem k\u0101 <strong data-start=\"1127\" data-end=\"1144\">Old Fashioned<\/strong>, <strong data-start=\"1146\" data-end=\"1157\">Sazerac<\/strong> vai <strong data-start=\"1162\" data-end=\"1178\">Whiskey Sour<\/strong>, bet ar\u012b lieliski baud\u0101ms t\u012br\u0101 veid\u0101 vai ar ledu, lai izceltu rudzu viskija \u012bsto raksturu.<\/p>\n","protected":false},"excerpt":{"rendered":"<p><strong data-start=\"85\" data-end=\"118\">Woodford Reserve Rye 45.2% 1L<\/strong> ir premium klases amerik\u0101\u0146u rudzu viskijs, kas izce\u013cas ar bag\u0101t\u012bgu, pikantu gar\u0161u un elegantu l\u012bdzsvaru. Tas tiek rad\u012bts <strong data-start=\"240\" data-end=\"260\">Woodford Reserve<\/strong> spirta r\u016bpn\u012bc\u0101 Kentuki \u0161tat\u0101, iev\u0113rojot klasiskas trad\u012bcijas un izmantojot augstas kvalit\u0101tes rudzu graudus, kas veido \u0161\u012b viskija izteiksm\u012bgo raksturu.<\/p>\n","protected":false},"featured_media":59056,"comment_status":"open","ping_status":"closed","template":"","meta":[],"product_brand":[183],"product_cat":[151],"product_tag":[],"class_list":{"0":"post-59055","1":"product","2":"type-product","3":"status-publish","4":"has-post-thumbnail","6":"product_brand-woodford-reserve","7":"product_cat-viskijs","8":"pa_valsts-asv","11":"first","12":"instock","13":"shipping-taxable","14":"purchasable","15":"product-type-simple"},"_links":{"self":[{"href":"https:\/\/firsttravelretail.lv\/en\/wp-json\/wp\/v2\/product\/59055","targetHints":{"allow":["GET"]}}],"collection":[{"href":"https:\/\/firsttravelretail.lv\/en\/wp-json\/wp\/v2\/product"}],"about":[{"href":"https:\/\/firsttravelretail.lv\/en\/wp-json\/wp\/v2\/types\/product"}],"replies":[{"embeddable":true,"href":"https:\/\/firsttravelretail.lv\/en\/wp-json\/wp\/v2\/comments?post=59055"}],"wp:featuredmedia":[{"embeddable":true,"href":"https:\/\/firsttravelretail.lv\/en\/wp-json\/wp\/v2\/media\/59056"}],"wp:attachment":[{"href":"https:\/\/firsttravelretail.lv\/en\/wp-json\/wp\/v2\/media?parent=59055"}],"wp:term":[{"taxonomy":"product_brand","embeddable":true,"href":"https:\/\/firsttravelretail.lv\/en\/wp-json\/wp\/v2\/product_brand?post=59055"},{"taxonomy":"product_cat","embeddable":true,"href":"https:\/\/firsttravelretail.lv\/en\/wp-json\/wp\/v2\/product_cat?post=59055"},{"taxonomy":"product_tag","embeddable":true,"href":"https:\/\/firsttravelretail.lv\/en\/wp-json\/wp\/v2\/product_tag?post=59055"}],"curies":[{"name":"wp","href":"https:\/\/api.w.org\/{rel}","templated":true}]}}