{"id":59051,"date":"2025-04-14T21:38:01","date_gmt":"2025-04-14T19:38:01","guid":{"rendered":"https:\/\/pink-shark-215315.hostingersite.com\/?post_type=product&#038;p=59051"},"modified":"2026-04-08T11:04:33","modified_gmt":"2026-04-08T09:04:33","slug":"woodford-reserve-43-2-1l","status":"publish","type":"product","link":"https:\/\/firsttravelretail.lv\/en\/produkts\/woodford-reserve-43-2-1l\/","title":{"rendered":"Woodford Reserve 43.2% 1L"},"content":{"rendered":"<p class=\"\" data-start=\"81\" data-end=\"485\"><strong data-start=\"81\" data-end=\"136\">Woodford Reserve Kentucky Straight Bourbon 43.2% 1L<\/strong> ir izsmalcin\u0101ts amerik\u0101\u0146u burbons, kas tiek rad\u012bts Kentuki \u0161tat\u0101, vien\u0101 no vec\u0101kaj\u0101m un visvair\u0101k cien\u012btaj\u0101m spirta r\u016bpn\u012bc\u0101m \u2013 <strong data-start=\"264\" data-end=\"295\">Woodford Reserve Distillery<\/strong>. \u0160is burbons ir paz\u012bstams ar savu sare\u017e\u0123\u012bto un labi sabalans\u0113to gar\u0161as profilu, kuru veido \u012bpa\u0161a graudu recepte, vara destil\u0101cijas katli un nogatavin\u0101\u0161ana jaun\u0101s, kv\u0113pin\u0101t\u0101s ozolkoka muc\u0101s.<\/p>\n<h3 class=\"\" data-start=\"487\" data-end=\"509\">Galven\u0101s \u012bpa\u0161\u012bbas:<\/h3>\n<ul data-start=\"510\" data-end=\"680\">\n<li class=\"\" data-start=\"510\" data-end=\"538\">\n<p class=\"\" data-start=\"512\" data-end=\"538\"><strong data-start=\"512\" data-end=\"532\">Alkohola saturs:<\/strong> 43.2%<\/p>\n<\/li>\n<li class=\"\" data-start=\"539\" data-end=\"563\">\n<p class=\"\" data-start=\"541\" data-end=\"563\"><strong data-start=\"541\" data-end=\"553\">Tilpums:<\/strong> 1 litrs<\/p>\n<\/li>\n<li class=\"\" data-start=\"564\" data-end=\"628\">\n<p class=\"\" data-start=\"566\" data-end=\"628\"><strong data-start=\"566\" data-end=\"587\">Izcelsmes valsts:<\/strong> Amerikas Savienot\u0101s Valstis (Kentucky)<\/p>\n<\/li>\n<li class=\"\" data-start=\"629\" data-end=\"680\">\n<p class=\"\" data-start=\"631\" data-end=\"680\"><strong data-start=\"631\" data-end=\"646\">Kategorija:<\/strong> Kentucky Straight Bourbon Whiskey<\/p>\n<\/li>\n<\/ul>\n<h3 class=\"\" data-start=\"682\" data-end=\"712\">Gar\u0161as un arom\u0101ta profils:<\/h3>\n<ul data-start=\"713\" data-end=\"1024\">\n<li class=\"\" data-start=\"713\" data-end=\"844\">\n<p class=\"\" data-start=\"715\" data-end=\"844\"><strong data-start=\"715\" data-end=\"727\">Arom\u0101ts:<\/strong> Bag\u0101t\u012bgs un silts \u2013 ar vani\u013cas, karame\u013cu, \u0161okol\u0101des un kan\u0113\u013ca not\u012bm, papildin\u0101ts ar viegliem citrusaug\u013ciem un ozolu.<\/p>\n<\/li>\n<li class=\"\" data-start=\"845\" data-end=\"951\">\n<p class=\"\" data-start=\"847\" data-end=\"951\"><strong data-start=\"847\" data-end=\"857\">Gar\u0161a:<\/strong> Gluda un sabalans\u0113ta \u2013 ar grauzd\u0113tiem riekstiem, karame\u013cu, \u017e\u0101v\u0113tu aug\u013cu un gar\u0161vielu nians\u0113m.<\/p>\n<\/li>\n<li class=\"\" data-start=\"952\" data-end=\"1024\">\n<p class=\"\" data-start=\"954\" data-end=\"1024\"><strong data-start=\"954\" data-end=\"967\">P\u0113cgar\u0161a:<\/strong> Ilgsto\u0161a un sildo\u0161a, ar \u0161okol\u0101des un piparu piesk\u0101rienu.<\/p>\n<\/li>\n<\/ul>\n<h3 class=\"\" data-start=\"1026\" data-end=\"1051\">Lieto\u0161anas ieteikumi:<\/h3>\n<p class=\"\" data-start=\"1052\" data-end=\"1269\">Woodford Reserve ir lielisks baud\u012b\u0161anai t\u012br\u0101 veid\u0101, ar ledu vai k\u0101 b\u0101ze klasiskajiem koktei\u013ciem, piem\u0113ram, <strong data-start=\"1159\" data-end=\"1176\">Old Fashioned<\/strong>, <strong data-start=\"1178\" data-end=\"1191\">Manhattan<\/strong> vai <strong data-start=\"1196\" data-end=\"1212\">Whiskey Sour<\/strong>. Piem\u0113rots gan ikdienas baud\u012b\u0161anai, gan \u012bpa\u0161iem br\u012b\u017eiem.<\/p>\n","protected":false},"excerpt":{"rendered":"<p class=\"\" data-start=\"81\" data-end=\"485\"><strong data-start=\"81\" data-end=\"136\">Woodford Reserve Kentucky Straight Bourbon 43.2% 1L<\/strong> ir izsmalcin\u0101ts amerik\u0101\u0146u burbons, kas tiek rad\u012bts Kentuki \u0161tat\u0101, vien\u0101 no vec\u0101kaj\u0101m un visvair\u0101k cien\u012btaj\u0101m spirta r\u016bpn\u012bc\u0101m \u2013 <strong data-start=\"264\" data-end=\"295\">Woodford Reserve Distillery<\/strong>. \u0160is burbons ir paz\u012bstams ar savu sare\u017e\u0123\u012bto un labi sabalans\u0113to gar\u0161as profilu, kuru veido \u012bpa\u0161a graudu recepte, vara destil\u0101cijas katli un nogatavin\u0101\u0161ana jaun\u0101s, kv\u0113pin\u0101t\u0101s ozolkoka muc\u0101s.<\/p>\n<h3 class=\"\" data-start=\"487\" data-end=\"509\"><\/h3>\n","protected":false},"featured_media":59052,"comment_status":"open","ping_status":"closed","template":"","meta":[],"product_brand":[183],"product_cat":[151],"product_tag":[],"class_list":{"0":"post-59051","1":"product","2":"type-product","3":"status-publish","4":"has-post-thumbnail","6":"product_brand-woodford-reserve","7":"product_cat-viskijs","8":"pa_valsts-asv","11":"first","12":"instock","13":"shipping-taxable","14":"purchasable","15":"product-type-simple"},"_links":{"self":[{"href":"https:\/\/firsttravelretail.lv\/en\/wp-json\/wp\/v2\/product\/59051","targetHints":{"allow":["GET"]}}],"collection":[{"href":"https:\/\/firsttravelretail.lv\/en\/wp-json\/wp\/v2\/product"}],"about":[{"href":"https:\/\/firsttravelretail.lv\/en\/wp-json\/wp\/v2\/types\/product"}],"replies":[{"embeddable":true,"href":"https:\/\/firsttravelretail.lv\/en\/wp-json\/wp\/v2\/comments?post=59051"}],"wp:featuredmedia":[{"embeddable":true,"href":"https:\/\/firsttravelretail.lv\/en\/wp-json\/wp\/v2\/media\/59052"}],"wp:attachment":[{"href":"https:\/\/firsttravelretail.lv\/en\/wp-json\/wp\/v2\/media?parent=59051"}],"wp:term":[{"taxonomy":"product_brand","embeddable":true,"href":"https:\/\/firsttravelretail.lv\/en\/wp-json\/wp\/v2\/product_brand?post=59051"},{"taxonomy":"product_cat","embeddable":true,"href":"https:\/\/firsttravelretail.lv\/en\/wp-json\/wp\/v2\/product_cat?post=59051"},{"taxonomy":"product_tag","embeddable":true,"href":"https:\/\/firsttravelretail.lv\/en\/wp-json\/wp\/v2\/product_tag?post=59051"}],"curies":[{"name":"wp","href":"https:\/\/api.w.org\/{rel}","templated":true}]}}