{"id":59048,"date":"2025-04-14T21:26:19","date_gmt":"2025-04-14T19:26:19","guid":{"rendered":"https:\/\/pink-shark-215315.hostingersite.com\/?post_type=product&#038;p=59048"},"modified":"2026-04-08T11:05:25","modified_gmt":"2026-04-08T09:05:25","slug":"botanist-islay-dry-46-1l","status":"publish","type":"product","link":"https:\/\/firsttravelretail.lv\/en\/produkts\/botanist-islay-dry-46-1l\/","title":{"rendered":"Botanist Islay Dry 46% 1L"},"content":{"rendered":"<p class=\"\" data-start=\"89\" data-end=\"414\"><strong data-start=\"89\" data-end=\"126\">The Botanist Islay Dry Gin 46% 1L<\/strong> ir izsmalcin\u0101ts un daudzsl\u0101\u0146ains d\u017eins, kas tiek rad\u012bts Skotijas sal\u0101 \u012aslaj\u0101 (Islay) \u2013 re\u0123ion\u0101, kas paz\u012bstams ar savu bag\u0101to destil\u0101cijas v\u0113sturi. \u0160o d\u017einu ra\u017eo <strong data-start=\"288\" data-end=\"305\">Bruichladdich<\/strong> spirta r\u016bpn\u012bc\u0101, izmantojot tradicion\u0101lu vara katlu (lambik stil\u0101) un unik\u0101lu bot\u0101nisko sast\u0101vda\u013cu mais\u012bjumu.<\/p>\n<h3 class=\"\" data-start=\"416\" data-end=\"438\">Galven\u0101s \u012bpa\u0161\u012bbas:<\/h3>\n<ul data-start=\"439\" data-end=\"578\">\n<li class=\"\" data-start=\"439\" data-end=\"465\">\n<p class=\"\" data-start=\"441\" data-end=\"465\"><strong data-start=\"441\" data-end=\"461\">Alkohola saturs:<\/strong> 46%<\/p>\n<\/li>\n<li class=\"\" data-start=\"466\" data-end=\"490\">\n<p class=\"\" data-start=\"468\" data-end=\"490\"><strong data-start=\"468\" data-end=\"480\">Tilpums:<\/strong> 1 litrs<\/p>\n<\/li>\n<li class=\"\" data-start=\"491\" data-end=\"537\">\n<p class=\"\" data-start=\"493\" data-end=\"537\"><strong data-start=\"493\" data-end=\"514\">Izcelsmes valsts:<\/strong> Skotija (Islay sala)<\/p>\n<\/li>\n<li class=\"\" data-start=\"538\" data-end=\"578\">\n<p class=\"\" data-start=\"540\" data-end=\"578\"><strong data-start=\"540\" data-end=\"555\">Kategorija:<\/strong> Premium London Dry Gin<\/p>\n<\/li>\n<\/ul>\n<h3 class=\"\" data-start=\"580\" data-end=\"607\">Bot\u0101nisk\u0101s sast\u0101vda\u013cas:<\/h3>\n<p class=\"\" data-start=\"608\" data-end=\"823\">The Botanist izce\u013cas ar <strong data-start=\"632\" data-end=\"697\">22 viet\u0113jiem, ar rok\u0101m iev\u0101ktiem augiem un z\u0101l\u012bt\u0113m no \u012aslajas<\/strong>, papildus 9 klasiskaj\u0101m d\u017eina sast\u0101vda\u013c\u0101m. \u0160is mais\u012bjums pie\u0161\u0137ir d\u017einam unik\u0101lu gar\u0161u dzi\u013cumu un autentisku viet\u0113jo raksturu.<\/p>\n<h3 class=\"\" data-start=\"825\" data-end=\"846\">Arom\u0101ts un gar\u0161a:<\/h3>\n<ul data-start=\"847\" data-end=\"1100\">\n<li class=\"\" data-start=\"847\" data-end=\"926\">\n<p class=\"\" data-start=\"849\" data-end=\"926\"><strong data-start=\"849\" data-end=\"861\">Arom\u0101ts:<\/strong> Svaigs, z\u0101\u013cains un ziedains, ar citrusaug\u013cu un piparm\u0113tru not\u012bm.<\/p>\n<\/li>\n<li class=\"\" data-start=\"927\" data-end=\"1051\">\n<p class=\"\" data-start=\"929\" data-end=\"1051\"><strong data-start=\"929\" data-end=\"939\">Gar\u0161a:<\/strong> Sare\u017e\u0123\u012bta un l\u012bdzsvarota \u2013 s\u0101kum\u0101 maigi saldena, tad par\u0101d\u0101s pikantums, gar\u0161augi, savva\u013cas ziedi un gar\u0161vielas.<\/p>\n<\/li>\n<li class=\"\" data-start=\"1052\" data-end=\"1100\">\n<p class=\"\" data-start=\"1054\" data-end=\"1100\"><strong data-start=\"1054\" data-end=\"1067\">P\u0113cgar\u0161a:<\/strong> T\u012bra, atsvaidzino\u0161a un ilgsto\u0161a.<\/p>\n<\/li>\n<\/ul>\n<h3 class=\"\" data-start=\"1102\" data-end=\"1127\">Lieto\u0161anas ieteikumi:<\/h3>\n<p class=\"\" data-start=\"1128\" data-end=\"1333\">Ide\u0101ls gan klasiskaj\u0101 <strong data-start=\"1150\" data-end=\"1165\">Gin &amp; Tonic<\/strong>, gan ar\u012b izsmalcin\u0101tos koktei\u013cos, piem\u0113ram, <strong data-start=\"1210\" data-end=\"1221\">Negroni<\/strong> vai <strong data-start=\"1226\" data-end=\"1237\">Martini<\/strong>. Ar savu izteiksm\u012bgo, bet eleganto gar\u0161u tas sp\u0113j izcelties ar\u012b t\u012br\u0101 veid\u0101 vai ar ledus kubi\u0146u.<\/p>\n","protected":false},"excerpt":{"rendered":"<p><strong data-start=\"89\" data-end=\"126\">The Botanist Islay Dry Gin 46% 1L<\/strong> ir izsmalcin\u0101ts un daudzsl\u0101\u0146ains d\u017eins, kas tiek rad\u012bts Skotijas sal\u0101 \u012aslaj\u0101 (Islay) \u2013 re\u0123ion\u0101, kas paz\u012bstams ar savu bag\u0101to destil\u0101cijas v\u0113sturi. \u0160o d\u017einu ra\u017eo <strong data-start=\"288\" data-end=\"305\">Bruichladdich<\/strong> spirta r\u016bpn\u012bc\u0101, izmantojot tradicion\u0101lu vara katlu (lambik stil\u0101) un unik\u0101lu bot\u0101nisko sast\u0101vda\u013cu mais\u012bjumu.<\/p>\n","protected":false},"featured_media":59049,"comment_status":"open","ping_status":"closed","template":"","meta":[],"product_brand":[180],"product_cat":[117],"product_tag":[],"class_list":{"0":"post-59048","1":"product","2":"type-product","3":"status-publish","4":"has-post-thumbnail","6":"product_brand-the-botanist","7":"product_cat-dzins","8":"pa_valsts-skotija","11":"first","12":"instock","13":"shipping-taxable","14":"purchasable","15":"product-type-simple"},"_links":{"self":[{"href":"https:\/\/firsttravelretail.lv\/en\/wp-json\/wp\/v2\/product\/59048","targetHints":{"allow":["GET"]}}],"collection":[{"href":"https:\/\/firsttravelretail.lv\/en\/wp-json\/wp\/v2\/product"}],"about":[{"href":"https:\/\/firsttravelretail.lv\/en\/wp-json\/wp\/v2\/types\/product"}],"replies":[{"embeddable":true,"href":"https:\/\/firsttravelretail.lv\/en\/wp-json\/wp\/v2\/comments?post=59048"}],"wp:featuredmedia":[{"embeddable":true,"href":"https:\/\/firsttravelretail.lv\/en\/wp-json\/wp\/v2\/media\/59049"}],"wp:attachment":[{"href":"https:\/\/firsttravelretail.lv\/en\/wp-json\/wp\/v2\/media?parent=59048"}],"wp:term":[{"taxonomy":"product_brand","embeddable":true,"href":"https:\/\/firsttravelretail.lv\/en\/wp-json\/wp\/v2\/product_brand?post=59048"},{"taxonomy":"product_cat","embeddable":true,"href":"https:\/\/firsttravelretail.lv\/en\/wp-json\/wp\/v2\/product_cat?post=59048"},{"taxonomy":"product_tag","embeddable":true,"href":"https:\/\/firsttravelretail.lv\/en\/wp-json\/wp\/v2\/product_tag?post=59048"}],"curies":[{"name":"wp","href":"https:\/\/api.w.org\/{rel}","templated":true}]}}