{"id":59045,"date":"2025-04-14T21:19:37","date_gmt":"2025-04-14T19:19:37","guid":{"rendered":"https:\/\/pink-shark-215315.hostingersite.com\/?post_type=product&#038;p=59045"},"modified":"2026-04-08T11:06:17","modified_gmt":"2026-04-08T09:06:17","slug":"st-remy-vsop-40-1l","status":"publish","type":"product","link":"https:\/\/firsttravelretail.lv\/en\/produkts\/st-remy-vsop-40-1l\/","title":{"rendered":"St. Remy VSOP 40% 1L"},"content":{"rendered":"<p class=\"\" data-start=\"75\" data-end=\"360\"><strong data-start=\"75\" data-end=\"123\">St-R\u00e9my VSOP (Very Superior Old Pale) 40% 1L<\/strong> ir augstas kvalit\u0101tes fran\u010du brendijs, kas rad\u012bts, balstoties uz tradicion\u0101l\u0101m metod\u0113m un r\u016bp\u012bgi atlas\u012btiem v\u012bniem no da\u017e\u0101diem Francijas re\u0123ioniem. Tas ir nogatavin\u0101ts ozolkoka muc\u0101s, kas pie\u0161\u0137ir dz\u0113rienam izteiktu raksturu un eleganci.<\/p>\n<h3 class=\"\" data-start=\"362\" data-end=\"384\">Galven\u0101s \u012bpa\u0161\u012bbas:<\/h3>\n<ul data-start=\"385\" data-end=\"569\">\n<li class=\"\" data-start=\"385\" data-end=\"411\">\n<p class=\"\" data-start=\"387\" data-end=\"411\"><strong data-start=\"387\" data-end=\"407\">Alkohola saturs:<\/strong> 40%<\/p>\n<\/li>\n<li class=\"\" data-start=\"412\" data-end=\"436\">\n<p class=\"\" data-start=\"414\" data-end=\"436\"><strong data-start=\"414\" data-end=\"426\">Tilpums:<\/strong> 1 litrs<\/p>\n<\/li>\n<li class=\"\" data-start=\"437\" data-end=\"471\">\n<p class=\"\" data-start=\"439\" data-end=\"471\"><strong data-start=\"439\" data-end=\"460\">Izcelsmes valsts:<\/strong> Francija<\/p>\n<\/li>\n<li class=\"\" data-start=\"472\" data-end=\"569\">\n<p class=\"\" data-start=\"474\" data-end=\"569\"><strong data-start=\"474\" data-end=\"489\">Kategorija:<\/strong> VSOP \u2013 noz\u012bm\u0113, ka jaun\u0101kais brendija komponents ir nogatavin\u0101ts vismaz 4 gadus.<\/p>\n<\/li>\n<\/ul>\n<h3 class=\"\" data-start=\"571\" data-end=\"599\">Gar\u0161as un arom\u0101ta notis:<\/h3>\n<ul data-start=\"600\" data-end=\"829\">\n<li class=\"\" data-start=\"600\" data-end=\"689\">\n<p class=\"\" data-start=\"602\" data-end=\"689\"><strong data-start=\"602\" data-end=\"614\">Arom\u0101ts:<\/strong> Bag\u0101t\u012bgs un harmonisks \u2013 ar vani\u013cas, ozola, riekstu un vieglu aug\u013cu not\u012bm.<\/p>\n<\/li>\n<li class=\"\" data-start=\"690\" data-end=\"775\">\n<p class=\"\" data-start=\"692\" data-end=\"775\"><strong data-start=\"692\" data-end=\"702\">Gar\u0161a:<\/strong> Maiga un l\u012bdzsvarota, ar silt\u0101m gar\u0161vielu, \u017e\u0101v\u0113tu aug\u013cu un koka nians\u0113m.<\/p>\n<\/li>\n<li class=\"\" data-start=\"776\" data-end=\"829\">\n<p class=\"\" data-start=\"778\" data-end=\"829\"><strong data-start=\"778\" data-end=\"791\">P\u0113cgar\u0161a:<\/strong> Ilga un pat\u012bkama, ar nelielu saldumu.<\/p>\n<\/li>\n<\/ul>\n<h3 class=\"\" data-start=\"831\" data-end=\"856\">Lieto\u0161anas ieteikumi:<\/h3>\n<p class=\"\" data-start=\"857\" data-end=\"961\">St-R\u00e9my VSOP ir lieliski piem\u0113rots gan t\u012br\u0101 veid\u0101, gan ar ledu, gan ar\u012b k\u0101 sast\u0101vda\u013ca da\u017e\u0101dos koktei\u013cos.<\/p>\n<hr class=\"\" data-start=\"963\" data-end=\"966\" \/>\n","protected":false},"excerpt":{"rendered":"<p><strong data-start=\"75\" data-end=\"123\">St-R\u00e9my VSOP (Very Superior Old Pale) 40% 1L<\/strong> ir augstas kvalit\u0101tes fran\u010du brendijs, kas rad\u012bts, balstoties uz tradicion\u0101l\u0101m metod\u0113m un r\u016bp\u012bgi atlas\u012btiem v\u012bniem no da\u017e\u0101diem Francijas re\u0123ioniem. Tas ir nogatavin\u0101ts ozolkoka muc\u0101s, kas pie\u0161\u0137ir dz\u0113rienam izteiktu raksturu un eleganci.<\/p>\n","protected":false},"featured_media":59046,"comment_status":"open","ping_status":"closed","template":"","meta":[],"product_brand":[179],"product_cat":[178],"product_tag":[],"class_list":{"0":"post-59045","1":"product","2":"type-product","3":"status-publish","4":"has-post-thumbnail","6":"product_brand-st-remy","7":"product_cat-brendijs","8":"pa_valsts-francija","11":"first","12":"instock","13":"shipping-taxable","14":"purchasable","15":"product-type-simple"},"_links":{"self":[{"href":"https:\/\/firsttravelretail.lv\/en\/wp-json\/wp\/v2\/product\/59045","targetHints":{"allow":["GET"]}}],"collection":[{"href":"https:\/\/firsttravelretail.lv\/en\/wp-json\/wp\/v2\/product"}],"about":[{"href":"https:\/\/firsttravelretail.lv\/en\/wp-json\/wp\/v2\/types\/product"}],"replies":[{"embeddable":true,"href":"https:\/\/firsttravelretail.lv\/en\/wp-json\/wp\/v2\/comments?post=59045"}],"wp:featuredmedia":[{"embeddable":true,"href":"https:\/\/firsttravelretail.lv\/en\/wp-json\/wp\/v2\/media\/59046"}],"wp:attachment":[{"href":"https:\/\/firsttravelretail.lv\/en\/wp-json\/wp\/v2\/media?parent=59045"}],"wp:term":[{"taxonomy":"product_brand","embeddable":true,"href":"https:\/\/firsttravelretail.lv\/en\/wp-json\/wp\/v2\/product_brand?post=59045"},{"taxonomy":"product_cat","embeddable":true,"href":"https:\/\/firsttravelretail.lv\/en\/wp-json\/wp\/v2\/product_cat?post=59045"},{"taxonomy":"product_tag","embeddable":true,"href":"https:\/\/firsttravelretail.lv\/en\/wp-json\/wp\/v2\/product_tag?post=59045"}],"curies":[{"name":"wp","href":"https:\/\/api.w.org\/{rel}","templated":true}]}}