{"id":58891,"date":"2025-04-09T13:56:05","date_gmt":"2025-04-09T11:56:05","guid":{"rendered":"https:\/\/pink-shark-215315.hostingersite.com\/?post_type=product&#038;p=58891"},"modified":"2026-04-08T11:08:32","modified_gmt":"2026-04-08T09:08:32","slug":"octomore-15-2-57-9-0-7l-davanu-iepakojuma","status":"publish","type":"product","link":"https:\/\/firsttravelretail.lv\/en\/produkts\/octomore-15-2-57-9-0-7l-davanu-iepakojuma\/","title":{"rendered":"Octomore 15.2 57.9% 0.7L d\u0101vanu iepakojum\u0101"},"content":{"rendered":"<p class=\"\" data-start=\"119\" data-end=\"588\"><strong data-start=\"119\" data-end=\"131\">Tilpums:<\/strong> <span class=\"relative -mx-px my-[-0.2rem] rounded-sm px-px py-[0.2rem]\">0,7 L<\/span><br data-start=\"169\" data-end=\"172\" \/><strong data-start=\"172\" data-end=\"192\">Alkohola saturs:<\/strong> <span class=\"relative -mx-px my-[-0.2rem] rounded-sm px-px py-[0.2rem]\">57,9%<\/span><br data-start=\"230\" data-end=\"233\" \/><strong data-start=\"233\" data-end=\"246\">Izcelsme:<\/strong> <span class=\"relative -mx-px my-[-0.2rem] rounded-sm px-px py-[0.2rem]\">Islay, Skotija<\/span><br data-start=\"284\" data-end=\"287\" \/><strong data-start=\"287\" data-end=\"300\">Ra\u017eot\u0101js:<\/strong> <span class=\"relative -mx-px my-[-0.2rem] rounded-sm px-px py-[0.2rem]\">Bruichladdich Distillery<\/span><br data-start=\"338\" data-end=\"341\" \/><strong data-start=\"341\" data-end=\"352\">Vecums:<\/strong> <span class=\"relative -mx-px my-[-0.2rem] rounded-sm px-px py-[0.2rem]\">5 gadi<\/span><br data-start=\"390\" data-end=\"393\" \/><strong data-start=\"393\" data-end=\"412\">K\u016bdras l\u012bmenis:<\/strong> <span class=\"relative -mx-px my-[-0.2rem] rounded-sm px-px py-[0.2rem]\">108,2 ppm<\/span><br data-start=\"450\" data-end=\"453\" \/><strong data-start=\"453\" data-end=\"468\">Mucas tips:<\/strong> <span class=\"relative -mx-px my-[-0.2rem] rounded-sm px-px py-[0.2rem]\">S\u0101kotn\u0113ji nogatavin\u0101ts otrreiz pild\u012bt\u0101s v\u012bna (42%) un burbona (58%) muc\u0101s, p\u0113c tam pabeigts pirmreiz pild\u012bt\u0101s konjaka muc\u0101s<\/span> \u200b<\/p>\n<p class=\"\" data-start=\"613\" data-end=\"816\"><span class=\"relative -mx-px my-[-0.2rem] rounded-sm px-px py-[0.2rem]\"><strong data-start=\"0\" data-end=\"17\" data-is-only-node=\"\">Octomore 15.2<\/strong> ir da\u013ca no Bruichladdich destil\u0113rijas le\u0123end\u0101r\u0101s Octomore s\u0113rijas, kas paz\u012bstama ar savu \u012bpa\u0161i k\u016bdraino raksturu.<\/span> <span class=\"relative -mx-px my-[-0.2rem] rounded-sm px-px py-[0.2rem]\">\u0160is piecus gadus vecais viskijs ir destil\u0113ts 2018. gad\u0101 no 100% Skotijas Concerto \u0161\u0137irnes mie\u017eiem, kas k\u016bdrin\u0101ti l\u012bdz 108,2 ppm l\u012bmenim.<\/span> <span class=\"relative -mx-px my-[-0.2rem] rounded-sm px-px py-[0.2rem]\">Viskijs s\u0101kotn\u0113ji nogatavin\u0101ts kombin\u0101cij\u0101 no otrreiz pild\u012bt\u0101m v\u012bna un burbona muc\u0101m, p\u0113c tam pabeigts pirmreiz pild\u012bt\u0101s konjaka muc\u0101s, pie\u0161\u0137irot tam bag\u0101t\u012bgu un daudzsl\u0101\u0146ainu gar\u0161as profilu.<\/span> \u200b<\/p>\n<h3 class=\"\" data-start=\"823\" data-end=\"848\"><strong data-start=\"827\" data-end=\"848\">Arom\u0101ts un gar\u0161a:<\/strong><\/h3>\n<ul data-start=\"849\" data-end=\"1270\">\n<li class=\"\" data-start=\"849\" data-end=\"989\">\n<p class=\"\" data-start=\"851\" data-end=\"989\"><strong data-start=\"851\" data-end=\"863\">Arom\u0101ts:<\/strong> <span class=\"relative -mx-px my-[-0.2rem] rounded-sm px-px py-[0.2rem]\">Saldie citrusaug\u013ci, laima mizi\u0146a un citronu bez\u0113 p\u012br\u0101gs, kam seko grauzd\u0113ta ozola un viegli zemes k\u016bdras d\u016bmu notis. Tropisko aug\u013cu bu\u0137ete papildina viskija dz\u012bv\u012bgumu, l\u012bdzsvarojot to ar koksnes gar\u0161viel\u0101m, k\u016bpin\u0101tu medu, grauzd\u0113tu maizi un kafiju.<\/span> \u200b<\/p>\n<\/li>\n<li class=\"\" data-start=\"990\" data-end=\"1128\">\n<p class=\"\" data-start=\"992\" data-end=\"1128\"><strong data-start=\"992\" data-end=\"1002\">Gar\u0161a:<\/strong> <span class=\"relative -mx-px my-[-0.2rem] rounded-sm px-px py-[0.2rem]\">Bag\u0101t\u012bga un gluda tekst\u016bra ar vani\u013cas kr\u0113ma, karameles, tofi un melno piparu nians\u0113m. Apdedzin\u0101ta ozola, kan\u0113\u013ca un muskatrieksta notis pie\u0161\u0137ir dzi\u013cumu, savuk\u0101rt bumbieru konfektes un \u017e\u0101v\u0113ti aprikozes izce\u013cas caur Octomore rakstur\u012bgajiem k\u016bdras d\u016bmiem.<\/span><\/p>\n<\/li>\n<li class=\"\" data-start=\"1129\" data-end=\"1270\">\n<p class=\"\" data-start=\"1131\" data-end=\"1270\"><strong data-start=\"1131\" data-end=\"1144\">P\u0113cgar\u0161a:<\/strong> <span class=\"relative -mx-px my-[-0.2rem] rounded-sm px-px py-[0.2rem]\">Nep\u0101rprotama j\u016bras kl\u0101tb\u016btne ar s\u0101ls \u0161\u013cakat\u0101m, kas nos\u0113\u017eas uz auksl\u0113j\u0101m, kam\u0113r k\u016bdras d\u016bmu atbl\u0101zma ilgsto\u0161i saglab\u0101jas.<\/span> \u200b<\/p>\n<\/li>\n<\/ul>\n<h3 class=\"\" data-start=\"1277\" data-end=\"1294\"><strong data-start=\"1281\" data-end=\"1294\">\u012apa\u0161\u012bbas:<\/strong><\/h3>\n<ul data-start=\"1295\" data-end=\"1744\">\n<li class=\"\" data-start=\"1295\" data-end=\"1442\">\n<p class=\"\" data-start=\"1297\" data-end=\"1442\"><strong data-start=\"1297\" data-end=\"1316\">K\u016bdras l\u012bmenis:<\/strong> <span class=\"relative -mx-px my-[-0.2rem] rounded-sm px-px py-[0.2rem]\">108,2 ppm, nodro\u0161inot intens\u012bvu k\u016bdras d\u016bmu pieredzi.<\/span><\/p>\n<\/li>\n<li class=\"\" data-start=\"1443\" data-end=\"1590\">\n<p class=\"\" data-start=\"1445\" data-end=\"1590\"><strong data-start=\"1445\" data-end=\"1464\">Nogatavin\u0101\u0161ana:<\/strong> <span class=\"relative -mx-px my-[-0.2rem] rounded-sm px-px py-[0.2rem]\">S\u0101kotn\u0113ji otrreiz pild\u012bt\u0101s v\u012bna un burbona muc\u0101s, p\u0113c tam pabeigts pirmreiz pild\u012bt\u0101s konjaka muc\u0101s, kas pie\u0161\u0137ir viskijam unik\u0101lu un sare\u017e\u0123\u012btu gar\u0161as profilu.<\/span> \u200b<\/p>\n<\/li>\n<li class=\"\" data-start=\"1591\" data-end=\"1744\">\n<p class=\"\" data-start=\"1593\" data-end=\"1744\"><strong data-start=\"1593\" data-end=\"1618\">Ierobe\u017eots izlaidums:<\/strong> <span class=\"relative -mx-px my-[-0.2rem] rounded-sm px-px py-[0.2rem]\">\u0160is viskijs ir da\u013ca no ierobe\u017eotas s\u0113rijas, padarot to par v\u0113rt\u012bgu papildin\u0101jumu kolekcion\u0101riem un entuziastiem.<\/span> \u200b<\/p>\n<\/li>\n<\/ul>\n<h3 class=\"\" data-start=\"1751\" data-end=\"1782\"><strong data-start=\"1755\" data-end=\"1782\">Pasnieg\u0161anas ieteikumi:<\/strong><\/h3>\n<ul data-start=\"1783\" data-end=\"2089\">\n<li class=\"\" data-start=\"1783\" data-end=\"1887\">\n<p class=\"\" data-start=\"1785\" data-end=\"1887\"><strong data-start=\"1785\" data-end=\"1801\">Temperat\u016bra:<\/strong> <span class=\"relative -mx-px my-[-0.2rem] rounded-sm px-px py-[0.2rem]\">Pasniegt istabas temperat\u016br\u0101, lai piln\u012bb\u0101 izbaud\u012btu t\u0101 bag\u0101t\u012bgo arom\u0101tu un gar\u0161u.<\/span>\u200b<\/p>\n<\/li>\n<li class=\"\" data-start=\"1888\" data-end=\"1986\">\n<p class=\"\" data-start=\"1890\" data-end=\"1986\"><strong data-start=\"1890\" data-end=\"1900\">Gl\u0101ze:<\/strong> <span class=\"relative -mx-px my-[-0.2rem] rounded-sm px-px py-[0.2rem]\">Izmantot tulpes formas viskija gl\u0101zi, kas pal\u012bdz koncentr\u0113t arom\u0101tus un \u013cauj tiem att\u012bst\u012bties.<\/span>\u200b<\/p>\n<\/li>\n<li class=\"\" data-start=\"1987\" data-end=\"2089\">\n<p class=\"\" data-start=\"1989\" data-end=\"2089\"><strong data-start=\"1989\" data-end=\"2003\">Baud\u012b\u0161ana:<\/strong> <span class=\"relative -mx-px my-[-0.2rem] rounded-sm px-px py-[0.2rem]\">Ieteicams baud\u012bt t\u012br\u0101 veid\u0101 vai ar nelielu \u016bdens pievieno\u0161anu, lai atkl\u0101tu papildu gar\u0161as nianses.<\/span>\u200b<\/p>\n<\/li>\n<\/ul>\n","protected":false},"excerpt":{"rendered":"<p>Tilpums: 0,7 LAlkohola saturs: 57,9%Izcelsme: Islay, SkotijaRa\u017eot\u0101js: Bruichladdich DistilleryVecums: 5 gadiK\u016bdras l\u012bmenis: 108,2 ppmMucas tips: S\u0101kotn\u0113ji nogatavin\u0101ts otrreiz pild\u012bt\u0101s v\u012bna (42%) un burbona (58%) muc\u0101s, p\u0113c tam pabeigts pirmreiz pild\u012bt\u0101s konjaka muc\u0101s \u200b Octomore 15.2 ir da\u013ca no Bruichladdich destil\u0113rijas le\u0123end\u0101r\u0101s Octomore s\u0113rijas, kas paz\u012bstama ar savu \u012bpa\u0161i k\u016bdraino raksturu. \u0160is piecus gadus vecais viskijs [&hellip;]<\/p>\n","protected":false},"featured_media":59018,"comment_status":"open","ping_status":"closed","template":"","meta":[],"product_brand":[176],"product_cat":[151],"product_tag":[],"class_list":{"0":"post-58891","1":"product","2":"type-product","3":"status-publish","4":"has-post-thumbnail","6":"product_brand-octomore","7":"product_cat-viskijs","8":"pa_valsts-skotija","11":"first","12":"instock","13":"shipping-taxable","14":"purchasable","15":"product-type-simple"},"_links":{"self":[{"href":"https:\/\/firsttravelretail.lv\/en\/wp-json\/wp\/v2\/product\/58891","targetHints":{"allow":["GET"]}}],"collection":[{"href":"https:\/\/firsttravelretail.lv\/en\/wp-json\/wp\/v2\/product"}],"about":[{"href":"https:\/\/firsttravelretail.lv\/en\/wp-json\/wp\/v2\/types\/product"}],"replies":[{"embeddable":true,"href":"https:\/\/firsttravelretail.lv\/en\/wp-json\/wp\/v2\/comments?post=58891"}],"wp:featuredmedia":[{"embeddable":true,"href":"https:\/\/firsttravelretail.lv\/en\/wp-json\/wp\/v2\/media\/59018"}],"wp:attachment":[{"href":"https:\/\/firsttravelretail.lv\/en\/wp-json\/wp\/v2\/media?parent=58891"}],"wp:term":[{"taxonomy":"product_brand","embeddable":true,"href":"https:\/\/firsttravelretail.lv\/en\/wp-json\/wp\/v2\/product_brand?post=58891"},{"taxonomy":"product_cat","embeddable":true,"href":"https:\/\/firsttravelretail.lv\/en\/wp-json\/wp\/v2\/product_cat?post=58891"},{"taxonomy":"product_tag","embeddable":true,"href":"https:\/\/firsttravelretail.lv\/en\/wp-json\/wp\/v2\/product_tag?post=58891"}],"curies":[{"name":"wp","href":"https:\/\/api.w.org\/{rel}","templated":true}]}}