{"id":58889,"date":"2025-04-09T13:39:49","date_gmt":"2025-04-09T11:39:49","guid":{"rendered":"https:\/\/pink-shark-215315.hostingersite.com\/?post_type=product&#038;p=58889"},"modified":"2026-04-08T11:09:40","modified_gmt":"2026-04-08T09:09:40","slug":"octomore-15-1-59-1-0-7l-davanu-iepakojuma","status":"publish","type":"product","link":"https:\/\/firsttravelretail.lv\/en\/produkts\/octomore-15-1-59-1-0-7l-davanu-iepakojuma\/","title":{"rendered":"Octomore 15.1 59.1% 0.7L d\u0101vanu iepakojum\u0101"},"content":{"rendered":"<p class=\"\" data-start=\"94\" data-end=\"563\"><strong data-start=\"94\" data-end=\"106\">Tilpums:<\/strong> <span class=\"relative -mx-px my-[-0.2rem] rounded-sm px-px py-[0.2rem]\">0,7 L<\/span><br data-start=\"144\" data-end=\"147\" \/><strong data-start=\"147\" data-end=\"167\">Alkohola saturs:<\/strong> <span class=\"relative -mx-px my-[-0.2rem] rounded-sm px-px py-[0.2rem]\">59,1%<\/span><br data-start=\"205\" data-end=\"208\" \/><strong data-start=\"208\" data-end=\"221\">Izcelsme:<\/strong> <span class=\"relative -mx-px my-[-0.2rem] rounded-sm px-px py-[0.2rem]\">Islay, Skotija<\/span><br data-start=\"259\" data-end=\"262\" \/><strong data-start=\"262\" data-end=\"275\">Ra\u017eot\u0101js:<\/strong> <span class=\"relative -mx-px my-[-0.2rem] rounded-sm px-px py-[0.2rem]\">Bruichladdich Distillery<\/span><br data-start=\"313\" data-end=\"316\" \/><strong data-start=\"316\" data-end=\"335\">K\u016bdras l\u012bmenis:<\/strong> <span class=\"relative -mx-px my-[-0.2rem] rounded-sm px-px py-[0.2rem]\">108,2 ppm<\/span><br data-start=\"373\" data-end=\"376\" \/><strong data-start=\"376\" data-end=\"387\">Vecums:<\/strong> <span class=\"relative -mx-px my-[-0.2rem] rounded-sm px-px py-[0.2rem]\">5 gadi<\/span><br data-start=\"425\" data-end=\"428\" \/><strong data-start=\"428\" data-end=\"443\">Mucas tips:<\/strong> <span class=\"relative -mx-px my-[-0.2rem] rounded-sm px-px py-[0.2rem]\">Pirm\u0101 pild\u012bjuma burbona mucas un atk\u0101rtoti apdedzin\u0101tas biju\u0161\u0101s burbona mucas<\/span> \u200b<\/p>\n<p class=\"\" data-start=\"588\" data-end=\"791\"><span class=\"relative -mx-px my-[-0.2rem] rounded-sm px-px py-[0.2rem]\"><strong data-start=\"0\" data-end=\"17\" data-is-only-node=\"\">Octomore 15.1<\/strong> ir da\u013ca no Bruichladdich destil\u0113rijas le\u0123end\u0101r\u0101s Octomore s\u0113rijas, kas paz\u012bstama ar savu \u012bpa\u0161i k\u016bdraino raksturu.<\/span> <span class=\"relative -mx-px my-[-0.2rem] rounded-sm px-px py-[0.2rem]\">\u0160is piecus gadus vecais viskijs ir destil\u0113ts 2018. gad\u0101 no 2017. gada ra\u017eas 100% Skotijas Concerto \u0161\u0137irnes mie\u017eiem, kas k\u016bdrin\u0101ti l\u012bdz 108,2 ppm l\u012bmenim.<\/span> <span class=\"relative -mx-px my-[-0.2rem] rounded-sm px-px py-[0.2rem]\">Viskijs nogatavin\u0101ts kombin\u0101cij\u0101 no pirm\u0101 pild\u012bjuma burbona muc\u0101m un atk\u0101rtoti apdedzin\u0101t\u0101m biju\u0161aj\u0101m burbona muc\u0101m, kas pie\u0161\u0137ir tam bag\u0101t\u012bgu un daudzsl\u0101\u0146ainu gar\u0161as profilu.<\/span> \u200b<\/p>\n<h3 class=\"\" data-start=\"798\" data-end=\"823\"><strong data-start=\"802\" data-end=\"823\">Arom\u0101ts un gar\u0161a:<\/strong><\/h3>\n<ul data-start=\"824\" data-end=\"1365\">\n<li class=\"\" data-start=\"824\" data-end=\"1004\">\n<p class=\"\" data-start=\"826\" data-end=\"1004\"><strong data-start=\"826\" data-end=\"838\">Arom\u0101ts:<\/strong> <span class=\"relative -mx-px my-[-0.2rem] rounded-sm px-px py-[0.2rem]\">karame\u013cu un dz\u012bv\u012bgu citrusaug\u013cu notis, kas apv\u012btas ar sausu, zemes k\u016bdras d\u016bmu arom\u0101tu.<\/span> <span class=\"relative -mx-px my-[-0.2rem] rounded-sm px-px py-[0.2rem]\">P\u0113c tam seko an\u012bsa, vani\u013cas un maiga kr\u0113ma nianses, papildin\u0101tas ar tropisko aug\u013cu, \u0123er\u0101nijas un ingvera piesk\u0101rieniem.<\/span> \u200b<\/p>\n<\/li>\n<li class=\"\" data-start=\"1005\" data-end=\"1223\">\n<p class=\"\" data-start=\"1007\" data-end=\"1223\"><strong data-start=\"1007\" data-end=\"1017\">Gar\u0161a:<\/strong> <span class=\"relative -mx-px my-[-0.2rem] rounded-sm px-px py-[0.2rem]\">s\u0101kotn\u0113ji j\u016btams siltums, ko l\u012bdzsvaro salds, sauss iesals un zemes k\u016bdras d\u016bmi.<\/span> <span class=\"relative -mx-px my-[-0.2rem] rounded-sm px-px py-[0.2rem]\">Atsvaidzino\u0161a mango, ban\u0101nu un apriko\u017eu iev\u0101r\u012bjuma kombin\u0101cija izce\u013cas cauri intens\u012bvajiem k\u016bdras d\u016bmiem, harmoniski sapl\u016bstot ar vani\u013cas kr\u0113mu un tofi.<\/span> <span class=\"relative -mx-px my-[-0.2rem] rounded-sm px-px py-[0.2rem]\">Pievienojot nedaudz \u016bdens, atkl\u0101jas j\u016bras notis un silta smilts saj\u016bta.<\/span> \u200b<\/p>\n<\/li>\n<li class=\"\" data-start=\"1224\" data-end=\"1365\">\n<p class=\"\" data-start=\"1226\" data-end=\"1365\"><strong data-start=\"1226\" data-end=\"1239\">P\u0113cgar\u0161a:<\/strong> <span class=\"relative -mx-px my-[-0.2rem] rounded-sm px-px py-[0.2rem]\">k\u016bdras d\u016bmi, vani\u013ca un saldi apdedzin\u0101ts ozols nosl\u0113dz gar\u0161u ar svaigu j\u016bras krauk\u0161\u0137\u012bgumu.<\/span><\/p>\n<\/li>\n<\/ul>\n<h3 class=\"\" data-start=\"1372\" data-end=\"1389\"><strong data-start=\"1376\" data-end=\"1389\">\u012apa\u0161\u012bbas:<\/strong><\/h3>\n<ul data-start=\"1390\" data-end=\"1839\">\n<li class=\"\" data-start=\"1390\" data-end=\"1537\">\n<p class=\"\" data-start=\"1392\" data-end=\"1537\"><strong data-start=\"1392\" data-end=\"1411\">K\u016bdras l\u012bmenis:<\/strong> <span class=\"relative -mx-px my-[-0.2rem] rounded-sm px-px py-[0.2rem]\">108,2 ppm, kas nodro\u0161ina intens\u012bvu k\u016bdras d\u016bmu pieredzi.<\/span> \u200b<\/p>\n<\/li>\n<li class=\"\" data-start=\"1538\" data-end=\"1685\">\n<p class=\"\" data-start=\"1540\" data-end=\"1685\"><strong data-start=\"1540\" data-end=\"1559\">Nogatavin\u0101\u0161ana:<\/strong> <span class=\"relative -mx-px my-[-0.2rem] rounded-sm px-px py-[0.2rem]\">kombin\u0101cija no pirm\u0101 pild\u012bjuma burbona muc\u0101m un atk\u0101rtoti apdedzin\u0101t\u0101m biju\u0161aj\u0101m burbona muc\u0101m pie\u0161\u0137ir viskijam bag\u0101t\u012bgu un daudzsl\u0101\u0146ainu gar\u0161as profilu.<\/span> \u200b<\/p>\n<\/li>\n<li class=\"\" data-start=\"1686\" data-end=\"1839\">\n<p class=\"\" data-start=\"1688\" data-end=\"1839\"><strong data-start=\"1688\" data-end=\"1713\">Ierobe\u017eots izlaidums:<\/strong> <span class=\"relative -mx-px my-[-0.2rem] rounded-sm px-px py-[0.2rem]\">\u0161is viskijs ir da\u013ca no ierobe\u017eotas s\u0113rijas, padarot to par v\u0113rt\u012bgu papildin\u0101jumu kolekcion\u0101riem un entuziastiem<\/span><\/p>\n<\/li>\n<\/ul>\n<h3 class=\"\" data-start=\"1846\" data-end=\"1877\"><strong data-start=\"1850\" data-end=\"1877\">Pasnieg\u0161anas ieteikumi:<\/strong><\/h3>\n<ul data-start=\"1878\" data-end=\"2184\">\n<li class=\"\" data-start=\"1878\" data-end=\"1982\">\n<p class=\"\" data-start=\"1880\" data-end=\"1982\"><strong data-start=\"1880\" data-end=\"1896\">Temperat\u016bra:<\/strong> <span class=\"relative -mx-px my-[-0.2rem] rounded-sm px-px py-[0.2rem]\">pasniegt istabas temperat\u016br\u0101, lai piln\u012bb\u0101 izbaud\u012btu t\u0101 bag\u0101t\u012bgo arom\u0101tu un gar\u0161u.<\/span>\u200b<\/p>\n<\/li>\n<li class=\"\" data-start=\"1983\" data-end=\"2081\">\n<p class=\"\" data-start=\"1985\" data-end=\"2081\"><strong data-start=\"1985\" data-end=\"1995\">Gl\u0101ze:<\/strong> <span class=\"relative -mx-px my-[-0.2rem] rounded-sm px-px py-[0.2rem]\">izmantot tulpes formas viskija gl\u0101zi, kas pal\u012bdz koncentr\u0113t arom\u0101tus un \u013cauj tiem att\u012bst\u012bties.<\/span>\u200b<\/p>\n<\/li>\n<li class=\"\" data-start=\"2082\" data-end=\"2184\">\n<p class=\"\" data-start=\"2084\" data-end=\"2184\"><strong data-start=\"2084\" data-end=\"2098\">Baud\u012b\u0161ana:<\/strong> <span class=\"relative -mx-px my-[-0.2rem] rounded-sm px-px py-[0.2rem]\">ieteicams baud\u012bt t\u012br\u0101 veid\u0101 vai ar nelielu \u016bdens pievieno\u0161anu, lai atkl\u0101tu papildu gar\u0161as nianses.<\/span>\u200b<\/p>\n<\/li>\n<\/ul>\n<p class=\"\" data-start=\"2191\" data-end=\"2337\"><strong data-start=\"2191\" data-end=\"2208\">Octomore 15.1<\/strong> ir izcils viskijs, kas apvieno intens\u012bvu k\u016bdras d\u016bmu raksturu ar sald\u0101m un aug\u013cain\u0101m not\u012bm, radot neaizmirstamu gar\u0161as pieredzi.<\/p>\n","protected":false},"excerpt":{"rendered":"<p>Tilpums: 0,7 LAlkohola saturs: 59,1%Izcelsme: Islay, SkotijaRa\u017eot\u0101js: Bruichladdich DistilleryK\u016bdras l\u012bmenis: 108,2 ppmVecums: 5 gadiMucas tips: Pirm\u0101 pild\u012bjuma burbona mucas un atk\u0101rtoti apdedzin\u0101tas biju\u0161\u0101s burbona mucas \u200b Octomore 15.1 ir da\u013ca no Bruichladdich destil\u0113rijas le\u0123end\u0101r\u0101s Octomore s\u0113rijas, kas paz\u012bstama ar savu \u012bpa\u0161i k\u016bdraino raksturu. \u0160is piecus gadus vecais viskijs ir destil\u0113ts 2018. gad\u0101 no 2017. gada [&hellip;]<\/p>\n","protected":false},"featured_media":59020,"comment_status":"open","ping_status":"closed","template":"","meta":[],"product_brand":[176],"product_cat":[151],"product_tag":[],"class_list":{"0":"post-58889","1":"product","2":"type-product","3":"status-publish","4":"has-post-thumbnail","6":"product_brand-octomore","7":"product_cat-viskijs","8":"pa_valsts-skotija","11":"first","12":"instock","13":"shipping-taxable","14":"purchasable","15":"product-type-simple"},"_links":{"self":[{"href":"https:\/\/firsttravelretail.lv\/en\/wp-json\/wp\/v2\/product\/58889","targetHints":{"allow":["GET"]}}],"collection":[{"href":"https:\/\/firsttravelretail.lv\/en\/wp-json\/wp\/v2\/product"}],"about":[{"href":"https:\/\/firsttravelretail.lv\/en\/wp-json\/wp\/v2\/types\/product"}],"replies":[{"embeddable":true,"href":"https:\/\/firsttravelretail.lv\/en\/wp-json\/wp\/v2\/comments?post=58889"}],"wp:featuredmedia":[{"embeddable":true,"href":"https:\/\/firsttravelretail.lv\/en\/wp-json\/wp\/v2\/media\/59020"}],"wp:attachment":[{"href":"https:\/\/firsttravelretail.lv\/en\/wp-json\/wp\/v2\/media?parent=58889"}],"wp:term":[{"taxonomy":"product_brand","embeddable":true,"href":"https:\/\/firsttravelretail.lv\/en\/wp-json\/wp\/v2\/product_brand?post=58889"},{"taxonomy":"product_cat","embeddable":true,"href":"https:\/\/firsttravelretail.lv\/en\/wp-json\/wp\/v2\/product_cat?post=58889"},{"taxonomy":"product_tag","embeddable":true,"href":"https:\/\/firsttravelretail.lv\/en\/wp-json\/wp\/v2\/product_tag?post=58889"}],"curies":[{"name":"wp","href":"https:\/\/api.w.org\/{rel}","templated":true}]}}