{"id":58888,"date":"2025-04-09T13:29:57","date_gmt":"2025-04-09T11:29:57","guid":{"rendered":"https:\/\/pink-shark-215315.hostingersite.com\/?post_type=product&#038;p=58888"},"modified":"2026-04-08T11:10:39","modified_gmt":"2026-04-08T09:10:39","slug":"octomore-12-2-edition-57-3-0-7l-viskijs-ar-davanu-iepakojumu","status":"publish","type":"product","link":"https:\/\/firsttravelretail.lv\/en\/produkts\/octomore-12-2-edition-57-3-0-7l-viskijs-ar-davanu-iepakojumu\/","title":{"rendered":"Octomore 12.2 edition 57.3% 0.7L viskijs ar d\u0101vanu iepakojumu"},"content":{"rendered":"<p class=\"\" data-start=\"94\" data-end=\"423\"><strong data-start=\"94\" data-end=\"106\">Tilpums:<\/strong> <span class=\"relative -mx-px my-[-0.2rem] rounded-sm px-px py-[0.2rem]\">0,7 L<\/span><br data-start=\"144\" data-end=\"147\" \/><strong data-start=\"147\" data-end=\"167\">Alkohola saturs:<\/strong> <span class=\"relative -mx-px my-[-0.2rem] rounded-sm px-px py-[0.2rem]\">57,3%<\/span><br data-start=\"205\" data-end=\"208\" \/><strong data-start=\"208\" data-end=\"221\">Izcelsme:<\/strong> <span class=\"relative -mx-px my-[-0.2rem] rounded-sm px-px py-[0.2rem]\">Isle of Islay, Skotija<\/span><br data-start=\"259\" data-end=\"262\" \/><strong data-start=\"262\" data-end=\"275\">Ra\u017eot\u0101js:<\/strong> <span class=\"relative -mx-px my-[-0.2rem] rounded-sm px-px py-[0.2rem]\">Bruichladdich Distillery<\/span><br data-start=\"313\" data-end=\"316\" \/><strong data-start=\"316\" data-end=\"341\">Ierobe\u017eots izlaidums:<\/strong> <span class=\"relative -mx-px my-[-0.2rem] rounded-sm px-px py-[0.2rem]\">J\u0101<\/span><\/p>\n<p class=\"\" data-start=\"448\" data-end=\"645\"><span class=\"relative -mx-px my-[-0.2rem] rounded-sm px-px py-[0.2rem]\"><strong data-start=\"0\" data-end=\"17\" data-is-only-node=\"\">Octomore 12.2<\/strong> ir da\u013ca no Bruichladdich destil\u0113rijas le\u0123end\u0101r\u0101s Octomore s\u0113rijas, kas paz\u012bstama ar savu \u012bpa\u0161i k\u016bdraino raksturu.<\/span> <span class=\"relative -mx-px my-[-0.2rem] rounded-sm px-px py-[0.2rem]\">\u0160is piecus gadus vecais viskijs ir destil\u0113ts 2015. gad\u0101 no 100% Skotij\u0101 audz\u0113tas Concerto \u0161\u0137irnes mie\u017eiem, kas k\u016bdrin\u0101ti l\u012bdz 129,7 ppm l\u012bmenim.<\/span> <span class=\"relative -mx-px my-[-0.2rem] rounded-sm px-px py-[0.2rem]\">S\u0101kotn\u0113ji viskijs nogatavin\u0101ts tr\u012bs ar pusi gadus pirm\u0101 un otr\u0101 pild\u012bjuma Amerikas viskija muc\u0101s, p\u0113c tam 18 m\u0113ne\u0161us pavad\u012bjis Sauternes v\u012bna muc\u0101s, pie\u0161\u0137irot tam unik\u0101lu salduma un k\u016bdras d\u016bmu kombin\u0101ciju.<\/span><\/p>\n<h3 class=\"\" data-start=\"652\" data-end=\"677\"><strong data-start=\"656\" data-end=\"677\">Arom\u0101ts un gar\u0161a:<\/strong><\/h3>\n<ul data-start=\"678\" data-end=\"1139\">\n<li class=\"\" data-start=\"678\" data-end=\"818\">\n<p class=\"\" data-start=\"680\" data-end=\"818\"><strong data-start=\"680\" data-end=\"692\">Arom\u0101ts:<\/strong> <span class=\"relative -mx-px my-[-0.2rem] rounded-sm px-px py-[0.2rem]\">S\u0101kotn\u0113ji j\u016btamas melones, medus un k\u016bpin\u0101tu mande\u013cu notis, kam seko apels\u012bna mizi\u0146a, persiki, salda melone un citrona-medus kombin\u0101cija.<\/span> \u200b<\/p>\n<\/li>\n<li class=\"\" data-start=\"819\" data-end=\"997\">\n<p class=\"\" data-start=\"821\" data-end=\"997\"><strong data-start=\"821\" data-end=\"831\">Gar\u0161a:<\/strong> <span class=\"relative -mx-px my-[-0.2rem] rounded-sm px-px py-[0.2rem]\">Maiga un salda, ar citrona mizi\u0146as un vani\u013cas p\u0101k\u0161u dominanci, kam seko melone un apels\u012bnu ziedi.<\/span><span class=\"relative -mx-px my-[-0.2rem] rounded-sm px-px py-[0.2rem]\">Francijas ozolkoka ietekme pie\u0161\u0137ir karame\u013cu un gar\u0161vielu nianses, kas harmoniski sapl\u016bst ar k\u016bdras d\u016bmiem un mie\u017eu saldumu.<\/span> \u200b<\/p>\n<\/li>\n<li class=\"\" data-start=\"998\" data-end=\"1139\">\n<p class=\"\" data-start=\"1000\" data-end=\"1139\"><strong data-start=\"1000\" data-end=\"1013\">P\u0113cgar\u0161a:<\/strong> <span class=\"relative -mx-px my-[-0.2rem] rounded-sm px-px py-[0.2rem]\">Ilgsto\u0161a un l\u012bdzsvarota, ar aug\u013cu, medus un gar\u0161vielu not\u012bm, ko papildina bag\u0101t\u012bgas tum\u0161\u0101s \u0161okol\u0101des nianses.<\/span> \u200b<\/p>\n<\/li>\n<\/ul>\n<h3 class=\"\" data-start=\"1146\" data-end=\"1163\"><strong data-start=\"1150\" data-end=\"1163\">\u012apa\u0161\u012bbas:<\/strong><\/h3>\n<ul data-start=\"1164\" data-end=\"1573\">\n<li class=\"\" data-start=\"1164\" data-end=\"1311\">\n<p class=\"\" data-start=\"1166\" data-end=\"1311\"><strong data-start=\"1166\" data-end=\"1185\">K\u016bdras l\u012bmenis:<\/strong> <span class=\"relative -mx-px my-[-0.2rem] rounded-sm px-px py-[0.2rem]\">129,7 ppm, kas rakstur\u012bgs Octomore s\u0113rijai un nodro\u0161ina intens\u012bvu k\u016bdras d\u016bmu pieredzi.<\/span> \u200b<\/p>\n<\/li>\n<li class=\"\" data-start=\"1312\" data-end=\"1459\">\n<p class=\"\" data-start=\"1314\" data-end=\"1459\"><strong data-start=\"1314\" data-end=\"1333\">Nogatavin\u0101\u0161ana:<\/strong> <span class=\"relative -mx-px my-[-0.2rem] rounded-sm px-px py-[0.2rem]\">Kombin\u0101cija no Amerikas viskija muc\u0101m un Sauternes v\u012bna muc\u0101m pie\u0161\u0137ir viskijam unik\u0101lu salduma un k\u016bdras d\u016bmu l\u012bdzsvaru.<\/span> \u200b<\/p>\n<\/li>\n<li class=\"\" data-start=\"1460\" data-end=\"1573\">\n<p class=\"\" data-start=\"1462\" data-end=\"1573\"><strong data-start=\"1462\" data-end=\"1487\">Ierobe\u017eots izlaidums:<\/strong> <span class=\"relative -mx-px my-[-0.2rem] rounded-sm px-px py-[0.2rem]\">\u0160is viskijs ir da\u013ca no ierobe\u017eotas s\u0113rijas, padarot to par v\u0113rt\u012bgu papildin\u0101jumu kolekcion\u0101riem un entuziastiem.<\/span>\u200b<\/p>\n<\/li>\n<\/ul>\n<h3 class=\"\" data-start=\"1580\" data-end=\"1611\"><strong data-start=\"1584\" data-end=\"1611\">Pasnieg\u0161anas ieteikumi:<\/strong><\/h3>\n<ul data-start=\"1612\" data-end=\"1918\">\n<li class=\"\" data-start=\"1612\" data-end=\"1716\">\n<p class=\"\" data-start=\"1614\" data-end=\"1716\"><strong data-start=\"1614\" data-end=\"1630\">Temperat\u016bra:<\/strong> <span class=\"relative -mx-px my-[-0.2rem] rounded-sm px-px py-[0.2rem]\">Pasniegt istabas temperat\u016br\u0101, lai piln\u012bb\u0101 izbaud\u012btu t\u0101 bag\u0101t\u012bgo arom\u0101tu un gar\u0161u.<\/span>\u200b<\/p>\n<\/li>\n<li class=\"\" data-start=\"1717\" data-end=\"1815\">\n<p class=\"\" data-start=\"1719\" data-end=\"1815\"><strong data-start=\"1719\" data-end=\"1729\">Gl\u0101ze:<\/strong> <span class=\"relative -mx-px my-[-0.2rem] rounded-sm px-px py-[0.2rem]\">Izmantot tulpes formas viskija gl\u0101zi, kas pal\u012bdz koncentr\u0113t arom\u0101tus un \u013cauj tiem att\u012bst\u012bties.<\/span>\u200b<\/p>\n<\/li>\n<li class=\"\" data-start=\"1816\" data-end=\"1918\">\n<p class=\"\" data-start=\"1818\" data-end=\"1918\"><strong data-start=\"1818\" data-end=\"1832\">Baud\u012b\u0161ana:<\/strong> <span class=\"relative -mx-px my-[-0.2rem] rounded-sm px-px py-[0.2rem]\">Piem\u0113rots baud\u012b\u0161anai t\u012br\u0101 veid\u0101 vai ar nelielu \u016bdens pievieno\u0161anu, lai atkl\u0101tu papildu gar\u0161as nianses.<\/span>\u200b<\/p>\n<\/li>\n<\/ul>\n<p class=\"\" data-start=\"1925\" data-end=\"2071\"><strong data-start=\"1925\" data-end=\"1942\">Octomore 12.2<\/strong> ir izcils viskijs, kas apvieno intens\u012bvu k\u016bdras d\u016bmu raksturu ar sald\u0101m un aug\u013cain\u0101m not\u012bm, radot neaizmirstamu gar\u0161as pieredzi.<\/p>\n","protected":false},"excerpt":{"rendered":"<p>Tilpums: 0,7 LAlkohola saturs: 57,3%Izcelsme: Isle of Islay, SkotijaRa\u017eot\u0101js: Bruichladdich DistilleryIerobe\u017eots izlaidums: J\u0101 Octomore 12.2 ir da\u013ca no Bruichladdich destil\u0113rijas le\u0123end\u0101r\u0101s Octomore s\u0113rijas, kas paz\u012bstama ar savu \u012bpa\u0161i k\u016bdraino raksturu. \u0160is piecus gadus vecais viskijs ir destil\u0113ts 2015. gad\u0101 no 100% Skotij\u0101 audz\u0113tas Concerto \u0161\u0137irnes mie\u017eiem, kas k\u016bdrin\u0101ti l\u012bdz 129,7 ppm l\u012bmenim. S\u0101kotn\u0113ji viskijs nogatavin\u0101ts [&hellip;]<\/p>\n","protected":false},"featured_media":59022,"comment_status":"open","ping_status":"closed","template":"","meta":[],"product_brand":[176],"product_cat":[151],"product_tag":[],"class_list":{"0":"post-58888","1":"product","2":"type-product","3":"status-publish","4":"has-post-thumbnail","6":"product_brand-octomore","7":"product_cat-viskijs","8":"pa_valsts-skotija","11":"first","12":"instock","13":"shipping-taxable","14":"purchasable","15":"product-type-simple"},"_links":{"self":[{"href":"https:\/\/firsttravelretail.lv\/en\/wp-json\/wp\/v2\/product\/58888","targetHints":{"allow":["GET"]}}],"collection":[{"href":"https:\/\/firsttravelretail.lv\/en\/wp-json\/wp\/v2\/product"}],"about":[{"href":"https:\/\/firsttravelretail.lv\/en\/wp-json\/wp\/v2\/types\/product"}],"replies":[{"embeddable":true,"href":"https:\/\/firsttravelretail.lv\/en\/wp-json\/wp\/v2\/comments?post=58888"}],"wp:featuredmedia":[{"embeddable":true,"href":"https:\/\/firsttravelretail.lv\/en\/wp-json\/wp\/v2\/media\/59022"}],"wp:attachment":[{"href":"https:\/\/firsttravelretail.lv\/en\/wp-json\/wp\/v2\/media?parent=58888"}],"wp:term":[{"taxonomy":"product_brand","embeddable":true,"href":"https:\/\/firsttravelretail.lv\/en\/wp-json\/wp\/v2\/product_brand?post=58888"},{"taxonomy":"product_cat","embeddable":true,"href":"https:\/\/firsttravelretail.lv\/en\/wp-json\/wp\/v2\/product_cat?post=58888"},{"taxonomy":"product_tag","embeddable":true,"href":"https:\/\/firsttravelretail.lv\/en\/wp-json\/wp\/v2\/product_tag?post=58888"}],"curies":[{"name":"wp","href":"https:\/\/api.w.org\/{rel}","templated":true}]}}