{"id":58887,"date":"2025-04-09T13:03:50","date_gmt":"2025-04-09T11:03:50","guid":{"rendered":"https:\/\/pink-shark-215315.hostingersite.com\/?post_type=product&#038;p=58887"},"modified":"2026-04-08T11:11:16","modified_gmt":"2026-04-08T09:11:16","slug":"maxime-trijol-elegance-golf-edition-konjaks","status":"publish","type":"product","link":"https:\/\/firsttravelretail.lv\/en\/produkts\/maxime-trijol-elegance-golf-edition-konjaks\/","title":{"rendered":"Maxime Trijol Elegance Golf Edition konjaks"},"content":{"rendered":"<p class=\"\" data-start=\"138\" data-end=\"456\"><strong data-start=\"138\" data-end=\"150\">Tilpums:<\/strong> <span class=\"relative -mx-px my-[-0.2rem] rounded-sm px-px py-[0.2rem]\">0,2 L<\/span><br data-start=\"188\" data-end=\"191\" \/><strong data-start=\"191\" data-end=\"211\">Alkohola saturs:<\/strong> <span class=\"relative -mx-px my-[-0.2rem] rounded-sm px-px py-[0.2rem]\">40%<\/span><br data-start=\"249\" data-end=\"252\" \/><strong data-start=\"252\" data-end=\"267\">Kategorija:<\/strong> <span class=\"relative -mx-px my-[-0.2rem] rounded-sm px-px py-[0.2rem]\">Konjaks<\/span><br data-start=\"305\" data-end=\"308\" \/><strong data-start=\"308\" data-end=\"320\">Re\u0123ions:<\/strong> <span class=\"relative -mx-px my-[-0.2rem] rounded-sm px-px py-[0.2rem]\">Grande Champagne, Konjaka re\u0123ions, Francija<\/span><br data-start=\"358\" data-end=\"361\" \/><strong data-start=\"361\" data-end=\"374\">Ra\u017eot\u0101js:<\/strong> <span class=\"relative -mx-px my-[-0.2rem] rounded-sm px-px py-[0.2rem]\">Maxime Trijol<\/span>\u200b<\/p>\n<p class=\"\" data-start=\"481\" data-end=\"638\"><span class=\"relative -mx-px my-[-0.2rem] rounded-sm px-px py-[0.2rem]\"><strong data-start=\"0\" data-end=\"39\" data-is-only-node=\"\">Maxime Trijol Elegance Golf Edition<\/strong> ir \u012bpa\u0161s konjaks, kas izstr\u0101d\u0101ts, lai godin\u0101tu golfa sp\u0113les eleganci un trad\u012bcijas.<\/span> <span class=\"relative -mx-px my-[-0.2rem] rounded-sm px-px py-[0.2rem]\">\u0160is izdevums pied\u0101v\u0101 izsmalcin\u0101tu gar\u0161as un arom\u0101ta kombin\u0101ciju, kas rakstur\u012bga <strong data-start=\"80\" data-end=\"100\">Grande Champagne<\/strong> re\u0123iona konjakiem.<\/span><span class=\"relative -mx-px my-[-0.2rem] rounded-sm px-px py-[0.2rem]\">Ierobe\u017eot\u0101 izlaiduma d\u0113\u013c tas ir \u012bpa\u0161i pievilc\u012bgs kolekcion\u0101riem un golfa entuziastiem.<\/span>\u200b<\/p>\n<h3 class=\"\" data-start=\"645\" data-end=\"670\"><strong data-start=\"649\" data-end=\"670\">Arom\u0101ts un gar\u0161a:<\/strong><\/h3>\n<ul data-start=\"671\" data-end=\"1052\">\n<li class=\"\" data-start=\"671\" data-end=\"811\">\n<p class=\"\" data-start=\"673\" data-end=\"811\"><strong data-start=\"673\" data-end=\"685\">Arom\u0101ts:<\/strong> <span class=\"relative -mx-px my-[-0.2rem] rounded-sm px-px py-[0.2rem]\">ziedu un aug\u013cu bu\u0137ete ar smalk\u0101m ozolkoka gar\u0161vielu nians\u0113m.<\/span> \u200b<\/p>\n<\/li>\n<li class=\"\" data-start=\"812\" data-end=\"950\">\n<p class=\"\" data-start=\"814\" data-end=\"950\"><strong data-start=\"814\" data-end=\"824\">Gar\u0161a:<\/strong> <span class=\"relative -mx-px my-[-0.2rem] rounded-sm px-px py-[0.2rem]\">l\u012bdzsvarota un harmoniska, ar izteiktu aug\u013cu un ziedu not\u012bm, kas papildin\u0101tas ar vieglu ozolkoka piesk\u0101rienu.<\/span> \u200b<\/p>\n<\/li>\n<li class=\"\" data-start=\"951\" data-end=\"1052\">\n<p class=\"\" data-start=\"953\" data-end=\"1052\"><strong data-start=\"953\" data-end=\"966\">P\u0113cgar\u0161a:<\/strong> <span class=\"relative -mx-px my-[-0.2rem] rounded-sm px-px py-[0.2rem]\">ilgsto\u0161a un eleganta, atst\u0101jot pat\u012bkamu siltumu un maigumu.<\/span>\u200b<\/p>\n<\/li>\n<\/ul>\n<h3 class=\"\" data-start=\"1059\" data-end=\"1076\"><strong data-start=\"1063\" data-end=\"1076\">\u012apa\u0161\u012bbas:<\/strong><\/h3>\n<ul data-start=\"1077\" data-end=\"1428\">\n<li class=\"\" data-start=\"1077\" data-end=\"1189\">\n<p class=\"\" data-start=\"1079\" data-end=\"1189\"><strong data-start=\"1079\" data-end=\"1103\">Ekskluz\u012bvs izdevums:<\/strong> <span class=\"relative -mx-px my-[-0.2rem] rounded-sm px-px py-[0.2rem]\">Golf Edition ir \u012bpa\u0161i izstr\u0101d\u0101ts golfa cien\u012bt\u0101jiem, pied\u0101v\u0101jot unik\u0101lu dizainu un prezent\u0101ciju.<\/span>\u200b<\/p>\n<\/li>\n<li class=\"\" data-start=\"1190\" data-end=\"1316\">\n<p class=\"\" data-start=\"1192\" data-end=\"1316\"><strong data-start=\"1192\" data-end=\"1230\">Grande Champagne re\u0123iona raksturs:<\/strong> <span class=\"relative -mx-px my-[-0.2rem] rounded-sm px-px py-[0.2rem]\">\u0161is apgabals ir paz\u012bstams ar augst\u0101k\u0101s kvalit\u0101tes konjakiem, kas izce\u013cas ar izsmalcin\u0101tu gar\u0161as profilu.<\/span>\u200b<\/p>\n<\/li>\n<li class=\"\" data-start=\"1317\" data-end=\"1428\">\n<p class=\"\" data-start=\"1319\" data-end=\"1428\"><strong data-start=\"1319\" data-end=\"1342\">Ierobe\u017eots tilpums:<\/strong> <span class=\"relative -mx-px my-[-0.2rem] rounded-sm px-px py-[0.2rem]\">0,2 L pudele ir ide\u0101li piem\u0113rota d\u0101vanai vai person\u012bgai kolekcijai.<\/span>\u200b<\/p>\n<\/li>\n<\/ul>\n<h3 class=\"\" data-start=\"1435\" data-end=\"1462\"><strong data-start=\"1439\" data-end=\"1462\">Lieliski piem\u0113rots:<\/strong><\/h3>\n<ul data-start=\"1463\" data-end=\"1794\">\n<li class=\"\" data-start=\"1463\" data-end=\"1574\">\n<p class=\"\" data-start=\"1465\" data-end=\"1574\"><strong data-start=\"1465\" data-end=\"1488\">Golfa entuziastiem:<\/strong> <span class=\"relative -mx-px my-[-0.2rem] rounded-sm px-px py-[0.2rem]\">\u012bpa\u0161ais izdevums ir lieliska d\u0101vana golfa sp\u0113l\u0113t\u0101jiem un faniem.<\/span>\u200b<\/p>\n<\/li>\n<li class=\"\" data-start=\"1575\" data-end=\"1682\">\n<p class=\"\" data-start=\"1577\" data-end=\"1682\"><strong data-start=\"1577\" data-end=\"1596\">Kolekcion\u0101riem:<\/strong> <span class=\"relative -mx-px my-[-0.2rem] rounded-sm px-px py-[0.2rem]\">ierobe\u017eot\u0101 izlaiduma d\u0113\u013c \u0161is konjaks ir v\u0113rt\u012bgs papildin\u0101jums jebkurai kolekcijai.<\/span>\u200b<\/p>\n<\/li>\n<li class=\"\" data-start=\"1683\" data-end=\"1794\">\n<p class=\"\" data-start=\"1685\" data-end=\"1794\"><strong data-start=\"1685\" data-end=\"1708\">\u012apa\u0161iem notikumiem:<\/strong> <span class=\"relative -mx-px my-[-0.2rem] rounded-sm px-px py-[0.2rem]\">elegantais dizains un izsmalcin\u0101t\u0101 gar\u0161a padara to par lielisku izv\u0113li svin\u012bb\u0101m un \u012bpa\u0161iem mirk\u013ciem.<\/span>\u200b<\/p>\n<\/li>\n<\/ul>\n<h3 class=\"\" data-start=\"1801\" data-end=\"1832\"><strong data-start=\"1805\" data-end=\"1832\">Pasnieg\u0161anas ieteikumi:<\/strong><\/h3>\n<ul data-start=\"1833\" data-end=\"2139\">\n<li class=\"\" data-start=\"1833\" data-end=\"1937\">\n<p class=\"\" data-start=\"1835\" data-end=\"1937\"><strong data-start=\"1835\" data-end=\"1851\">Temperat\u016bra:<\/strong> <span class=\"relative -mx-px my-[-0.2rem] rounded-sm px-px py-[0.2rem]\">pasniegt istabas temperat\u016br\u0101, lai piln\u012bb\u0101 izbaud\u012btu t\u0101 arom\u0101tu un gar\u0161u.<\/span>\u200b<\/p>\n<\/li>\n<li class=\"\" data-start=\"1938\" data-end=\"2036\">\n<p class=\"\" data-start=\"1940\" data-end=\"2036\"><strong data-start=\"1940\" data-end=\"1950\">Gl\u0101ze:<\/strong> <span class=\"relative -mx-px my-[-0.2rem] rounded-sm px-px py-[0.2rem]\">izmantot tulpes formas konjaka gl\u0101zi, kas koncentr\u0113 arom\u0101tus un \u013cauj tiem att\u012bst\u012bties.<\/span>\u200b<\/p>\n<\/li>\n<li class=\"\" data-start=\"2037\" data-end=\"2139\">\n<p class=\"\" data-start=\"2039\" data-end=\"2139\"><strong data-start=\"2039\" data-end=\"2053\">Baud\u012b\u0161ana:<\/strong> <span class=\"relative -mx-px my-[-0.2rem] rounded-sm px-px py-[0.2rem]\">ieteicams baud\u012bt t\u012br\u0101 veid\u0101, lai nov\u0113rt\u0113tu visas gar\u0161as nianses, vai izmantot k\u0101 b\u0101zi augstas kvalit\u0101tes koktei\u013ciem.<\/span>\u200b<\/p>\n<\/li>\n<\/ul>\n<p class=\"\" data-start=\"2146\" data-end=\"2356\"><strong data-start=\"2146\" data-end=\"2185\">Maxime Trijol Elegance Golf Edition<\/strong> ir izcils konjaks, kas apvieno Grande Champagne re\u0123iona trad\u012bcijas un golfa sp\u0113les eleganci, pied\u0101v\u0101jot neaizmirstamu baud\u012bjumu konjaka cien\u012bt\u0101jiem un golfa entuziastiem.<\/p>\n","protected":false},"excerpt":{"rendered":"<p>Tilpums: 0,2 LAlkohola saturs: 40%Kategorija: KonjaksRe\u0123ions: Grande Champagne, Konjaka re\u0123ions, FrancijaRa\u017eot\u0101js: Maxime Trijol\u200b Maxime Trijol Elegance Golf Edition ir \u012bpa\u0161s konjaks, kas izstr\u0101d\u0101ts, lai godin\u0101tu golfa sp\u0113les eleganci un trad\u012bcijas. \u0160is izdevums pied\u0101v\u0101 izsmalcin\u0101tu gar\u0161as un arom\u0101ta kombin\u0101ciju, kas rakstur\u012bga Grande Champagne re\u0123iona konjakiem.Ierobe\u017eot\u0101 izlaiduma d\u0113\u013c tas ir \u012bpa\u0161i pievilc\u012bgs kolekcion\u0101riem un golfa entuziastiem.\u200b Arom\u0101ts [&hellip;]<\/p>\n","protected":false},"featured_media":59128,"comment_status":"open","ping_status":"closed","template":"","meta":[],"product_brand":[174],"product_cat":[173],"product_tag":[],"class_list":{"0":"post-58887","1":"product","2":"type-product","3":"status-publish","4":"has-post-thumbnail","6":"product_brand-maxime-trijol","7":"product_cat-konjaks","8":"pa_valsts-francija","11":"first","12":"instock","13":"shipping-taxable","14":"purchasable","15":"product-type-simple"},"_links":{"self":[{"href":"https:\/\/firsttravelretail.lv\/en\/wp-json\/wp\/v2\/product\/58887","targetHints":{"allow":["GET"]}}],"collection":[{"href":"https:\/\/firsttravelretail.lv\/en\/wp-json\/wp\/v2\/product"}],"about":[{"href":"https:\/\/firsttravelretail.lv\/en\/wp-json\/wp\/v2\/types\/product"}],"replies":[{"embeddable":true,"href":"https:\/\/firsttravelretail.lv\/en\/wp-json\/wp\/v2\/comments?post=58887"}],"wp:featuredmedia":[{"embeddable":true,"href":"https:\/\/firsttravelretail.lv\/en\/wp-json\/wp\/v2\/media\/59128"}],"wp:attachment":[{"href":"https:\/\/firsttravelretail.lv\/en\/wp-json\/wp\/v2\/media?parent=58887"}],"wp:term":[{"taxonomy":"product_brand","embeddable":true,"href":"https:\/\/firsttravelretail.lv\/en\/wp-json\/wp\/v2\/product_brand?post=58887"},{"taxonomy":"product_cat","embeddable":true,"href":"https:\/\/firsttravelretail.lv\/en\/wp-json\/wp\/v2\/product_cat?post=58887"},{"taxonomy":"product_tag","embeddable":true,"href":"https:\/\/firsttravelretail.lv\/en\/wp-json\/wp\/v2\/product_tag?post=58887"}],"curies":[{"name":"wp","href":"https:\/\/api.w.org\/{rel}","templated":true}]}}