{"id":58886,"date":"2025-04-09T12:55:28","date_gmt":"2025-04-09T10:55:28","guid":{"rendered":"https:\/\/pink-shark-215315.hostingersite.com\/?post_type=product&#038;p=58886"},"modified":"2026-04-08T11:12:22","modified_gmt":"2026-04-08T09:12:22","slug":"maxime-trijol-vsop-konjaks-davanu-iepakojuma","status":"publish","type":"product","link":"https:\/\/firsttravelretail.lv\/en\/produkts\/maxime-trijol-vsop-konjaks-davanu-iepakojuma\/","title":{"rendered":"Maxime Trijol VSOP konjaks d\u0101vanu iepakojum\u0101"},"content":{"rendered":"<p class=\"\" data-start=\"111\" data-end=\"283\"><strong data-start=\"111\" data-end=\"123\">Tilpums:<\/strong> 0,7 L<br data-start=\"129\" data-end=\"132\" \/><strong data-start=\"132\" data-end=\"152\">Alkohola saturs:<\/strong> 40%<br data-start=\"156\" data-end=\"159\" \/><strong data-start=\"159\" data-end=\"174\">Kategorija:<\/strong> VSOP (Very Superior Old Pale) konjaks<br data-start=\"212\" data-end=\"215\" \/><strong data-start=\"215\" data-end=\"227\">Re\u0123ions:<\/strong> Konjaka re\u0123ions, Francija<br data-start=\"253\" data-end=\"256\" \/><strong data-start=\"256\" data-end=\"269\">Ra\u017eot\u0101js:<\/strong> Maxime Trijol<\/p>\n<p class=\"\" data-start=\"308\" data-end=\"573\"><strong data-start=\"308\" data-end=\"330\">Maxime Trijol VSOP<\/strong> ir augstas kvalit\u0101tes konjaks, kas apvieno vid\u0113ji vecus un vec\u0101kus konjakus, destil\u0113tus un nogatavin\u0101tus Maxime Trijol pagrabos. \u0160is konjaks izce\u013cas ar harmonisku un l\u012bdzsvarotu gar\u0161as profilu, kas atspogu\u013co ra\u017eot\u0101ja meistar\u012bbu un trad\u012bcijas.<\/p>\n<h3 class=\"\" data-start=\"580\" data-end=\"605\"><strong data-start=\"584\" data-end=\"605\">Arom\u0101ts un gar\u0161a:<\/strong><\/h3>\n<ul data-start=\"606\" data-end=\"1009\">\n<li class=\"\" data-start=\"606\" data-end=\"740\">\n<p class=\"\" data-start=\"608\" data-end=\"740\"><strong data-start=\"608\" data-end=\"620\">Arom\u0101ts:<\/strong> <span class=\"relative -mx-px my-[-0.2rem] rounded-sm px-px py-[0.2rem]\">izteikts aug\u013cu un ziedu arom\u0101ts ar vani\u013cas not\u012bm.<\/span><\/p>\n<\/li>\n<li class=\"\" data-start=\"741\" data-end=\"873\">\n<p class=\"\" data-start=\"743\" data-end=\"873\"><strong data-start=\"743\" data-end=\"753\">Gar\u0161a:<\/strong> <span class=\"relative -mx-px my-[-0.2rem] rounded-sm px-px py-[0.2rem]\">salds un maigs, ar \u017e\u0101v\u0113tu aug\u013cu nians\u0113m un vieglu ozolkoka piesk\u0101rienu.<\/span><\/p>\n<\/li>\n<li class=\"\" data-start=\"874\" data-end=\"1009\">\n<p class=\"\" data-start=\"876\" data-end=\"1009\"><strong data-start=\"876\" data-end=\"889\">P\u0113cgar\u0161a:<\/strong> <span class=\"relative -mx-px my-[-0.2rem] rounded-sm px-px py-[0.2rem]\">ilga un notur\u012bga, ar medus un piparu not\u012bm.<\/span><\/p>\n<\/li>\n<\/ul>\n<h3 class=\"\" data-start=\"1016\" data-end=\"1033\"><strong data-start=\"1020\" data-end=\"1033\">\u012apa\u0161\u012bbas:<\/strong><\/h3>\n<ul data-start=\"1034\" data-end=\"1342\">\n<li class=\"\" data-start=\"1034\" data-end=\"1187\">\n<p class=\"\" data-start=\"1036\" data-end=\"1187\"><strong data-start=\"1036\" data-end=\"1063\">Harmoniska kombin\u0101cija:<\/strong> <span class=\"relative -mx-px my-[-0.2rem] rounded-sm px-px py-[0.2rem]\">vid\u0113ji vecu un vec\u0101ku konjaku mais\u012bjums, kas nodro\u0161ina bag\u0101t\u012bgu un daudzsl\u0101\u0146ainu gar\u0161as pieredzi.<\/span> \u200b<\/p>\n<\/li>\n<li class=\"\" data-start=\"1188\" data-end=\"1342\">\n<p class=\"\" data-start=\"1190\" data-end=\"1342\"><strong data-start=\"1190\" data-end=\"1216\">Tradicion\u0101la ra\u017eo\u0161ana:<\/strong> <span class=\"relative -mx-px my-[-0.2rem] rounded-sm px-px py-[0.2rem]\">destil\u0113ts un nogatavin\u0101ts Maxime Trijol pagrabos, iev\u0113rojot vair\u0101k nek\u0101 150 gadu ilgas \u0123imenes trad\u012bcijas.<\/span> \u200b<\/p>\n<\/li>\n<\/ul>\n<h3 class=\"\" data-start=\"1349\" data-end=\"1376\"><strong data-start=\"1353\" data-end=\"1376\">Lieliski piem\u0113rots:<\/strong><\/h3>\n<ul data-start=\"1377\" data-end=\"1696\">\n<li class=\"\" data-start=\"1377\" data-end=\"1491\">\n<p class=\"\" data-start=\"1379\" data-end=\"1491\"><strong data-start=\"1379\" data-end=\"1405\">Baud\u012b\u0161anai t\u012br\u0101 veid\u0101:<\/strong> <span class=\"relative -mx-px my-[-0.2rem] rounded-sm px-px py-[0.2rem]\">lai piln\u012bb\u0101 izjustu t\u0101 bag\u0101t\u012bgo gar\u0161as un arom\u0101ta bu\u0137eti.<\/span>\u200b<\/p>\n<\/li>\n<li class=\"\" data-start=\"1492\" data-end=\"1595\">\n<p class=\"\" data-start=\"1494\" data-end=\"1595\"><strong data-start=\"1494\" data-end=\"1509\">Koktei\u013ciem:<\/strong> <span class=\"relative -mx-px my-[-0.2rem] rounded-sm px-px py-[0.2rem]\">pateicoties t\u0101 daudzpus\u012bbai, lieliski iederas da\u017e\u0101dos koktei\u013cos.<\/span>\u200b<\/p>\n<\/li>\n<li class=\"\" data-start=\"1596\" data-end=\"1696\">\n<p class=\"\" data-start=\"1598\" data-end=\"1696\"><strong data-start=\"1598\" data-end=\"1610\">D\u0101vanai:<\/strong> <span class=\"relative -mx-px my-[-0.2rem] rounded-sm px-px py-[0.2rem]\">elegants iepakojums padara to par lielisku d\u0101vanu konjaka cien\u012bt\u0101jiem.<\/span>\u200b<\/p>\n<\/li>\n<\/ul>\n<h3 class=\"\" data-start=\"1703\" data-end=\"1734\"><strong data-start=\"1707\" data-end=\"1734\">Pasnieg\u0161anas ieteikumi:<\/strong><\/h3>\n<ul data-start=\"1735\" data-end=\"2041\">\n<li class=\"\" data-start=\"1735\" data-end=\"1839\">\n<p class=\"\" data-start=\"1737\" data-end=\"1839\"><strong data-start=\"1737\" data-end=\"1753\">Temperat\u016bra:<\/strong> <span class=\"relative -mx-px my-[-0.2rem] rounded-sm px-px py-[0.2rem]\">pasniegt istabas temperat\u016br\u0101, lai piln\u012bb\u0101 izbaud\u012btu t\u0101 arom\u0101tu un gar\u0161u.<\/span>\u200b<\/p>\n<\/li>\n<li class=\"\" data-start=\"1840\" data-end=\"1938\">\n<p class=\"\" data-start=\"1842\" data-end=\"1938\"><strong data-start=\"1842\" data-end=\"1852\">Gl\u0101ze:<\/strong> <span class=\"relative -mx-px my-[-0.2rem] rounded-sm px-px py-[0.2rem]\">izmantot tulpes formas konjaka gl\u0101zi, kas koncentr\u0113 arom\u0101tus un \u013cauj tiem att\u012bst\u012bties.<\/span>\u200b<\/p>\n<\/li>\n<li class=\"\" data-start=\"1939\" data-end=\"2041\">\n<p class=\"\" data-start=\"1941\" data-end=\"2041\"><strong data-start=\"1941\" data-end=\"1955\">Baud\u012b\u0161ana:<\/strong> <span class=\"relative -mx-px my-[-0.2rem] rounded-sm px-px py-[0.2rem]\">ieteicams baud\u012bt t\u012br\u0101 veid\u0101 vai izmantot k\u0101 b\u0101zi augstas kvalit\u0101tes koktei\u013ciem.<\/span>\u200b<\/p>\n<\/li>\n<\/ul>\n<p class=\"\" data-start=\"2048\" data-end=\"2208\"><strong data-start=\"2048\" data-end=\"2070\">Maxime Trijol VSOP<\/strong> ir izcils konjaks, kas apvieno trad\u012bcijas un meistar\u012bbu, pied\u0101v\u0101jot bag\u0101t\u012bgu un harmonisku gar\u0161as pieredzi gan t\u012br\u0101 veid\u0101, gan koktei\u013cos.<\/p>\n","protected":false},"excerpt":{"rendered":"<p>Tilpums: 0,7 LAlkohola saturs: 40%Kategorija: VSOP (Very Superior Old Pale) konjaksRe\u0123ions: Konjaka re\u0123ions, FrancijaRa\u017eot\u0101js: Maxime Trijol Maxime Trijol VSOP ir augstas kvalit\u0101tes konjaks, kas apvieno vid\u0113ji vecus un vec\u0101kus konjakus, destil\u0113tus un nogatavin\u0101tus Maxime Trijol pagrabos. \u0160is konjaks izce\u013cas ar harmonisku un l\u012bdzsvarotu gar\u0161as profilu, kas atspogu\u013co ra\u017eot\u0101ja meistar\u012bbu un trad\u012bcijas. Arom\u0101ts un gar\u0161a: Arom\u0101ts: [&hellip;]<\/p>\n","protected":false},"featured_media":59130,"comment_status":"open","ping_status":"closed","template":"","meta":[],"product_brand":[174],"product_cat":[173],"product_tag":[],"class_list":{"0":"post-58886","1":"product","2":"type-product","3":"status-publish","4":"has-post-thumbnail","6":"product_brand-maxime-trijol","7":"product_cat-konjaks","8":"pa_valsts-francija","11":"first","12":"instock","13":"shipping-taxable","14":"purchasable","15":"product-type-simple"},"_links":{"self":[{"href":"https:\/\/firsttravelretail.lv\/en\/wp-json\/wp\/v2\/product\/58886","targetHints":{"allow":["GET"]}}],"collection":[{"href":"https:\/\/firsttravelretail.lv\/en\/wp-json\/wp\/v2\/product"}],"about":[{"href":"https:\/\/firsttravelretail.lv\/en\/wp-json\/wp\/v2\/types\/product"}],"replies":[{"embeddable":true,"href":"https:\/\/firsttravelretail.lv\/en\/wp-json\/wp\/v2\/comments?post=58886"}],"wp:featuredmedia":[{"embeddable":true,"href":"https:\/\/firsttravelretail.lv\/en\/wp-json\/wp\/v2\/media\/59130"}],"wp:attachment":[{"href":"https:\/\/firsttravelretail.lv\/en\/wp-json\/wp\/v2\/media?parent=58886"}],"wp:term":[{"taxonomy":"product_brand","embeddable":true,"href":"https:\/\/firsttravelretail.lv\/en\/wp-json\/wp\/v2\/product_brand?post=58886"},{"taxonomy":"product_cat","embeddable":true,"href":"https:\/\/firsttravelretail.lv\/en\/wp-json\/wp\/v2\/product_cat?post=58886"},{"taxonomy":"product_tag","embeddable":true,"href":"https:\/\/firsttravelretail.lv\/en\/wp-json\/wp\/v2\/product_tag?post=58886"}],"curies":[{"name":"wp","href":"https:\/\/api.w.org\/{rel}","templated":true}]}}