{"id":58884,"date":"2025-04-09T12:26:21","date_gmt":"2025-04-09T10:26:21","guid":{"rendered":"https:\/\/pink-shark-215315.hostingersite.com\/?post_type=product&#038;p=58884"},"modified":"2026-04-08T11:13:48","modified_gmt":"2026-04-08T09:13:48","slug":"maxime-trijol-vs-gb-konjaks","status":"publish","type":"product","link":"https:\/\/firsttravelretail.lv\/en\/produkts\/maxime-trijol-vs-gb-konjaks\/","title":{"rendered":"Maxime Trijol VS  konjaks ar d\u0101vanu iepakojumu"},"content":{"rendered":"<p class=\"\" data-start=\"107\" data-end=\"267\"><strong data-start=\"107\" data-end=\"119\">Tilpums:<\/strong> 0,7 L<br data-start=\"125\" data-end=\"128\" \/><strong data-start=\"128\" data-end=\"148\">Alkohola saturs:<\/strong> 40%<br data-start=\"152\" data-end=\"155\" \/><strong data-start=\"155\" data-end=\"170\">Kategorija:<\/strong> VS (Very Special) konjaks<br data-start=\"196\" data-end=\"199\" \/><strong data-start=\"199\" data-end=\"211\">Re\u0123ions:<\/strong> Konjaka re\u0123ions, Francija<br data-start=\"237\" data-end=\"240\" \/><strong data-start=\"240\" data-end=\"253\">Ra\u017eot\u0101js:<\/strong> Maxime Trijol<\/p>\n<p class=\"\" data-start=\"292\" data-end=\"580\"><strong data-start=\"292\" data-end=\"312\">Maxime Trijol VS<\/strong> ir augstas kvalit\u0101tes konjaks, kas paz\u012bstams ar savu dz\u012bv\u012bgo un l\u012bdzsvaroto raksturu. \u0160is konjaks pied\u0101v\u0101 bag\u0101t\u012bgu aug\u013cu un ziedu arom\u0101tu bu\u0137eti, padarot to par lielisku izv\u0113li gan t\u012br\u0101 veid\u0101, gan koktei\u013cos vai garajos dz\u0113rienos.<\/p>\n<h3 class=\"\" data-start=\"587\" data-end=\"612\"><strong data-start=\"591\" data-end=\"612\">Arom\u0101ts un gar\u0161a:<\/strong><\/h3>\n<ul data-start=\"613\" data-end=\"1016\">\n<li class=\"\" data-start=\"613\" data-end=\"747\">\n<p class=\"\" data-start=\"615\" data-end=\"747\"><strong data-start=\"615\" data-end=\"627\">Arom\u0101ts:<\/strong> <span class=\"relative -mx-px my-[-0.2rem] rounded-sm px-px py-[0.2rem]\">vanilas gar\u0161vielu un \u017e\u0101v\u0113tu aug\u013cu notis ar vieglu apriko\u017eu un smalku ozola piesk\u0101rienu.<\/span> \u200b<\/p>\n<\/li>\n<li class=\"\" data-start=\"748\" data-end=\"880\">\n<p class=\"\" data-start=\"750\" data-end=\"880\"><strong data-start=\"750\" data-end=\"760\">Gar\u0161a:<\/strong> <span class=\"relative -mx-px my-[-0.2rem] rounded-sm px-px py-[0.2rem]\">labi struktur\u0113ta, maiga un bag\u0101t\u012bga, ar aug\u013cainu, vieglu un elegantu piesk\u0101rienu.<\/span> \u200b<\/p>\n<\/li>\n<li class=\"\" data-start=\"881\" data-end=\"1016\">\n<p class=\"\" data-start=\"883\" data-end=\"1016\"><strong data-start=\"883\" data-end=\"896\">P\u0113cgar\u0161a:<\/strong> <span class=\"relative -mx-px my-[-0.2rem] rounded-sm px-px py-[0.2rem]\">nedaudz r\u016bgtena un \u012bsa.<\/span><\/p>\n<\/li>\n<\/ul>\n<h3 class=\"\" data-start=\"1023\" data-end=\"1040\"><strong data-start=\"1027\" data-end=\"1040\">\u012apa\u0161\u012bbas:<\/strong><\/h3>\n<ul data-start=\"1041\" data-end=\"1341\">\n<li class=\"\" data-start=\"1041\" data-end=\"1196\">\n<p class=\"\" data-start=\"1043\" data-end=\"1196\"><strong data-start=\"1043\" data-end=\"1070\">Dz\u012bv\u012bgs un l\u012bdzsvarots:<\/strong> <span class=\"relative -mx-px my-[-0.2rem] rounded-sm px-px py-[0.2rem]\">pied\u0101v\u0101 spilgtu aug\u013cu un ziedu notis, padarot to par vienu no vasar\u012bg\u0101kajiem konjakiem.<\/span> \u200b<\/p>\n<\/li>\n<li class=\"\" data-start=\"1197\" data-end=\"1341\">\n<p class=\"\" data-start=\"1199\" data-end=\"1341\"><strong data-start=\"1199\" data-end=\"1215\">Daudzpus\u012bgs:<\/strong> <span class=\"relative -mx-px my-[-0.2rem] rounded-sm px-px py-[0.2rem]\">piem\u0113rots gan t\u012br\u0101 veid\u0101, gan koktei\u013cos vai garajos dz\u0113rienos.<\/span> \u200b<\/p>\n<\/li>\n<\/ul>\n<h3 class=\"\" data-start=\"1348\" data-end=\"1375\"><strong data-start=\"1352\" data-end=\"1375\">Lieliski piem\u0113rots:<\/strong><\/h3>\n<ul data-start=\"1376\" data-end=\"1666\">\n<li class=\"\" data-start=\"1376\" data-end=\"1542\">\n<p class=\"\" data-start=\"1378\" data-end=\"1542\"><strong data-start=\"1378\" data-end=\"1416\">Koktei\u013ciem un garajiem dz\u0113rieniem:<\/strong> <span class=\"relative -mx-px my-[-0.2rem] rounded-sm px-px py-[0.2rem]\">t\u0101 aug\u013cain\u0101s un ziedu notis lieliski papildina da\u017e\u0101dus koktei\u013cus.<\/span><\/p>\n<\/li>\n<li class=\"\" data-start=\"1543\" data-end=\"1666\">\n<p class=\"\" data-start=\"1545\" data-end=\"1666\"><strong data-start=\"1545\" data-end=\"1580\">Svin\u012bb\u0101m un \u012bpa\u0161iem notikumiem:<\/strong> <span class=\"relative -mx-px my-[-0.2rem] rounded-sm px-px py-[0.2rem]\">dz\u012bv\u012bgais raksturs padara to par lielisku izv\u0113li da\u017e\u0101d\u0101m svin\u012bb\u0101m.<\/span>\u200b<\/p>\n<\/li>\n<\/ul>\n<h3 class=\"\" data-start=\"1673\" data-end=\"1704\"><strong data-start=\"1677\" data-end=\"1704\">Pasnieg\u0161anas ieteikumi:<\/strong><\/h3>\n<ul data-start=\"1705\" data-end=\"2011\">\n<li class=\"\" data-start=\"1705\" data-end=\"1809\">\n<p class=\"\" data-start=\"1707\" data-end=\"1809\"><strong data-start=\"1707\" data-end=\"1723\">Temperat\u016bra:<\/strong> <span class=\"relative -mx-px my-[-0.2rem] rounded-sm px-px py-[0.2rem]\">pasniegt istabas temperat\u016br\u0101, lai piln\u012bb\u0101 izbaud\u012btu t\u0101 arom\u0101tu un gar\u0161u.<\/span>\u200b<\/p>\n<\/li>\n<li class=\"\" data-start=\"1810\" data-end=\"1908\">\n<p class=\"\" data-start=\"1812\" data-end=\"1908\"><strong data-start=\"1812\" data-end=\"1822\">Gl\u0101ze:<\/strong> <span class=\"relative -mx-px my-[-0.2rem] rounded-sm px-px py-[0.2rem]\">izmantot tulpes formas konjaka gl\u0101zi, kas koncentr\u0113 arom\u0101tus un \u013cauj tiem att\u012bst\u012bties.<\/span>\u200b<\/p>\n<\/li>\n<li class=\"\" data-start=\"1909\" data-end=\"2011\">\n<p class=\"\" data-start=\"1911\" data-end=\"2011\"><strong data-start=\"1911\" data-end=\"1925\">Baud\u012b\u0161ana:<\/strong> <span class=\"relative -mx-px my-[-0.2rem] rounded-sm px-px py-[0.2rem]\">piem\u0113rots gan t\u012br\u0101 veid\u0101, gan k\u0101 sast\u0101vda\u013ca da\u017e\u0101dos koktei\u013cos.<\/span>\u200b<\/p>\n<\/li>\n<\/ul>\n<p class=\"\" data-start=\"2018\" data-end=\"2171\"><strong data-start=\"2018\" data-end=\"2038\">Maxime Trijol VS<\/strong> ir izcils konjaks, kas apvieno dz\u012bv\u012bgumu, aug\u013cainumu un ziedu notis, pied\u0101v\u0101jot daudzpus\u012bgu baud\u012bjumu gan t\u012br\u0101 veid\u0101, gan koktei\u013cos.<\/p>\n","protected":false},"excerpt":{"rendered":"<p>Tilpums: 0,7 LAlkohola saturs: 40%Kategorija: VS (Very Special) konjaksRe\u0123ions: Konjaka re\u0123ions, FrancijaRa\u017eot\u0101js: Maxime Trijol Maxime Trijol VS ir augstas kvalit\u0101tes konjaks, kas paz\u012bstams ar savu dz\u012bv\u012bgo un l\u012bdzsvaroto raksturu. \u0160is konjaks pied\u0101v\u0101 bag\u0101t\u012bgu aug\u013cu un ziedu arom\u0101tu bu\u0137eti, padarot to par lielisku izv\u0113li gan t\u012br\u0101 veid\u0101, gan koktei\u013cos vai garajos dz\u0113rienos. Arom\u0101ts un gar\u0161a: Arom\u0101ts: [&hellip;]<\/p>\n","protected":false},"featured_media":59132,"comment_status":"open","ping_status":"closed","template":"","meta":[],"product_brand":[174],"product_cat":[173],"product_tag":[],"class_list":{"0":"post-58884","1":"product","2":"type-product","3":"status-publish","4":"has-post-thumbnail","6":"product_brand-maxime-trijol","7":"product_cat-konjaks","8":"pa_valsts-francija","11":"first","12":"instock","13":"shipping-taxable","14":"purchasable","15":"product-type-simple"},"_links":{"self":[{"href":"https:\/\/firsttravelretail.lv\/en\/wp-json\/wp\/v2\/product\/58884","targetHints":{"allow":["GET"]}}],"collection":[{"href":"https:\/\/firsttravelretail.lv\/en\/wp-json\/wp\/v2\/product"}],"about":[{"href":"https:\/\/firsttravelretail.lv\/en\/wp-json\/wp\/v2\/types\/product"}],"replies":[{"embeddable":true,"href":"https:\/\/firsttravelretail.lv\/en\/wp-json\/wp\/v2\/comments?post=58884"}],"wp:featuredmedia":[{"embeddable":true,"href":"https:\/\/firsttravelretail.lv\/en\/wp-json\/wp\/v2\/media\/59132"}],"wp:attachment":[{"href":"https:\/\/firsttravelretail.lv\/en\/wp-json\/wp\/v2\/media?parent=58884"}],"wp:term":[{"taxonomy":"product_brand","embeddable":true,"href":"https:\/\/firsttravelretail.lv\/en\/wp-json\/wp\/v2\/product_brand?post=58884"},{"taxonomy":"product_cat","embeddable":true,"href":"https:\/\/firsttravelretail.lv\/en\/wp-json\/wp\/v2\/product_cat?post=58884"},{"taxonomy":"product_tag","embeddable":true,"href":"https:\/\/firsttravelretail.lv\/en\/wp-json\/wp\/v2\/product_tag?post=58884"}],"curies":[{"name":"wp","href":"https:\/\/api.w.org\/{rel}","templated":true}]}}