{"id":58883,"date":"2025-04-09T12:07:26","date_gmt":"2025-04-09T10:07:26","guid":{"rendered":"https:\/\/pink-shark-215315.hostingersite.com\/?post_type=product&#038;p=58883"},"modified":"2026-04-08T11:14:37","modified_gmt":"2026-04-08T09:14:37","slug":"maxime-trijol-grande-champagne-1985-konjaks","status":"publish","type":"product","link":"https:\/\/firsttravelretail.lv\/en\/produkts\/maxime-trijol-grande-champagne-1985-konjaks\/","title":{"rendered":"Maxime Trijol GRANDE CHAMPAGNE 1985 konjaks"},"content":{"rendered":"<p class=\"\" data-start=\"145\" data-end=\"313\"><strong data-start=\"145\" data-end=\"157\">Tilpums:<\/strong> 0,7 L<br data-start=\"163\" data-end=\"166\" \/><strong data-start=\"166\" data-end=\"186\">Alkohola saturs:<\/strong> 40%<br data-start=\"190\" data-end=\"193\" \/><strong data-start=\"193\" data-end=\"208\">Kategorija:<\/strong> Vintage konjaks<br data-start=\"224\" data-end=\"227\" \/><strong data-start=\"227\" data-end=\"239\">Re\u0123ions:<\/strong> Grande Champagne, Konjaka re\u0123ions, Francija<br data-start=\"283\" data-end=\"286\" \/><strong data-start=\"286\" data-end=\"299\">Ra\u017eot\u0101js:<\/strong> Maxime Trijol<\/p>\n<p class=\"\" data-start=\"338\" data-end=\"637\"><strong data-start=\"338\" data-end=\"377\">Maxime Trijol Grande Champagne 1985<\/strong> ir izcils vintage konjaks, destil\u0113ts <strong data-start=\"415\" data-end=\"429\">1985. gad\u0101<\/strong> un nogatavin\u0101ts vair\u0101k nek\u0101 30 gadus, ieg\u016bstot dzi\u013cu un sare\u017e\u0123\u012btu gar\u0161as profilu. \u0160is konjaks atspogu\u013co <strong data-start=\"534\" data-end=\"554\">Grande Champagne<\/strong> apgabala terroir rakstur\u012bg\u0101s iez\u012bmes, pied\u0101v\u0101jot bag\u0101t\u012bgu un harmonisku baud\u012bjumu.<\/p>\n<h3 class=\"\" data-start=\"644\" data-end=\"669\"><strong data-start=\"648\" data-end=\"669\">Arom\u0101ts un gar\u0161a:<\/strong><\/h3>\n<ul data-start=\"670\" data-end=\"1073\">\n<li class=\"\" data-start=\"670\" data-end=\"804\">\n<p class=\"\" data-start=\"672\" data-end=\"804\"><strong data-start=\"672\" data-end=\"684\">Arom\u0101ts:<\/strong> <span class=\"relative -mx-px my-[-0.2rem] rounded-sm px-px py-[0.2rem]\">apa\u013c\u0161 un aug\u013cains, ar koksnes, laima un ro\u017eu not\u012bm, kas att\u012bst\u0101s uz pikant\u0101m un vani\u013cas nians\u0113m.<\/span> \u200b<\/p>\n<\/li>\n<li class=\"\" data-start=\"805\" data-end=\"937\">\n<p class=\"\" data-start=\"807\" data-end=\"937\"><strong data-start=\"807\" data-end=\"817\">Gar\u0161a:<\/strong> <span class=\"relative -mx-px my-[-0.2rem] rounded-sm px-px py-[0.2rem]\">lieliska strukt\u016bra ar riekstu, \u012brisa, vani\u013cas un vieglu balto aug\u013cu not\u012bm.<\/span> \u200b<\/p>\n<\/li>\n<li class=\"\" data-start=\"938\" data-end=\"1073\">\n<p class=\"\" data-start=\"940\" data-end=\"1073\"><strong data-start=\"940\" data-end=\"953\">P\u0113cgar\u0161a:<\/strong> <span class=\"relative -mx-px my-[-0.2rem] rounded-sm px-px py-[0.2rem]\">notur\u012bga un struktur\u0113ta, ar balto aug\u013cu un ziedu not\u012bm, kas saglab\u0101jas ar\u012b p\u0113cgar\u0161\u0101.<\/span> \u200b<\/p>\n<\/li>\n<\/ul>\n<h3 class=\"\" data-start=\"1080\" data-end=\"1097\"><strong data-start=\"1084\" data-end=\"1097\">\u012apa\u0161\u012bbas:<\/strong><\/h3>\n<ul data-start=\"1098\" data-end=\"1450\">\n<li class=\"\" data-start=\"1098\" data-end=\"1206\">\n<p class=\"\" data-start=\"1100\" data-end=\"1206\"><strong data-start=\"1100\" data-end=\"1122\">Vintage izlaidums:<\/strong> <span class=\"relative -mx-px my-[-0.2rem] rounded-sm px-px py-[0.2rem]\">destil\u0113ts 1985. gad\u0101, padarot \u0161o konjaku par unik\u0101lu un kolekcion\u0101ru v\u0113rtu dz\u0113rienu.<\/span>\u200b<\/p>\n<\/li>\n<li class=\"\" data-start=\"1207\" data-end=\"1333\">\n<p class=\"\" data-start=\"1209\" data-end=\"1333\"><strong data-start=\"1209\" data-end=\"1247\">Grande Champagne re\u0123iona raksturs:<\/strong> <span class=\"relative -mx-px my-[-0.2rem] rounded-sm px-px py-[0.2rem]\">\u0161is apgabals ir paz\u012bstams ar konjakiem, kas att\u012bsta izcilu arom\u0101tu un gar\u0161as dzi\u013cumu.<\/span>\u200b<\/p>\n<\/li>\n<li class=\"\" data-start=\"1334\" data-end=\"1450\">\n<p class=\"\" data-start=\"1336\" data-end=\"1450\"><strong data-start=\"1336\" data-end=\"1364\">Ilgsto\u0161a nogatavin\u0101\u0161ana:<\/strong> <span class=\"relative -mx-px my-[-0.2rem] rounded-sm px-px py-[0.2rem]\">vair\u0101k nek\u0101 30 gadu ilgs nogatavin\u0101\u0161anas process ozolkoka muc\u0101s pie\u0161\u0137ir dz\u0113rienam dzi\u013cumu un sare\u017e\u0123\u012bt\u012bbu.<\/span>\u200b<\/p>\n<\/li>\n<\/ul>\n<h3 class=\"\" data-start=\"1457\" data-end=\"1484\"><strong data-start=\"1461\" data-end=\"1484\">Lieliski piem\u0113rots:<\/strong><\/h3>\n<ul data-start=\"1485\" data-end=\"1807\">\n<li class=\"\" data-start=\"1485\" data-end=\"1598\">\n<p class=\"\" data-start=\"1487\" data-end=\"1598\"><strong data-start=\"1487\" data-end=\"1512\">Ekskluz\u012bv\u0101m svin\u012bb\u0101m:<\/strong> <span class=\"relative -mx-px my-[-0.2rem] rounded-sm px-px py-[0.2rem]\">pateicoties t\u0101 retumam un kvalit\u0101tei, \u0161is konjaks ir ide\u0101li piem\u0113rots \u012bpa\u0161iem notikumiem.<\/span>\u200b<\/p>\n<\/li>\n<li class=\"\" data-start=\"1599\" data-end=\"1706\">\n<p class=\"\" data-start=\"1601\" data-end=\"1706\"><strong data-start=\"1601\" data-end=\"1620\">Kolekcion\u0101riem:<\/strong> <span class=\"relative -mx-px my-[-0.2rem] rounded-sm px-px py-[0.2rem]\">vintage izlaidumi ir augsti nov\u0113rt\u0113ti starp konjaka kolekcion\u0101riem.<\/span>\u200b<\/p>\n<\/li>\n<li class=\"\" data-start=\"1707\" data-end=\"1807\">\n<p class=\"\" data-start=\"1709\" data-end=\"1807\"><strong data-start=\"1709\" data-end=\"1721\">D\u0101vanai:<\/strong> <span class=\"relative -mx-px my-[-0.2rem] rounded-sm px-px py-[0.2rem]\">luksusa iepakojums un unik\u0101lais raksturs padara to par lielisku d\u0101vanu konjaka cien\u012bt\u0101jiem.<\/span>\u200b<\/p>\n<\/li>\n<\/ul>\n<h3 class=\"\" data-start=\"1814\" data-end=\"1845\"><strong data-start=\"1818\" data-end=\"1845\">Pasnieg\u0161anas ieteikumi:<\/strong><\/h3>\n<ul data-start=\"1846\" data-end=\"2152\">\n<li class=\"\" data-start=\"1846\" data-end=\"1950\">\n<p class=\"\" data-start=\"1848\" data-end=\"1950\"><strong data-start=\"1848\" data-end=\"1864\">Temperat\u016bra:<\/strong> <span class=\"relative -mx-px my-[-0.2rem] rounded-sm px-px py-[0.2rem]\">pasniegt istabas temperat\u016br\u0101, lai piln\u012bb\u0101 izbaud\u012btu t\u0101 arom\u0101tu un gar\u0161u.<\/span>\u200b<\/p>\n<\/li>\n<li class=\"\" data-start=\"1951\" data-end=\"2049\">\n<p class=\"\" data-start=\"1953\" data-end=\"2049\"><strong data-start=\"1953\" data-end=\"1963\">Gl\u0101ze:<\/strong> <span class=\"relative -mx-px my-[-0.2rem] rounded-sm px-px py-[0.2rem]\">izmantot tulpes formas konjaka gl\u0101zi, kas koncentr\u0113 arom\u0101tus un \u013cauj tiem att\u012bst\u012bties.<\/span>\u200b<\/p>\n<\/li>\n<li class=\"\" data-start=\"2050\" data-end=\"2152\">\n<p class=\"\" data-start=\"2052\" data-end=\"2152\"><strong data-start=\"2052\" data-end=\"2066\">Baud\u012b\u0161ana:<\/strong> <span class=\"relative -mx-px my-[-0.2rem] rounded-sm px-px py-[0.2rem]\">ieteicams baud\u012bt t\u012br\u0101 veid\u0101, bez piedev\u0101m, lai nov\u0113rt\u0113tu visas gar\u0161as nianses.<\/span>\u200b<\/p>\n<\/li>\n<\/ul>\n<p class=\"\" data-start=\"2159\" data-end=\"2362\"><strong data-start=\"2159\" data-end=\"2198\">Maxime Trijol Grande Champagne 1985<\/strong> ir izcils vintage konjaks, kas apvieno v\u0113sturi, meistar\u012bbu un Grande Champagne re\u0123iona rakstur\u012bg\u0101s iez\u012bmes, pied\u0101v\u0101jot neaizmirstamu baud\u012bjumu konjaka cien\u012bt\u0101jiem.<\/p>\n<div class=\"absolute h-[60px]\">\n<div class=\"flex flex-row-reverse\"><\/div>\n<div class=\"text-token-text-secondary flex items-center gap-0.5 text-xs font-semibold\"><\/div>\n<\/div>\n","protected":false},"excerpt":{"rendered":"<p>Tilpums: 0,7 LAlkohola saturs: 40%Kategorija: Vintage konjaksRe\u0123ions: Grande Champagne, Konjaka re\u0123ions, FrancijaRa\u017eot\u0101js: Maxime Trijol Maxime Trijol Grande Champagne 1985 ir izcils vintage konjaks, destil\u0113ts 1985. gad\u0101 un nogatavin\u0101ts vair\u0101k nek\u0101 30 gadus, ieg\u016bstot dzi\u013cu un sare\u017e\u0123\u012btu gar\u0161as profilu. \u0160is konjaks atspogu\u013co Grande Champagne apgabala terroir rakstur\u012bg\u0101s iez\u012bmes, pied\u0101v\u0101jot bag\u0101t\u012bgu un harmonisku baud\u012bjumu. Arom\u0101ts un gar\u0161a: [&hellip;]<\/p>\n","protected":false},"featured_media":59134,"comment_status":"open","ping_status":"closed","template":"","meta":[],"product_brand":[174],"product_cat":[173],"product_tag":[],"class_list":{"0":"post-58883","1":"product","2":"type-product","3":"status-publish","4":"has-post-thumbnail","6":"product_brand-maxime-trijol","7":"product_cat-konjaks","8":"pa_valsts-francija","11":"first","12":"instock","13":"shipping-taxable","14":"purchasable","15":"product-type-simple"},"_links":{"self":[{"href":"https:\/\/firsttravelretail.lv\/en\/wp-json\/wp\/v2\/product\/58883","targetHints":{"allow":["GET"]}}],"collection":[{"href":"https:\/\/firsttravelretail.lv\/en\/wp-json\/wp\/v2\/product"}],"about":[{"href":"https:\/\/firsttravelretail.lv\/en\/wp-json\/wp\/v2\/types\/product"}],"replies":[{"embeddable":true,"href":"https:\/\/firsttravelretail.lv\/en\/wp-json\/wp\/v2\/comments?post=58883"}],"wp:featuredmedia":[{"embeddable":true,"href":"https:\/\/firsttravelretail.lv\/en\/wp-json\/wp\/v2\/media\/59134"}],"wp:attachment":[{"href":"https:\/\/firsttravelretail.lv\/en\/wp-json\/wp\/v2\/media?parent=58883"}],"wp:term":[{"taxonomy":"product_brand","embeddable":true,"href":"https:\/\/firsttravelretail.lv\/en\/wp-json\/wp\/v2\/product_brand?post=58883"},{"taxonomy":"product_cat","embeddable":true,"href":"https:\/\/firsttravelretail.lv\/en\/wp-json\/wp\/v2\/product_cat?post=58883"},{"taxonomy":"product_tag","embeddable":true,"href":"https:\/\/firsttravelretail.lv\/en\/wp-json\/wp\/v2\/product_tag?post=58883"}],"curies":[{"name":"wp","href":"https:\/\/api.w.org\/{rel}","templated":true}]}}