{"id":58881,"date":"2025-04-09T11:50:12","date_gmt":"2025-04-09T09:50:12","guid":{"rendered":"https:\/\/pink-shark-215315.hostingersite.com\/?post_type=product&#038;p=58881"},"modified":"2026-04-08T11:15:11","modified_gmt":"2026-04-08T09:15:11","slug":"maxime-trijol-grande-champagne-1984-konjaks","status":"publish","type":"product","link":"https:\/\/firsttravelretail.lv\/en\/produkts\/maxime-trijol-grande-champagne-1984-konjaks\/","title":{"rendered":"Maxime Trijol GRANDE CHAMPAGNE 1984 konjaks"},"content":{"rendered":"<p class=\"\" data-start=\"145\" data-end=\"313\"><strong data-start=\"145\" data-end=\"157\">Tilpums:<\/strong> 0,7 L<br data-start=\"163\" data-end=\"166\" \/><strong data-start=\"166\" data-end=\"186\">Alkohola saturs:<\/strong> 43%<br data-start=\"190\" data-end=\"193\" \/><strong data-start=\"193\" data-end=\"208\">Kategorija:<\/strong> Vintage konjaks<br data-start=\"224\" data-end=\"227\" \/><strong data-start=\"227\" data-end=\"239\">Re\u0123ions:<\/strong> Grande Champagne, Konjaka re\u0123ions, Francija<br data-start=\"283\" data-end=\"286\" \/><strong data-start=\"286\" data-end=\"299\">Ra\u017eot\u0101js:<\/strong> Maxime Trijol<\/p>\n<p class=\"\" data-start=\"338\" data-end=\"637\"><strong data-start=\"338\" data-end=\"377\">Maxime Trijol Grande Champagne 1984<\/strong> ir izcils vintage konjaks, destil\u0113ts <strong data-start=\"415\" data-end=\"429\">1984. gad\u0101<\/strong> un nogatavin\u0101ts vair\u0101k nek\u0101 30 gadus, ieg\u016bstot dzi\u013cu un sare\u017e\u0123\u012btu gar\u0161as profilu. \u0160is konjaks atspogu\u013co <strong data-start=\"534\" data-end=\"554\">Grande Champagne<\/strong> apgabala terroir rakstur\u012bg\u0101s iez\u012bmes, pied\u0101v\u0101jot bag\u0101t\u012bgu un harmonisku baud\u012bjumu.<\/p>\n<h3 class=\"\" data-start=\"644\" data-end=\"669\"><strong data-start=\"648\" data-end=\"669\">Arom\u0101ts un gar\u0161a:<\/strong><\/h3>\n<ul data-start=\"670\" data-end=\"893\">\n<li class=\"\" data-start=\"670\" data-end=\"708\">\n<p class=\"\" data-start=\"672\" data-end=\"708\"><strong data-start=\"672\" data-end=\"684\">Arom\u0101ts:<\/strong> ziedu un vani\u013cas notis.<\/p>\n<\/li>\n<li class=\"\" data-start=\"709\" data-end=\"818\">\n<p class=\"\" data-start=\"711\" data-end=\"818\"><strong data-start=\"711\" data-end=\"721\">Gar\u0161a:<\/strong> sp\u0113c\u012bga, ar vani\u013cas nians\u0113m un ilgu, l\u012bdzsvarotu p\u0113cgar\u0161u.<\/p>\n<\/li>\n<li class=\"\" data-start=\"819\" data-end=\"893\">\n<p class=\"\" data-start=\"821\" data-end=\"893\"><strong data-start=\"821\" data-end=\"834\">P\u0113cgar\u0161a:<\/strong> notur\u012bga un eleganta, atkl\u0101jot koksnes un gar\u0161vielu notis.<\/p>\n<\/li>\n<\/ul>\n<h3 class=\"\" data-start=\"900\" data-end=\"917\"><strong data-start=\"904\" data-end=\"917\">\u012apa\u0161\u012bbas:<\/strong><\/h3>\n<ul data-start=\"918\" data-end=\"1291\">\n<li class=\"\" data-start=\"918\" data-end=\"1027\">\n<p class=\"\" data-start=\"920\" data-end=\"1027\"><strong data-start=\"920\" data-end=\"942\">Vintage izlaidums:<\/strong> destil\u0113ts 1984. gad\u0101, padarot \u0161o konjaku par unik\u0101lu un kolekcion\u0101ru v\u0113rtu dz\u0113rienu.<\/p>\n<\/li>\n<li class=\"\" data-start=\"1028\" data-end=\"1154\">\n<p class=\"\" data-start=\"1030\" data-end=\"1154\"><strong data-start=\"1030\" data-end=\"1068\">Grande Champagne re\u0123iona raksturs:<\/strong> \u0161is apgabals ir paz\u012bstams ar konjakiem, kas att\u012bsta izcilu arom\u0101tu un gar\u0161as dzi\u013cumu.<\/p>\n<\/li>\n<li class=\"\" data-start=\"1155\" data-end=\"1291\">\n<p class=\"\" data-start=\"1157\" data-end=\"1291\"><strong data-start=\"1157\" data-end=\"1185\">Ilgsto\u0161a nogatavin\u0101\u0161ana:<\/strong> vair\u0101k nek\u0101 30 gadu ilgs nogatavin\u0101\u0161anas process ozolkoka muc\u0101s pie\u0161\u0137ir dz\u0113rienam dzi\u013cumu un sare\u017e\u0123\u012bt\u012bbu.<\/p>\n<\/li>\n<\/ul>\n","protected":false},"excerpt":{"rendered":"<p>Tilpums: 0,7 LAlkohola saturs: 43%Kategorija: Vintage konjaksRe\u0123ions: Grande Champagne, Konjaka re\u0123ions, FrancijaRa\u017eot\u0101js: Maxime Trijol Maxime Trijol Grande Champagne 1984 ir izcils vintage konjaks, destil\u0113ts 1984. gad\u0101 un nogatavin\u0101ts vair\u0101k nek\u0101 30 gadus, ieg\u016bstot dzi\u013cu un sare\u017e\u0123\u012btu gar\u0161as profilu. \u0160is konjaks atspogu\u013co Grande Champagne apgabala terroir rakstur\u012bg\u0101s iez\u012bmes, pied\u0101v\u0101jot bag\u0101t\u012bgu un harmonisku baud\u012bjumu. Arom\u0101ts un gar\u0161a: [&hellip;]<\/p>\n","protected":false},"featured_media":59140,"comment_status":"open","ping_status":"closed","template":"","meta":[],"product_brand":[174],"product_cat":[173],"product_tag":[],"class_list":{"0":"post-58881","1":"product","2":"type-product","3":"status-publish","4":"has-post-thumbnail","6":"product_brand-maxime-trijol","7":"product_cat-konjaks","8":"pa_valsts-francija","11":"first","12":"instock","13":"shipping-taxable","14":"purchasable","15":"product-type-simple"},"_links":{"self":[{"href":"https:\/\/firsttravelretail.lv\/en\/wp-json\/wp\/v2\/product\/58881","targetHints":{"allow":["GET"]}}],"collection":[{"href":"https:\/\/firsttravelretail.lv\/en\/wp-json\/wp\/v2\/product"}],"about":[{"href":"https:\/\/firsttravelretail.lv\/en\/wp-json\/wp\/v2\/types\/product"}],"replies":[{"embeddable":true,"href":"https:\/\/firsttravelretail.lv\/en\/wp-json\/wp\/v2\/comments?post=58881"}],"wp:featuredmedia":[{"embeddable":true,"href":"https:\/\/firsttravelretail.lv\/en\/wp-json\/wp\/v2\/media\/59140"}],"wp:attachment":[{"href":"https:\/\/firsttravelretail.lv\/en\/wp-json\/wp\/v2\/media?parent=58881"}],"wp:term":[{"taxonomy":"product_brand","embeddable":true,"href":"https:\/\/firsttravelretail.lv\/en\/wp-json\/wp\/v2\/product_brand?post=58881"},{"taxonomy":"product_cat","embeddable":true,"href":"https:\/\/firsttravelretail.lv\/en\/wp-json\/wp\/v2\/product_cat?post=58881"},{"taxonomy":"product_tag","embeddable":true,"href":"https:\/\/firsttravelretail.lv\/en\/wp-json\/wp\/v2\/product_tag?post=58881"}],"curies":[{"name":"wp","href":"https:\/\/api.w.org\/{rel}","templated":true}]}}