{"id":58880,"date":"2025-04-09T11:42:28","date_gmt":"2025-04-09T09:42:28","guid":{"rendered":"https:\/\/pink-shark-215315.hostingersite.com\/?post_type=product&#038;p=58880"},"modified":"2026-04-08T11:15:45","modified_gmt":"2026-04-08T09:15:45","slug":"maxime-trijol-fins-bois-1980","status":"publish","type":"product","link":"https:\/\/firsttravelretail.lv\/en\/produkts\/maxime-trijol-fins-bois-1980\/","title":{"rendered":"Maxime Trijol FINS BOIS 1980 konjaks"},"content":{"rendered":"<p class=\"\" data-start=\"131\" data-end=\"292\"><strong data-start=\"131\" data-end=\"143\">Tilpums:<\/strong> 0,7 L<br data-start=\"149\" data-end=\"152\" \/><strong data-start=\"152\" data-end=\"172\">Alkohola saturs:<\/strong> 40%<br data-start=\"176\" data-end=\"179\" \/><strong data-start=\"179\" data-end=\"194\">Kategorija:<\/strong> Vintage konjaks<br data-start=\"210\" data-end=\"213\" \/><strong data-start=\"213\" data-end=\"225\">Re\u0123ions:<\/strong> Fins Bois, Konjaka re\u0123ions, Francija<br data-start=\"262\" data-end=\"265\" \/><strong data-start=\"265\" data-end=\"278\">Ra\u017eot\u0101js:<\/strong> Maxime Trijol<\/p>\n<p class=\"\" data-start=\"317\" data-end=\"646\"><strong data-start=\"317\" data-end=\"349\">Maxime Trijol Fins Bois 1980<\/strong> ir izcils vintage konjaks, destil\u0113ts <strong data-start=\"387\" data-end=\"401\">1980. gad\u0101<\/strong> un pudel\u0113s pild\u012bts <strong data-start=\"421\" data-end=\"448\">2019. gada 16. decembr\u012b<\/strong>, radot ierobe\u017eotu <strong data-start=\"467\" data-end=\"481\">484 pude\u013cu<\/strong> s\u0113riju. \u0160is konjaks atspogu\u013co <strong data-start=\"550\" data-end=\"563\">Fins Bois<\/strong> apgabala terroir rakstur\u012bg\u0101s iez\u012bmes, pied\u0101v\u0101jot bag\u0101t\u012bgu un harmonisku baud\u012bjumu.<\/p>\n<h3 class=\"\" data-start=\"653\" data-end=\"678\"><strong data-start=\"657\" data-end=\"678\">Arom\u0101ts un gar\u0161a:<\/strong><\/h3>\n<ul data-start=\"679\" data-end=\"1103\">\n<li class=\"\" data-start=\"679\" data-end=\"910\">\n<p class=\"\" data-start=\"681\" data-end=\"910\"><strong data-start=\"681\" data-end=\"693\">Arom\u0101ts:<\/strong> sp\u0113c\u012bgs, ar v\u0101r\u012btu aug\u013cu, \u017e\u0101v\u0113tu apriko\u017eu, liepu ziedu un rudens me\u017ea not\u012bm. Koksnes kl\u0101tb\u016btne izpau\u017eas k\u0101 vecu vaskotu m\u0113be\u013cu nianses, ar smalku kakao piesk\u0101rienu gl\u0101zes diben\u0101.<\/p>\n<\/li>\n<li class=\"\" data-start=\"911\" data-end=\"972\">\n<p class=\"\" data-start=\"913\" data-end=\"972\"><strong data-start=\"913\" data-end=\"923\">Gar\u0161a:<\/strong> sp\u0113c\u012bga un maiga, ar labi sabalans\u0113tu strukt\u016bru.<\/p>\n<\/li>\n<li class=\"\" data-start=\"973\" data-end=\"1103\">\n<p class=\"\" data-start=\"975\" data-end=\"1103\"><strong data-start=\"975\" data-end=\"988\">P\u0113cgar\u0161a:<\/strong> tie\u0161a un notur\u012bga, saglab\u0101jot \u012bpa\u0161o koksnes raksturu, kas paliek mut\u0113 pietiekami ilgi, lai nov\u0113rt\u0113tu t\u0101 kvalit\u0101ti.<\/p>\n<\/li>\n<\/ul>\n<h3 class=\"\" data-start=\"1110\" data-end=\"1127\"><strong data-start=\"1114\" data-end=\"1127\">\u012apa\u0161\u012bbas:<\/strong><\/h3>\n<ul data-start=\"1128\" data-end=\"1535\">\n<li class=\"\" data-start=\"1128\" data-end=\"1237\">\n<p class=\"\" data-start=\"1130\" data-end=\"1237\"><strong data-start=\"1130\" data-end=\"1152\">Vintage izlaidums:<\/strong> destil\u0113ts 1980. gad\u0101, padarot \u0161o konjaku par unik\u0101lu un kolekcion\u0101ru v\u0113rtu dz\u0113rienu.<\/p>\n<\/li>\n<li class=\"\" data-start=\"1238\" data-end=\"1402\">\n<p class=\"\" data-start=\"1240\" data-end=\"1402\"><strong data-start=\"1240\" data-end=\"1271\">Fins Bois re\u0123iona raksturs:<\/strong> \u0161is apgabals ir paz\u012bstams ar konjakiem, kas \u0101tr\u0101k nogatavojas un att\u012bsta bag\u0101t\u012bgus arom\u0101tus.<\/p>\n<\/li>\n<li class=\"\" data-start=\"1403\" data-end=\"1535\">\n<p class=\"\" data-start=\"1405\" data-end=\"1535\"><strong data-start=\"1405\" data-end=\"1433\">Ilgsto\u0161a nogatavin\u0101\u0161ana:<\/strong> gandr\u012bz 40 gadu ilgs nogatavin\u0101\u0161anas process ozolkoka muc\u0101s pie\u0161\u0137ir dz\u0113rienam dzi\u013cumu un sare\u017e\u0123\u012bt\u012bbu.<\/p>\n<\/li>\n<\/ul>\n<h3 class=\"\" data-start=\"1542\" data-end=\"1569\"><strong data-start=\"1546\" data-end=\"1569\">Lieliski piem\u0113rots:<\/strong><\/h3>\n<ul data-start=\"1570\" data-end=\"1884\">\n<li class=\"\" data-start=\"1570\" data-end=\"1687\">\n<p class=\"\" data-start=\"1572\" data-end=\"1687\"><strong data-start=\"1572\" data-end=\"1597\">Ekskluz\u012bv\u0101m svin\u012bb\u0101m:<\/strong> pateicoties t\u0101 retumam un kvalit\u0101tei, \u0161is konjaks ir ide\u0101li piem\u0113rots \u012bpa\u0161iem notikumiem.<\/p>\n<\/li>\n<li class=\"\" data-start=\"1688\" data-end=\"1777\">\n<p class=\"\" data-start=\"1690\" data-end=\"1777\"><strong data-start=\"1690\" data-end=\"1709\">Kolekcion\u0101riem:<\/strong> vintage izlaidumi ir augsti nov\u0113rt\u0113ti starp konjaka kolekcion\u0101riem.<\/p>\n<\/li>\n<li class=\"\" data-start=\"1778\" data-end=\"1884\">\n<p class=\"\" data-start=\"1780\" data-end=\"1884\"><strong data-start=\"1780\" data-end=\"1792\">D\u0101vanai:<\/strong> luksusa iepakojums un unik\u0101lais raksturs padara to par lielisku d\u0101vanu konjaka cien\u012bt\u0101jiem.<\/p>\n<\/li>\n<\/ul>\n<h3 class=\"\" data-start=\"1891\" data-end=\"1922\"><strong data-start=\"1895\" data-end=\"1922\">Pasnieg\u0161anas ieteikumi:<\/strong><\/h3>\n<ul data-start=\"1923\" data-end=\"2225\">\n<li class=\"\" data-start=\"1923\" data-end=\"2029\">\n<p class=\"\" data-start=\"1925\" data-end=\"2029\"><strong data-start=\"1925\" data-end=\"1941\">Temperat\u016bra:<\/strong> pasniegt istabas temperat\u016br\u0101, aptuveni 20\u00b0C, lai piln\u012bb\u0101 izbaud\u012btu t\u0101 arom\u0101tu un gar\u0161u.<\/p>\n<\/li>\n<li class=\"\" data-start=\"2030\" data-end=\"2129\">\n<p class=\"\" data-start=\"2032\" data-end=\"2129\"><strong data-start=\"2032\" data-end=\"2042\">Gl\u0101ze:<\/strong> izmantot tulpes formas konjaka gl\u0101zi, kas koncentr\u0113 arom\u0101tus un \u013cauj tiem att\u012bst\u012bties.<\/p>\n<\/li>\n<li class=\"\" data-start=\"2130\" data-end=\"2225\">\n<p class=\"\" data-start=\"2132\" data-end=\"2225\"><strong data-start=\"2132\" data-end=\"2146\">Baud\u012b\u0161ana:<\/strong> ieteicams baud\u012bt t\u012br\u0101 veid\u0101, bez piedev\u0101m, lai nov\u0113rt\u0113tu visas gar\u0161as nianses.<\/p>\n<\/li>\n<\/ul>\n<p class=\"\" data-start=\"2232\" data-end=\"2421\"><strong data-start=\"2232\" data-end=\"2264\">Maxime Trijol Fins Bois 1980<\/strong> ir izcils vintage konjaks, kas apvieno v\u0113sturi, meistar\u012bbu un Fins Bois re\u0123iona rakstur\u012bg\u0101s iez\u012bmes, pied\u0101v\u0101jot neaizmirstamu baud\u012bjumu konjaka cien\u012bt\u0101jiem.<\/p>\n","protected":false},"excerpt":{"rendered":"<p>Tilpums: 0,7 LAlkohola saturs: 40%Kategorija: Vintage konjaksRe\u0123ions: Fins Bois, Konjaka re\u0123ions, FrancijaRa\u017eot\u0101js: Maxime Trijol Maxime Trijol Fins Bois 1980 ir izcils vintage konjaks, destil\u0113ts 1980. gad\u0101 un pudel\u0113s pild\u012bts 2019. gada 16. decembr\u012b, radot ierobe\u017eotu 484 pude\u013cu s\u0113riju. \u0160is konjaks atspogu\u013co Fins Bois apgabala terroir rakstur\u012bg\u0101s iez\u012bmes, pied\u0101v\u0101jot bag\u0101t\u012bgu un harmonisku baud\u012bjumu. Arom\u0101ts un gar\u0161a: [&hellip;]<\/p>\n","protected":false},"featured_media":59138,"comment_status":"open","ping_status":"closed","template":"","meta":[],"product_brand":[174],"product_cat":[173],"product_tag":[],"class_list":{"0":"post-58880","1":"product","2":"type-product","3":"status-publish","4":"has-post-thumbnail","6":"product_brand-maxime-trijol","7":"product_cat-konjaks","8":"pa_valsts-francija","11":"first","12":"instock","13":"shipping-taxable","14":"purchasable","15":"product-type-simple"},"_links":{"self":[{"href":"https:\/\/firsttravelretail.lv\/en\/wp-json\/wp\/v2\/product\/58880","targetHints":{"allow":["GET"]}}],"collection":[{"href":"https:\/\/firsttravelretail.lv\/en\/wp-json\/wp\/v2\/product"}],"about":[{"href":"https:\/\/firsttravelretail.lv\/en\/wp-json\/wp\/v2\/types\/product"}],"replies":[{"embeddable":true,"href":"https:\/\/firsttravelretail.lv\/en\/wp-json\/wp\/v2\/comments?post=58880"}],"wp:featuredmedia":[{"embeddable":true,"href":"https:\/\/firsttravelretail.lv\/en\/wp-json\/wp\/v2\/media\/59138"}],"wp:attachment":[{"href":"https:\/\/firsttravelretail.lv\/en\/wp-json\/wp\/v2\/media?parent=58880"}],"wp:term":[{"taxonomy":"product_brand","embeddable":true,"href":"https:\/\/firsttravelretail.lv\/en\/wp-json\/wp\/v2\/product_brand?post=58880"},{"taxonomy":"product_cat","embeddable":true,"href":"https:\/\/firsttravelretail.lv\/en\/wp-json\/wp\/v2\/product_cat?post=58880"},{"taxonomy":"product_tag","embeddable":true,"href":"https:\/\/firsttravelretail.lv\/en\/wp-json\/wp\/v2\/product_tag?post=58880"}],"curies":[{"name":"wp","href":"https:\/\/api.w.org\/{rel}","templated":true}]}}