{"id":58879,"date":"2025-04-09T11:39:28","date_gmt":"2025-04-09T09:39:28","guid":{"rendered":"https:\/\/pink-shark-215315.hostingersite.com\/?post_type=product&#038;p=58879"},"modified":"2026-04-08T11:16:38","modified_gmt":"2026-04-08T09:16:38","slug":"maxime-trijol-fins-bois-1975","status":"publish","type":"product","link":"https:\/\/firsttravelretail.lv\/en\/produkts\/maxime-trijol-fins-bois-1975\/","title":{"rendered":"Maxime Trijol FINS BOIS 1975 konjaks"},"content":{"rendered":"<p class=\"\" data-start=\"133\" data-end=\"294\"><strong data-start=\"133\" data-end=\"145\">Tilpums:<\/strong> 0,7 L<br data-start=\"151\" data-end=\"154\" \/><strong data-start=\"154\" data-end=\"174\">Alkohola saturs:<\/strong> 40%<br data-start=\"178\" data-end=\"181\" \/><strong data-start=\"181\" data-end=\"196\">Kategorija:<\/strong> Vintage konjaks<br data-start=\"212\" data-end=\"215\" \/><strong data-start=\"215\" data-end=\"227\">Re\u0123ions:<\/strong> Fins Bois, Konjaka re\u0123ions, Francija<br data-start=\"264\" data-end=\"267\" \/><strong data-start=\"267\" data-end=\"280\">Ra\u017eot\u0101js:<\/strong> Maxime Trijol<strong data-start=\"319\" data-end=\"351\">Maxime Trijol Fins Bois 1975<\/strong> ir izcils vintage konjaks, kas destil\u0113ts <strong data-start=\"393\" data-end=\"407\">1975. gad\u0101<\/strong> un nogatavin\u0101ts vair\u0101k nek\u0101 \u010detras desmitgades, ieg\u016bstot dzi\u013cu un sare\u017e\u0123\u012btu gar\u0161as profilu. \u0160is konjaks atspogu\u013co <strong data-start=\"522\" data-end=\"535\">Fins Bois<\/strong> apgabala terroir rakstur\u012bg\u0101s iez\u012bmes, pied\u0101v\u0101jot bag\u0101t\u012bgu un harmonisku baud\u012bjumu.<\/p>\n<h3 class=\"\" data-start=\"625\" data-end=\"650\"><strong data-start=\"629\" data-end=\"650\">Arom\u0101ts un gar\u0161a:<\/strong><\/h3>\n<ul data-start=\"651\" data-end=\"1013\">\n<li class=\"\" data-start=\"651\" data-end=\"780\">\n<p class=\"\" data-start=\"653\" data-end=\"780\"><strong data-start=\"653\" data-end=\"665\">Arom\u0101ts:<\/strong> silts un pievilc\u012bgs, ar medus, grauzd\u0113tu riekstu un \u017e\u0101v\u0113tu aug\u013cu not\u012bm, papildin\u0101ts ar vieglu vani\u013cas piesk\u0101rienu.<\/p>\n<\/li>\n<li class=\"\" data-start=\"781\" data-end=\"938\">\n<p class=\"\" data-start=\"783\" data-end=\"938\"><strong data-start=\"783\" data-end=\"793\">Gar\u0161a:<\/strong> komplekss un l\u012bdzsvarots, kur\u0101 domin\u0113 vijol\u012b\u0161u, svaigu un grauzd\u0113tu lazdu riekstu, k\u0101 ar\u012b koksnes nianses.<\/p>\n<\/li>\n<li class=\"\" data-start=\"939\" data-end=\"1013\">\n<p class=\"\" data-start=\"941\" data-end=\"1013\"><strong data-start=\"941\" data-end=\"954\">P\u0113cgar\u0161a:<\/strong> ilgsto\u0161a un eleganta, atkl\u0101jot koksnes un gar\u0161vielu notis.<\/p>\n<\/li>\n<\/ul>\n<h3 class=\"\" data-start=\"1020\" data-end=\"1037\"><strong data-start=\"1024\" data-end=\"1037\">\u012apa\u0161\u012bbas:<\/strong><\/h3>\n<ul data-start=\"1038\" data-end=\"1414\">\n<li class=\"\" data-start=\"1038\" data-end=\"1150\">\n<p class=\"\" data-start=\"1040\" data-end=\"1150\"><strong data-start=\"1040\" data-end=\"1062\">Vintage izlaidums:<\/strong> destil\u0113ts 1975. gad\u0101, kas padara \u0161o konjaku par unik\u0101lu un kolekcion\u0101ru v\u0113rtu dz\u0113rienu.<\/p>\n<\/li>\n<li class=\"\" data-start=\"1151\" data-end=\"1277\">\n<p class=\"\" data-start=\"1153\" data-end=\"1277\"><strong data-start=\"1153\" data-end=\"1184\">Fins Bois re\u0123iona raksturs:<\/strong> \u0161is apgabals ir paz\u012bstams ar konjakiem, kas \u0101tr\u0101k nogatavojas un att\u012bsta bag\u0101t\u012bgus arom\u0101tus.<\/p>\n<\/li>\n<li class=\"\" data-start=\"1278\" data-end=\"1414\">\n<p class=\"\" data-start=\"1280\" data-end=\"1414\"><strong data-start=\"1280\" data-end=\"1308\">Ilgsto\u0161a nogatavin\u0101\u0161ana:<\/strong> vair\u0101k nek\u0101 40 gadu ilgs nogatavin\u0101\u0161anas process ozolkoka muc\u0101s pie\u0161\u0137ir dz\u0113rienam dzi\u013cumu un sare\u017e\u0123\u012bt\u012bbu.<\/p>\n<\/li>\n<\/ul>\n<h3 class=\"\" data-start=\"1421\" data-end=\"1448\"><strong data-start=\"1425\" data-end=\"1448\">Lieliski piem\u0113rots:<\/strong><\/h3>\n<ul data-start=\"1449\" data-end=\"1763\">\n<li class=\"\" data-start=\"1449\" data-end=\"1566\">\n<p class=\"\" data-start=\"1451\" data-end=\"1566\"><strong data-start=\"1451\" data-end=\"1476\">Ekskluz\u012bv\u0101m svin\u012bb\u0101m:<\/strong> pateicoties t\u0101 retumam un kvalit\u0101tei, \u0161is konjaks ir ide\u0101li piem\u0113rots \u012bpa\u0161iem notikumiem.<\/p>\n<\/li>\n<li class=\"\" data-start=\"1567\" data-end=\"1656\">\n<p class=\"\" data-start=\"1569\" data-end=\"1656\"><strong data-start=\"1569\" data-end=\"1588\">Kolekcion\u0101riem:<\/strong> vintage izlaidumi ir augsti nov\u0113rt\u0113ti starp konjaka kolekcion\u0101riem.<\/p>\n<\/li>\n<li class=\"\" data-start=\"1657\" data-end=\"1763\">\n<p class=\"\" data-start=\"1659\" data-end=\"1763\"><strong data-start=\"1659\" data-end=\"1671\">D\u0101vanai:<\/strong> luksusa iepakojums un unik\u0101lais raksturs padara to par lielisku d\u0101vanu konjaka cien\u012bt\u0101jiem.<\/p>\n<\/li>\n<\/ul>\n<h3 class=\"\" data-start=\"1770\" data-end=\"1801\"><strong data-start=\"1774\" data-end=\"1801\">Pasnieg\u0161anas ieteikumi:<\/strong><\/h3>\n<ul data-start=\"1802\" data-end=\"2089\">\n<li class=\"\" data-start=\"1802\" data-end=\"1893\">\n<p class=\"\" data-start=\"1804\" data-end=\"1893\"><strong data-start=\"1804\" data-end=\"1820\">Temperat\u016bra:<\/strong> pasniegt istabas temperat\u016br\u0101, lai piln\u012bb\u0101 izbaud\u012btu t\u0101 arom\u0101tu un gar\u0161u.<\/p>\n<\/li>\n<li class=\"\" data-start=\"1894\" data-end=\"1993\">\n<p class=\"\" data-start=\"1896\" data-end=\"1993\"><strong data-start=\"1896\" data-end=\"1906\">Gl\u0101ze:<\/strong> izmantot tulpes formas konjaka gl\u0101zi, kas koncentr\u0113 arom\u0101tus un \u013cauj tiem att\u012bst\u012bties.<\/p>\n<\/li>\n<li class=\"\" data-start=\"1994\" data-end=\"2089\">\n<p class=\"\" data-start=\"1996\" data-end=\"2089\"><strong data-start=\"1996\" data-end=\"2010\">Baud\u012b\u0161ana:<\/strong> ieteicams baud\u012bt t\u012br\u0101 veid\u0101, bez piedev\u0101m, lai nov\u0113rt\u0113tu visas gar\u0161as nianses.<\/p>\n<\/li>\n<\/ul>\n<p class=\"\" data-start=\"2096\" data-end=\"2294\">\n","protected":false},"excerpt":{"rendered":"<p>Tilpums: 0,7 LAlkohola saturs: 40%Kategorija: Vintage konjaksRe\u0123ions: Fins Bois, Konjaka re\u0123ions, FrancijaRa\u017eot\u0101js: Maxime TrijolMaxime Trijol Fins Bois 1975 ir izcils vintage konjaks, kas destil\u0113ts 1975. gad\u0101 un nogatavin\u0101ts vair\u0101k nek\u0101 \u010detras desmitgades, ieg\u016bstot dzi\u013cu un sare\u017e\u0123\u012btu gar\u0161as profilu. \u0160is konjaks atspogu\u013co Fins Bois apgabala terroir rakstur\u012bg\u0101s iez\u012bmes, pied\u0101v\u0101jot bag\u0101t\u012bgu un harmonisku baud\u012bjumu. Arom\u0101ts un gar\u0161a: [&hellip;]<\/p>\n","protected":false},"featured_media":59136,"comment_status":"open","ping_status":"closed","template":"","meta":[],"product_brand":[174],"product_cat":[173],"product_tag":[],"class_list":{"0":"post-58879","1":"product","2":"type-product","3":"status-publish","4":"has-post-thumbnail","6":"product_brand-maxime-trijol","7":"product_cat-konjaks","8":"pa_valsts-francija","11":"first","12":"instock","13":"shipping-taxable","14":"purchasable","15":"product-type-simple"},"_links":{"self":[{"href":"https:\/\/firsttravelretail.lv\/en\/wp-json\/wp\/v2\/product\/58879","targetHints":{"allow":["GET"]}}],"collection":[{"href":"https:\/\/firsttravelretail.lv\/en\/wp-json\/wp\/v2\/product"}],"about":[{"href":"https:\/\/firsttravelretail.lv\/en\/wp-json\/wp\/v2\/types\/product"}],"replies":[{"embeddable":true,"href":"https:\/\/firsttravelretail.lv\/en\/wp-json\/wp\/v2\/comments?post=58879"}],"wp:featuredmedia":[{"embeddable":true,"href":"https:\/\/firsttravelretail.lv\/en\/wp-json\/wp\/v2\/media\/59136"}],"wp:attachment":[{"href":"https:\/\/firsttravelretail.lv\/en\/wp-json\/wp\/v2\/media?parent=58879"}],"wp:term":[{"taxonomy":"product_brand","embeddable":true,"href":"https:\/\/firsttravelretail.lv\/en\/wp-json\/wp\/v2\/product_brand?post=58879"},{"taxonomy":"product_cat","embeddable":true,"href":"https:\/\/firsttravelretail.lv\/en\/wp-json\/wp\/v2\/product_cat?post=58879"},{"taxonomy":"product_tag","embeddable":true,"href":"https:\/\/firsttravelretail.lv\/en\/wp-json\/wp\/v2\/product_tag?post=58879"}],"curies":[{"name":"wp","href":"https:\/\/api.w.org\/{rel}","templated":true}]}}