{"id":58878,"date":"2025-04-09T11:32:00","date_gmt":"2025-04-09T09:32:00","guid":{"rendered":"https:\/\/pink-shark-215315.hostingersite.com\/?post_type=product&#038;p=58878"},"modified":"2026-04-08T11:17:36","modified_gmt":"2026-04-08T09:17:36","slug":"major-gunns-viskijs-40-1l","status":"publish","type":"product","link":"https:\/\/firsttravelretail.lv\/en\/produkts\/major-gunns-viskijs-40-1l\/","title":{"rendered":"Major Gunns viskijs 40% 1L"},"content":{"rendered":"<p class=\"\" data-start=\"135\" data-end=\"269\"><strong data-start=\"135\" data-end=\"147\">Tilpums:<\/strong> 1 L<br data-start=\"151\" data-end=\"154\" \/><strong data-start=\"154\" data-end=\"174\">Alkohola saturs:<\/strong> 40%<br data-start=\"178\" data-end=\"181\" \/><strong data-start=\"181\" data-end=\"196\">Kategorija:<\/strong> Skotu mais\u012btais viskijs (Blended Scotch)<br data-start=\"237\" data-end=\"240\" \/><strong data-start=\"240\" data-end=\"261\">Izcelsmes valsts:<\/strong> Skotija<\/p>\n<p class=\"\" data-start=\"135\" data-end=\"269\"><strong data-start=\"294\" data-end=\"309\">Major Gunns<\/strong> ir klasiskas v\u0113rt\u012bbas <strong data-start=\"332\" data-end=\"362\">Skotijas mais\u012btais viskijs<\/strong>, kas rad\u012bts, apvienojot graudu un iesala viskijus no da\u017e\u0101diem re\u0123ioniem. Tas pied\u0101v\u0101 <strong data-start=\"448\" data-end=\"478\">maigu un sabalans\u0113tu gar\u0161u<\/strong>, padarot to ide\u0101li piem\u0113rotu gan t\u012brai baud\u012b\u0161anai, gan k\u0101 pamatu koktei\u013ciem.<\/p>\n<p class=\"\" data-start=\"557\" data-end=\"693\">Pateicoties savai pieejamajai cenai un vienk\u0101r\u0161ajai, bet pat\u012bkamajai gar\u0161as bu\u0137etei, <strong data-start=\"642\" data-end=\"657\">Major Gunns<\/strong> ir laba izv\u0113le ikdienas baud\u012bjumam.<\/p>\n","protected":false},"excerpt":{"rendered":"<p>Tilpums: 1 LAlkohola saturs: 40%Kategorija: Skotu mais\u012btais viskijs (Blended Scotch)Izcelsmes valsts: Skotija Major Gunns ir klasiskas v\u0113rt\u012bbas Skotijas mais\u012btais viskijs, kas rad\u012bts, apvienojot graudu un iesala viskijus no da\u017e\u0101diem re\u0123ioniem. Tas pied\u0101v\u0101 maigu un sabalans\u0113tu gar\u0161u, padarot to ide\u0101li piem\u0113rotu gan t\u012brai baud\u012b\u0161anai, gan k\u0101 pamatu koktei\u013ciem. Pateicoties savai pieejamajai cenai un vienk\u0101r\u0161ajai, bet pat\u012bkamajai [&hellip;]<\/p>\n","protected":false},"featured_media":59030,"comment_status":"open","ping_status":"closed","template":"","meta":[],"product_brand":[172],"product_cat":[151],"product_tag":[],"class_list":{"0":"post-58878","1":"product","2":"type-product","3":"status-publish","4":"has-post-thumbnail","6":"product_brand-major-gunns","7":"product_cat-viskijs","8":"pa_valsts-skotija","11":"first","12":"instock","13":"shipping-taxable","14":"purchasable","15":"product-type-simple"},"_links":{"self":[{"href":"https:\/\/firsttravelretail.lv\/en\/wp-json\/wp\/v2\/product\/58878","targetHints":{"allow":["GET"]}}],"collection":[{"href":"https:\/\/firsttravelretail.lv\/en\/wp-json\/wp\/v2\/product"}],"about":[{"href":"https:\/\/firsttravelretail.lv\/en\/wp-json\/wp\/v2\/types\/product"}],"replies":[{"embeddable":true,"href":"https:\/\/firsttravelretail.lv\/en\/wp-json\/wp\/v2\/comments?post=58878"}],"wp:featuredmedia":[{"embeddable":true,"href":"https:\/\/firsttravelretail.lv\/en\/wp-json\/wp\/v2\/media\/59030"}],"wp:attachment":[{"href":"https:\/\/firsttravelretail.lv\/en\/wp-json\/wp\/v2\/media?parent=58878"}],"wp:term":[{"taxonomy":"product_brand","embeddable":true,"href":"https:\/\/firsttravelretail.lv\/en\/wp-json\/wp\/v2\/product_brand?post=58878"},{"taxonomy":"product_cat","embeddable":true,"href":"https:\/\/firsttravelretail.lv\/en\/wp-json\/wp\/v2\/product_cat?post=58878"},{"taxonomy":"product_tag","embeddable":true,"href":"https:\/\/firsttravelretail.lv\/en\/wp-json\/wp\/v2\/product_tag?post=58878"}],"curies":[{"name":"wp","href":"https:\/\/api.w.org\/{rel}","templated":true}]}}