{"id":58877,"date":"2025-04-09T11:02:01","date_gmt":"2025-04-09T09:02:01","guid":{"rendered":"https:\/\/pink-shark-215315.hostingersite.com\/?post_type=product&#038;p=58877"},"modified":"2026-04-08T11:18:19","modified_gmt":"2026-04-08T09:18:19","slug":"lauders-40-1l","status":"publish","type":"product","link":"https:\/\/firsttravelretail.lv\/en\/produkts\/lauders-40-1l\/","title":{"rendered":"Lauders 40% 1L"},"content":{"rendered":"<p class=\"\" data-start=\"129\" data-end=\"263\"><strong data-start=\"129\" data-end=\"141\">Tilpums:<\/strong> 1 L<br data-start=\"145\" data-end=\"148\" \/><strong data-start=\"148\" data-end=\"168\">Alkohola saturs:<\/strong> 40%<br data-start=\"172\" data-end=\"175\" \/><strong data-start=\"175\" data-end=\"190\">Kategorija:<\/strong> Skotu mais\u012btais viskijs (Blended Scotch)<br data-start=\"231\" data-end=\"234\" \/><strong data-start=\"234\" data-end=\"255\">Izcelsmes valsts:<\/strong> Skotija<\/p>\n<p class=\"\" data-start=\"129\" data-end=\"263\"><strong data-start=\"288\" data-end=\"300\">Lauder\u2019s<\/strong> ir tradicion\u0101ls <strong data-start=\"317\" data-end=\"344\">skotu mais\u012btais viskijs<\/strong>, kas pirmo reizi tika rad\u012bts <strong data-start=\"374\" data-end=\"397\">1834. gad\u0101 Gl\u0101zgov\u0101<\/strong>. Viskijs tiek veidots, apvienojot r\u016bp\u012bgi atlas\u012btus iesala un graudu viskijus, kas nogatavin\u0101ti ozolkoka muc\u0101s. T\u0101 rezult\u0101ts \u2013 gluds un viegli baud\u0101ms dz\u0113riens ar klasisku Skotijas raksturu.<\/p>\n<p class=\"\" data-start=\"589\" data-end=\"713\">Pateicoties savam <strong data-start=\"607\" data-end=\"638\">l\u012bdzsvarotajam un vieglajam<\/strong> stilam, <strong data-start=\"647\" data-end=\"659\">Lauder\u2019s<\/strong> ir piem\u0113rots gan ies\u0101c\u0113jiem, gan ikdienas baud\u012bjumam.<\/p>\n","protected":false},"excerpt":{"rendered":"<p>Tilpums: 1 LAlkohola saturs: 40%Kategorija: Skotu mais\u012btais viskijs (Blended Scotch)Izcelsmes valsts: Skotija Lauder\u2019s ir tradicion\u0101ls skotu mais\u012btais viskijs, kas pirmo reizi tika rad\u012bts 1834. gad\u0101 Gl\u0101zgov\u0101. Viskijs tiek veidots, apvienojot r\u016bp\u012bgi atlas\u012btus iesala un graudu viskijus, kas nogatavin\u0101ti ozolkoka muc\u0101s. T\u0101 rezult\u0101ts \u2013 gluds un viegli baud\u0101ms dz\u0113riens ar klasisku Skotijas raksturu. Pateicoties savam l\u012bdzsvarotajam [&hellip;]<\/p>\n","protected":false},"featured_media":59002,"comment_status":"open","ping_status":"closed","template":"","meta":[],"product_brand":[171],"product_cat":[151],"product_tag":[],"class_list":{"0":"post-58877","1":"product","2":"type-product","3":"status-publish","4":"has-post-thumbnail","6":"product_brand-lauders","7":"product_cat-viskijs","8":"pa_valsts-skotija","11":"first","12":"instock","13":"shipping-taxable","14":"purchasable","15":"product-type-simple"},"_links":{"self":[{"href":"https:\/\/firsttravelretail.lv\/en\/wp-json\/wp\/v2\/product\/58877","targetHints":{"allow":["GET"]}}],"collection":[{"href":"https:\/\/firsttravelretail.lv\/en\/wp-json\/wp\/v2\/product"}],"about":[{"href":"https:\/\/firsttravelretail.lv\/en\/wp-json\/wp\/v2\/types\/product"}],"replies":[{"embeddable":true,"href":"https:\/\/firsttravelretail.lv\/en\/wp-json\/wp\/v2\/comments?post=58877"}],"wp:featuredmedia":[{"embeddable":true,"href":"https:\/\/firsttravelretail.lv\/en\/wp-json\/wp\/v2\/media\/59002"}],"wp:attachment":[{"href":"https:\/\/firsttravelretail.lv\/en\/wp-json\/wp\/v2\/media?parent=58877"}],"wp:term":[{"taxonomy":"product_brand","embeddable":true,"href":"https:\/\/firsttravelretail.lv\/en\/wp-json\/wp\/v2\/product_brand?post=58877"},{"taxonomy":"product_cat","embeddable":true,"href":"https:\/\/firsttravelretail.lv\/en\/wp-json\/wp\/v2\/product_cat?post=58877"},{"taxonomy":"product_tag","embeddable":true,"href":"https:\/\/firsttravelretail.lv\/en\/wp-json\/wp\/v2\/product_tag?post=58877"}],"curies":[{"name":"wp","href":"https:\/\/api.w.org\/{rel}","templated":true}]}}