{"id":58876,"date":"2025-04-09T10:55:22","date_gmt":"2025-04-09T08:55:22","guid":{"rendered":"https:\/\/pink-shark-215315.hostingersite.com\/?post_type=product&#038;p=58876"},"modified":"2026-04-08T11:20:11","modified_gmt":"2026-04-08T09:20:11","slug":"jack-daniels-jd-tenn-honey-twinswet-40-1l-jd-honey-35-1l","status":"publish","type":"product","link":"https:\/\/firsttravelretail.lv\/en\/produkts\/jack-daniels-jd-tenn-honey-twinswet-40-1l-jd-honey-35-1l\/","title":{"rendered":"Jack Daniels &#038; JD Tenn Honey Twinswet 40% 1L (JD Honey) 35% 1L"},"content":{"rendered":"<p class=\"\" data-start=\"166\" data-end=\"211\"><strong data-start=\"166\" data-end=\"178\">Tilpums:<\/strong> 2 x 1 L<br data-start=\"186\" data-end=\"189\" \/><strong data-start=\"189\" data-end=\"209\">Alkohola saturs:<\/strong><\/p>\n<ul data-start=\"212\" data-end=\"385\">\n<li class=\"\" data-start=\"212\" data-end=\"248\">\n<p class=\"\" data-start=\"214\" data-end=\"248\"><strong data-start=\"214\" data-end=\"242\">Jack Daniel\u2019s Old No. 7:<\/strong> 40%<\/p>\n<\/li>\n<li class=\"\" data-start=\"249\" data-end=\"385\">\n<p class=\"\" data-start=\"251\" data-end=\"385\"><strong data-start=\"251\" data-end=\"285\">Jack Daniel\u2019s Tennessee Honey:<\/strong> 35%<br data-start=\"289\" data-end=\"292\" \/><strong data-start=\"292\" data-end=\"307\">Kategorija:<\/strong> Tenes\u012b viskijs un li\u0137ieris<br data-start=\"334\" data-end=\"337\" \/><strong data-start=\"337\" data-end=\"358\">Izcelsmes valsts:<\/strong> ASV (Lynchburg, Tennessee)<strong data-start=\"410\" data-end=\"435\">Jack Daniel\u2019s Twinset<\/strong> ir lieliska d\u0101vanu vai ball\u012b\u0161u izv\u0113le, kas apvieno divus ikoniskus dz\u0113rienus no <strong data-start=\"516\" data-end=\"533\">Jack Daniel\u2019s<\/strong>saimes \u2013 klasisko <strong data-start=\"552\" data-end=\"583\">Old No. 7 Tennessee Whiskey<\/strong> un saldeno, viegl\u0101ku <strong data-start=\"605\" data-end=\"624\">Tennessee Honey<\/strong> li\u0137ieri, kura pamat\u0101 ir \u012bsts Jack Daniel\u2019s viskijs.<\/p>\n<\/li>\n<\/ul>\n<p class=\"\" data-start=\"678\" data-end=\"811\">\u0160is komplekts pied\u0101v\u0101 daudzveid\u012bbu: viens dz\u0113riens ar sp\u0113c\u012bgu un bag\u0101t\u012bgu raksturu, otrs \u2013 ar maigu, saldu un z\u012bdainu gar\u0161as profilu.<\/p>\n","protected":false},"excerpt":{"rendered":"<p>Jack Daniels &amp; JD Tenn Honey Twinswet 40% 1L (JD Honey) 35% 1L<\/p>\n","protected":false},"featured_media":59026,"comment_status":"open","ping_status":"closed","template":"","meta":[],"product_brand":[169],"product_cat":[151],"product_tag":[],"class_list":{"0":"post-58876","1":"product","2":"type-product","3":"status-publish","4":"has-post-thumbnail","6":"product_brand-jack-daniels","7":"product_cat-viskijs","8":"pa_valsts-asv","11":"first","12":"instock","13":"shipping-taxable","14":"purchasable","15":"product-type-simple"},"_links":{"self":[{"href":"https:\/\/firsttravelretail.lv\/en\/wp-json\/wp\/v2\/product\/58876","targetHints":{"allow":["GET"]}}],"collection":[{"href":"https:\/\/firsttravelretail.lv\/en\/wp-json\/wp\/v2\/product"}],"about":[{"href":"https:\/\/firsttravelretail.lv\/en\/wp-json\/wp\/v2\/types\/product"}],"replies":[{"embeddable":true,"href":"https:\/\/firsttravelretail.lv\/en\/wp-json\/wp\/v2\/comments?post=58876"}],"wp:featuredmedia":[{"embeddable":true,"href":"https:\/\/firsttravelretail.lv\/en\/wp-json\/wp\/v2\/media\/59026"}],"wp:attachment":[{"href":"https:\/\/firsttravelretail.lv\/en\/wp-json\/wp\/v2\/media?parent=58876"}],"wp:term":[{"taxonomy":"product_brand","embeddable":true,"href":"https:\/\/firsttravelretail.lv\/en\/wp-json\/wp\/v2\/product_brand?post=58876"},{"taxonomy":"product_cat","embeddable":true,"href":"https:\/\/firsttravelretail.lv\/en\/wp-json\/wp\/v2\/product_cat?post=58876"},{"taxonomy":"product_tag","embeddable":true,"href":"https:\/\/firsttravelretail.lv\/en\/wp-json\/wp\/v2\/product_tag?post=58876"}],"curies":[{"name":"wp","href":"https:\/\/api.w.org\/{rel}","templated":true}]}}