{"id":58875,"date":"2025-04-09T10:50:48","date_gmt":"2025-04-09T08:50:48","guid":{"rendered":"https:\/\/pink-shark-215315.hostingersite.com\/?post_type=product&#038;p=58875"},"modified":"2026-04-08T11:21:16","modified_gmt":"2026-04-08T09:21:16","slug":"jack-daniels-twinset-2x1-40-1l","status":"publish","type":"product","link":"https:\/\/firsttravelretail.lv\/en\/produkts\/jack-daniels-twinset-2x1-40-1l\/","title":{"rendered":"Jack Daniels Twinset (2&#215;1) 40% 1L"},"content":{"rendered":"<p class=\"\" data-start=\"144\" data-end=\"302\"><strong data-start=\"144\" data-end=\"156\">Tilpums:<\/strong> 2 x 1 L<br data-start=\"164\" data-end=\"167\" \/><strong data-start=\"167\" data-end=\"187\">Alkohola saturs:<\/strong> 40%<br data-start=\"191\" data-end=\"194\" \/><strong data-start=\"194\" data-end=\"209\">Kategorija:<\/strong> Tenes\u012b viskijs (klasiskais <strong data-start=\"237\" data-end=\"250\">Old No. 7<\/strong>)<br data-start=\"251\" data-end=\"254\" \/><strong data-start=\"254\" data-end=\"275\">Izcelsmes valsts:<\/strong> ASV (Lynchburg, Tennessee)<\/p>\n<p class=\"\" data-start=\"327\" data-end=\"642\"><strong data-start=\"327\" data-end=\"352\">Jack Daniel\u2019s Twinset<\/strong> ir lieliska izv\u0113le viskija cien\u012bt\u0101jiem un svin\u012bb\u0101m \u2013 komplekts ar <strong data-start=\"419\" data-end=\"444\">div\u0101m 1 litra pudel\u0113m<\/strong> le\u0123end\u0101r\u0101 <strong data-start=\"455\" data-end=\"500\">Jack Daniel\u2019s Old No. 7 Tennessee Whiskey<\/strong>. \u0160is viskijs tiek r\u016bp\u012bgi destil\u0113ts un filtr\u0113ts caur cukura k\u013cavas kokog\u013cu sl\u0101ni (Lincoln County Process), kas pie\u0161\u0137ir tam rakstur\u012bgo maigumu.<\/p>\n<p class=\"\" data-start=\"644\" data-end=\"711\">Klasisks, p\u0101rbaud\u012bts un iem\u012b\u013cots dz\u0113riens, ko nov\u0113rt\u0113 vis\u0101 pasaul\u0113.<\/p>\n","protected":false},"excerpt":{"rendered":"<p>Tilpums: 2 x 1 LAlkohola saturs: 40%Kategorija: Tenes\u012b viskijs (klasiskais Old No. 7)Izcelsmes valsts: ASV (Lynchburg, Tennessee) Jack Daniel\u2019s Twinset ir lieliska izv\u0113le viskija cien\u012bt\u0101jiem un svin\u012bb\u0101m \u2013 komplekts ar div\u0101m 1 litra pudel\u0113m le\u0123end\u0101r\u0101 Jack Daniel\u2019s Old No. 7 Tennessee Whiskey. \u0160is viskijs tiek r\u016bp\u012bgi destil\u0113ts un filtr\u0113ts caur cukura k\u013cavas kokog\u013cu sl\u0101ni (Lincoln [&hellip;]<\/p>\n","protected":false},"featured_media":59012,"comment_status":"open","ping_status":"closed","template":"","meta":[],"product_brand":[169],"product_cat":[151],"product_tag":[],"class_list":{"0":"post-58875","1":"product","2":"type-product","3":"status-publish","4":"has-post-thumbnail","6":"product_brand-jack-daniels","7":"product_cat-viskijs","8":"pa_valsts-asv","11":"first","12":"instock","13":"shipping-taxable","14":"purchasable","15":"product-type-simple"},"_links":{"self":[{"href":"https:\/\/firsttravelretail.lv\/en\/wp-json\/wp\/v2\/product\/58875","targetHints":{"allow":["GET"]}}],"collection":[{"href":"https:\/\/firsttravelretail.lv\/en\/wp-json\/wp\/v2\/product"}],"about":[{"href":"https:\/\/firsttravelretail.lv\/en\/wp-json\/wp\/v2\/types\/product"}],"replies":[{"embeddable":true,"href":"https:\/\/firsttravelretail.lv\/en\/wp-json\/wp\/v2\/comments?post=58875"}],"wp:featuredmedia":[{"embeddable":true,"href":"https:\/\/firsttravelretail.lv\/en\/wp-json\/wp\/v2\/media\/59012"}],"wp:attachment":[{"href":"https:\/\/firsttravelretail.lv\/en\/wp-json\/wp\/v2\/media?parent=58875"}],"wp:term":[{"taxonomy":"product_brand","embeddable":true,"href":"https:\/\/firsttravelretail.lv\/en\/wp-json\/wp\/v2\/product_brand?post=58875"},{"taxonomy":"product_cat","embeddable":true,"href":"https:\/\/firsttravelretail.lv\/en\/wp-json\/wp\/v2\/product_cat?post=58875"},{"taxonomy":"product_tag","embeddable":true,"href":"https:\/\/firsttravelretail.lv\/en\/wp-json\/wp\/v2\/product_tag?post=58875"}],"curies":[{"name":"wp","href":"https:\/\/api.w.org\/{rel}","templated":true}]}}