{"id":58874,"date":"2025-04-09T10:47:39","date_gmt":"2025-04-09T08:47:39","guid":{"rendered":"https:\/\/pink-shark-215315.hostingersite.com\/?post_type=product&#038;p=58874"},"modified":"2026-04-08T11:22:08","modified_gmt":"2026-04-08T09:22:08","slug":"jack-daniels-mclaren-limited-ed-40-1l-davanu-iepakojums","status":"publish","type":"product","link":"https:\/\/firsttravelretail.lv\/en\/produkts\/jack-daniels-mclaren-limited-ed-40-1l-davanu-iepakojums\/","title":{"rendered":"Jack Daniels McLaren Limited Ed. 40% 1L + d\u0101vanu iepakojums"},"content":{"rendered":"<p class=\"\" data-start=\"165\" data-end=\"366\"><strong data-start=\"165\" data-end=\"177\">Tilpums:<\/strong> 1 L<br data-start=\"181\" data-end=\"184\" \/><strong data-start=\"184\" data-end=\"204\">Alkohola saturs:<\/strong> 40%<br data-start=\"208\" data-end=\"211\" \/><strong data-start=\"211\" data-end=\"226\">Kategorija:<\/strong> Tenes\u012b viskijs (Limited Edition)<br data-start=\"259\" data-end=\"262\" \/><strong data-start=\"262\" data-end=\"283\">Izcelsmes valsts:<\/strong> ASV (Lynchburg, Tennessee)<br data-start=\"310\" data-end=\"313\" \/><strong data-start=\"313\" data-end=\"328\">Iepakojums:<\/strong> Ar d\u0101vanu kast\u012bti (<strong data-start=\"348\" data-end=\"365\">GB \u2013 Gift Box<\/strong>)<\/p>\n<p class=\"\" data-start=\"391\" data-end=\"685\"><strong data-start=\"391\" data-end=\"432\">Jack Daniel\u2019s McLaren Limited Edition<\/strong> ir ekskluz\u012bvs Tenes\u012b viskija izlaidums, rad\u012bts sadarb\u012bb\u0101 starp diviem le\u0123end\u0101riem z\u012bmoliem \u2013 <strong data-start=\"526\" data-end=\"543\">Jack Daniel\u2019s<\/strong> un <strong data-start=\"547\" data-end=\"568\">McLaren Formula 1<\/strong> komandu. \u0160is limit\u0113tais izlaidums atz\u012bm\u0113 vi\u0146u sadarb\u012bbu autosporta pasaul\u0113 un simboliz\u0113 meistar\u012bbu, \u0101trumu un stilu.<\/p>\n<p class=\"\" data-start=\"687\" data-end=\"929\">Viskija sast\u0101vs un gar\u0161as profils ir klasisks <strong data-start=\"733\" data-end=\"760\">Jack Daniel\u2019s Old No. 7<\/strong>, bet tas ir iet\u0113rpts <strong data-start=\"782\" data-end=\"801\">unik\u0101l\u0101 dizain\u0101<\/strong>, ko iedvesmoju\u0161i McLaren sac\u012bk\u0161u auto kr\u0101sojuma mot\u012bvi \u2013 elegant\u0101 meln\u0101 un oran\u017e\u0101 ton\u012b, ar McLaren un Jack Daniel\u2019s logotipiem.<\/p>\n","protected":false},"excerpt":{"rendered":"<p>Tilpums: 1 LAlkohola saturs: 40%Kategorija: Tenes\u012b viskijs (Limited Edition)Izcelsmes valsts: ASV (Lynchburg, Tennessee)Iepakojums: Ar d\u0101vanu kast\u012bti (GB \u2013 Gift Box) Jack Daniel\u2019s McLaren Limited Edition ir ekskluz\u012bvs Tenes\u012b viskija izlaidums, rad\u012bts sadarb\u012bb\u0101 starp diviem le\u0123end\u0101riem z\u012bmoliem \u2013 Jack Daniel\u2019s un McLaren Formula 1 komandu. \u0160is limit\u0113tais izlaidums atz\u012bm\u0113 vi\u0146u sadarb\u012bbu autosporta pasaul\u0113 un simboliz\u0113 meistar\u012bbu, [&hellip;]<\/p>\n","protected":false},"featured_media":59043,"comment_status":"open","ping_status":"closed","template":"","meta":[],"product_brand":[169],"product_cat":[151],"product_tag":[],"class_list":{"0":"post-58874","1":"product","2":"type-product","3":"status-publish","4":"has-post-thumbnail","6":"product_brand-jack-daniels","7":"product_cat-viskijs","8":"pa_valsts-asv","11":"first","12":"instock","13":"shipping-taxable","14":"purchasable","15":"product-type-simple"},"_links":{"self":[{"href":"https:\/\/firsttravelretail.lv\/en\/wp-json\/wp\/v2\/product\/58874","targetHints":{"allow":["GET"]}}],"collection":[{"href":"https:\/\/firsttravelretail.lv\/en\/wp-json\/wp\/v2\/product"}],"about":[{"href":"https:\/\/firsttravelretail.lv\/en\/wp-json\/wp\/v2\/types\/product"}],"replies":[{"embeddable":true,"href":"https:\/\/firsttravelretail.lv\/en\/wp-json\/wp\/v2\/comments?post=58874"}],"wp:featuredmedia":[{"embeddable":true,"href":"https:\/\/firsttravelretail.lv\/en\/wp-json\/wp\/v2\/media\/59043"}],"wp:attachment":[{"href":"https:\/\/firsttravelretail.lv\/en\/wp-json\/wp\/v2\/media?parent=58874"}],"wp:term":[{"taxonomy":"product_brand","embeddable":true,"href":"https:\/\/firsttravelretail.lv\/en\/wp-json\/wp\/v2\/product_brand?post=58874"},{"taxonomy":"product_cat","embeddable":true,"href":"https:\/\/firsttravelretail.lv\/en\/wp-json\/wp\/v2\/product_cat?post=58874"},{"taxonomy":"product_tag","embeddable":true,"href":"https:\/\/firsttravelretail.lv\/en\/wp-json\/wp\/v2\/product_tag?post=58874"}],"curies":[{"name":"wp","href":"https:\/\/api.w.org\/{rel}","templated":true}]}}