{"id":58873,"date":"2025-04-09T10:44:16","date_gmt":"2025-04-09T08:44:16","guid":{"rendered":"https:\/\/pink-shark-215315.hostingersite.com\/?post_type=product&#038;p=58873"},"modified":"2026-04-08T11:22:56","modified_gmt":"2026-04-08T09:22:56","slug":"gentleman-jack-40-1l","status":"publish","type":"product","link":"https:\/\/firsttravelretail.lv\/en\/produkts\/gentleman-jack-40-1l\/","title":{"rendered":"Gentleman Jack 40% 1L"},"content":{"rendered":"<p class=\"\" data-start=\"267\" data-end=\"573\"><strong data-start=\"267\" data-end=\"285\">Gentleman Jack<\/strong> ir izsmalcin\u0101ts un vienlaikus pieejams viskijs no le\u0123end\u0101r\u0101 <strong data-start=\"346\" data-end=\"363\">Jack Daniel\u2019s<\/strong> z\u012bmola. Tas izce\u013cas ar \u012bpa\u0161i maigu raksturu, pateicoties unik\u0101lam divk\u0101r\u0161as <strong data-start=\"440\" data-end=\"469\">og\u013cu filtr\u0101cijas procesam<\/strong> \u2013 pirms un p\u0113c nogatavin\u0101\u0161anas. \u0160\u012b papildu att\u012br\u012b\u0161ana pie\u0161\u0137ir viskijam izteikti gludu, noapa\u013cotu gar\u0161u.<\/p>\n<p class=\"\" data-start=\"575\" data-end=\"690\">Tas ir ide\u0101li piem\u0113rots gan pieredz\u0113ju\u0161iem viskija cien\u012bt\u0101jiem, gan tiem, kas nov\u0113rt\u0113 maig\u0101ku, elegant\u0101ku dz\u0113rienu.<\/p>\n","protected":false},"excerpt":{"rendered":"<p>Gentleman Jack ir izsmalcin\u0101ts un vienlaikus pieejams viskijs no le\u0123end\u0101r\u0101 Jack Daniel\u2019s z\u012bmola. Tas izce\u013cas ar \u012bpa\u0161i maigu raksturu, pateicoties unik\u0101lam divk\u0101r\u0161as og\u013cu filtr\u0101cijas procesam \u2013 pirms un p\u0113c nogatavin\u0101\u0161anas. \u0160\u012b papildu att\u012br\u012b\u0161ana pie\u0161\u0137ir viskijam izteikti gludu, noapa\u013cotu gar\u0161u. Tas ir ide\u0101li piem\u0113rots gan pieredz\u0113ju\u0161iem viskija cien\u012bt\u0101jiem, gan tiem, kas nov\u0113rt\u0113 maig\u0101ku, elegant\u0101ku dz\u0113rienu.<\/p>\n","protected":false},"featured_media":59041,"comment_status":"open","ping_status":"closed","template":"","meta":[],"product_brand":[169],"product_cat":[151],"product_tag":[],"class_list":{"0":"post-58873","1":"product","2":"type-product","3":"status-publish","4":"has-post-thumbnail","6":"product_brand-jack-daniels","7":"product_cat-viskijs","8":"pa_valsts-asv","11":"first","12":"instock","13":"shipping-taxable","14":"purchasable","15":"product-type-simple"},"_links":{"self":[{"href":"https:\/\/firsttravelretail.lv\/en\/wp-json\/wp\/v2\/product\/58873","targetHints":{"allow":["GET"]}}],"collection":[{"href":"https:\/\/firsttravelretail.lv\/en\/wp-json\/wp\/v2\/product"}],"about":[{"href":"https:\/\/firsttravelretail.lv\/en\/wp-json\/wp\/v2\/types\/product"}],"replies":[{"embeddable":true,"href":"https:\/\/firsttravelretail.lv\/en\/wp-json\/wp\/v2\/comments?post=58873"}],"wp:featuredmedia":[{"embeddable":true,"href":"https:\/\/firsttravelretail.lv\/en\/wp-json\/wp\/v2\/media\/59041"}],"wp:attachment":[{"href":"https:\/\/firsttravelretail.lv\/en\/wp-json\/wp\/v2\/media?parent=58873"}],"wp:term":[{"taxonomy":"product_brand","embeddable":true,"href":"https:\/\/firsttravelretail.lv\/en\/wp-json\/wp\/v2\/product_brand?post=58873"},{"taxonomy":"product_cat","embeddable":true,"href":"https:\/\/firsttravelretail.lv\/en\/wp-json\/wp\/v2\/product_cat?post=58873"},{"taxonomy":"product_tag","embeddable":true,"href":"https:\/\/firsttravelretail.lv\/en\/wp-json\/wp\/v2\/product_tag?post=58873"}],"curies":[{"name":"wp","href":"https:\/\/api.w.org\/{rel}","templated":true}]}}