{"id":58872,"date":"2025-04-08T23:44:48","date_gmt":"2025-04-08T21:44:48","guid":{"rendered":"https:\/\/pink-shark-215315.hostingersite.com\/?post_type=product&#038;p=58872"},"modified":"2026-04-08T11:23:48","modified_gmt":"2026-04-08T09:23:48","slug":"hatozaki-pure-malt-46-0-7l-gb","status":"publish","type":"product","link":"https:\/\/firsttravelretail.lv\/en\/produkts\/hatozaki-pure-malt-46-0-7l-gb\/","title":{"rendered":"Hatozaki Pure Malt 46% viskijs 0.7L d\u0101vanu iepakojum\u0101"},"content":{"rendered":"<p class=\"\" data-start=\"127\" data-end=\"300\"><strong data-start=\"127\" data-end=\"139\">Tilpums:<\/strong> 0.7 L<br data-start=\"145\" data-end=\"148\" \/><strong data-start=\"148\" data-end=\"168\">Alkohola saturs:<\/strong> 46%<br data-start=\"172\" data-end=\"175\" \/><strong data-start=\"175\" data-end=\"190\">Kategorija:<\/strong> Jap\u0101\u0146u viskijs (Pure Malt)<br data-start=\"217\" data-end=\"220\" \/><strong data-start=\"220\" data-end=\"241\">Izcelsmes valsts:<\/strong> Jap\u0101na<br data-start=\"248\" data-end=\"251\" \/><strong data-start=\"251\" data-end=\"266\">Iepakojums:<\/strong> Ar d\u0101vanu kast\u012bti (GB \u2013 Gift Box)<\/p>\n<h3 class=\"\" data-start=\"307\" data-end=\"324\"><strong data-start=\"311\" data-end=\"324\">Apraksts:<\/strong><\/h3>\n<p class=\"\" data-start=\"325\" data-end=\"663\"><strong data-start=\"325\" data-end=\"347\">Hatozaki Pure Malt<\/strong> ir augstas kvalit\u0101tes jap\u0101\u0146u viskijs, kas rad\u012bts no <strong data-start=\"400\" data-end=\"423\">100% iesala viskija<\/strong> (bez graudu piejaukuma), kas nogatavin\u0101ts da\u017e\u0101da veida ozolkoka muc\u0101s, tostarp <strong data-start=\"503\" data-end=\"522\">amerik\u0101\u0146u ozola<\/strong>, <strong data-start=\"524\" data-end=\"540\">sp\u0101\u0146u \u0161erija<\/strong> un <strong data-start=\"544\" data-end=\"556\">mizunara<\/strong> ozolkoka muc\u0101s. Tas ir <strong data-start=\"580\" data-end=\"599\">maigi komplekss<\/strong>, ar izsmalcin\u0101tu l\u012bdzsvaru starp koksni, aug\u013ciem un gar\u0161viel\u0101m.<\/p>\n<p class=\"\" data-start=\"665\" data-end=\"803\">Nosaukums <strong data-start=\"675\" data-end=\"689\">\u201cHatozaki\u201d<\/strong> n\u0101k no sen\u0101k\u0101 b\u0101kas tor\u0146a Jap\u0101n\u0101, simboliz\u0113jot gaismu, vad\u012bbu un dro\u0161\u012bbu \u2013 l\u012bdz\u012bgi k\u0101 \u0161is viskijs vada baud\u012bjumu.<\/p>\n<h3 class=\"\" data-start=\"810\" data-end=\"835\"><strong data-start=\"814\" data-end=\"835\">Arom\u0101ts un gar\u0161a:<\/strong><\/h3>\n<ul data-start=\"836\" data-end=\"1099\">\n<li class=\"\" data-start=\"836\" data-end=\"937\">\n<p class=\"\" data-start=\"838\" data-end=\"937\"><strong data-start=\"838\" data-end=\"850\">Arom\u0101ts:<\/strong> elegants un ziedains, ar medus, \u017e\u0101v\u0113tu aug\u013cu, vani\u013cas un vieglas d\u016bmakain\u012bbas nians\u0113m.<\/p>\n<\/li>\n<li class=\"\" data-start=\"938\" data-end=\"1027\">\n<p class=\"\" data-start=\"940\" data-end=\"1027\"><strong data-start=\"940\" data-end=\"950\">Gar\u0161a:<\/strong> bag\u0101t\u012bga, ar bumbieriem, ceptiem \u0101boliem, medu, ozolu un smalk\u0101m gar\u0161viel\u0101m.<\/p>\n<\/li>\n<li class=\"\" data-start=\"1028\" data-end=\"1099\">\n<p class=\"\" data-start=\"1030\" data-end=\"1099\"><strong data-start=\"1030\" data-end=\"1043\">P\u0113cgar\u0161a:<\/strong> notur\u012bga un gluda, ar vieglu koksnes un gar\u0161vielu noti.<\/p>\n<\/li>\n<\/ul>\n<h3 class=\"\" data-start=\"1106\" data-end=\"1123\"><strong data-start=\"1110\" data-end=\"1123\">\u012apa\u0161\u012bbas:<\/strong><\/h3>\n<ul data-start=\"1124\" data-end=\"1308\">\n<li class=\"\" data-start=\"1124\" data-end=\"1183\">\n<p class=\"\" data-start=\"1126\" data-end=\"1183\"><strong data-start=\"1126\" data-end=\"1153\">Bez aukst\u0101s filtr\u0101cijas<\/strong> \u2013 vair\u0101k gar\u0161as un tekst\u016bras.<\/p>\n<\/li>\n<li class=\"\" data-start=\"1184\" data-end=\"1232\">\n<p class=\"\" data-start=\"1186\" data-end=\"1232\"><strong data-start=\"1186\" data-end=\"1204\">Bez kr\u0101sviel\u0101m<\/strong> \u2013 autentisks, dab\u012bgs tonis.<\/p>\n<\/li>\n<li class=\"\" data-start=\"1233\" data-end=\"1308\">\n<p class=\"\" data-start=\"1235\" data-end=\"1308\"><strong data-start=\"1235\" data-end=\"1253\">D\u0101vanu kast\u012bt\u0113<\/strong> \u2013 lieliska izv\u0113le k\u0101 d\u0101vana jap\u0101\u0146u viskija cien\u012bt\u0101jam.<\/p>\n<\/li>\n<\/ul>\n<h3 class=\"\" data-start=\"1315\" data-end=\"1342\"><strong data-start=\"1319\" data-end=\"1342\">Lieliski piem\u0113rots:<\/strong><\/h3>\n<ul data-start=\"1343\" data-end=\"1496\">\n<li class=\"\" data-start=\"1343\" data-end=\"1396\">\n<p class=\"\" data-start=\"1345\" data-end=\"1396\">Baud\u012b\u0161anai t\u012br\u0101 veid\u0101 vai ar da\u017eiem \u016bdens pilieniem<\/p>\n<\/li>\n<li class=\"\" data-start=\"1397\" data-end=\"1462\">\n<p class=\"\" data-start=\"1399\" data-end=\"1462\">Pie augstas kvalit\u0101tes \u0161okol\u0101des, \u017e\u0101v\u0113tiem aug\u013ciem vai pat su\u0161i<\/p>\n<\/li>\n<li class=\"\" data-start=\"1463\" data-end=\"1496\">\n<p class=\"\" data-start=\"1465\" data-end=\"1496\">K\u0101 eleganta un neparasta d\u0101vana<\/p>\n<\/li>\n<\/ul>\n<h3 class=\"\" data-start=\"1503\" data-end=\"1534\"><strong data-start=\"1507\" data-end=\"1534\">Pasnieg\u0161anas ieteikums:<\/strong><\/h3>\n<p class=\"\" data-start=\"1535\" data-end=\"1612\"><strong data-start=\"1535\" data-end=\"1558\">Istabas temperat\u016br\u0101<\/strong> \u2013 vai ar ledus gabali\u0146u, lai izceltu viskija nianses.<\/p>\n","protected":false},"excerpt":{"rendered":"<p>Tilpums: 0.7 LAlkohola saturs: 46%Kategorija: Jap\u0101\u0146u viskijs (Pure Malt)Izcelsmes valsts: Jap\u0101naIepakojums: Ar d\u0101vanu kast\u012bti (GB \u2013 Gift Box) Apraksts: Hatozaki Pure Malt ir augstas kvalit\u0101tes jap\u0101\u0146u viskijs, kas rad\u012bts no 100% iesala viskija (bez graudu piejaukuma), kas nogatavin\u0101ts da\u017e\u0101da veida ozolkoka muc\u0101s, tostarp amerik\u0101\u0146u ozola, sp\u0101\u0146u \u0161erija un mizunara ozolkoka muc\u0101s. Tas ir maigi komplekss, [&hellip;]<\/p>\n","protected":false},"featured_media":59016,"comment_status":"open","ping_status":"closed","template":"","meta":[],"product_brand":[167],"product_cat":[151],"product_tag":[],"class_list":{"0":"post-58872","1":"product","2":"type-product","3":"status-publish","4":"has-post-thumbnail","6":"product_brand-hatozaki","7":"product_cat-viskijs","8":"pa_valsts-japana","11":"first","12":"instock","13":"shipping-taxable","14":"purchasable","15":"product-type-simple"},"_links":{"self":[{"href":"https:\/\/firsttravelretail.lv\/en\/wp-json\/wp\/v2\/product\/58872","targetHints":{"allow":["GET"]}}],"collection":[{"href":"https:\/\/firsttravelretail.lv\/en\/wp-json\/wp\/v2\/product"}],"about":[{"href":"https:\/\/firsttravelretail.lv\/en\/wp-json\/wp\/v2\/types\/product"}],"replies":[{"embeddable":true,"href":"https:\/\/firsttravelretail.lv\/en\/wp-json\/wp\/v2\/comments?post=58872"}],"wp:featuredmedia":[{"embeddable":true,"href":"https:\/\/firsttravelretail.lv\/en\/wp-json\/wp\/v2\/media\/59016"}],"wp:attachment":[{"href":"https:\/\/firsttravelretail.lv\/en\/wp-json\/wp\/v2\/media?parent=58872"}],"wp:term":[{"taxonomy":"product_brand","embeddable":true,"href":"https:\/\/firsttravelretail.lv\/en\/wp-json\/wp\/v2\/product_brand?post=58872"},{"taxonomy":"product_cat","embeddable":true,"href":"https:\/\/firsttravelretail.lv\/en\/wp-json\/wp\/v2\/product_cat?post=58872"},{"taxonomy":"product_tag","embeddable":true,"href":"https:\/\/firsttravelretail.lv\/en\/wp-json\/wp\/v2\/product_tag?post=58872"}],"curies":[{"name":"wp","href":"https:\/\/api.w.org\/{rel}","templated":true}]}}