{"id":58871,"date":"2025-04-08T23:31:11","date_gmt":"2025-04-08T21:31:11","guid":{"rendered":"https:\/\/pink-shark-215315.hostingersite.com\/?post_type=product&#038;p=58871"},"modified":"2026-04-08T11:27:12","modified_gmt":"2026-04-08T09:27:12","slug":"freixenet-carta-nevada-semiseco-11-5-0-75l","status":"publish","type":"product","link":"https:\/\/firsttravelretail.lv\/en\/produkts\/freixenet-carta-nevada-semiseco-11-5-0-75l\/","title":{"rendered":"Freixenet Carta Nevada Semiseco 11.5% 0.75L"},"content":{"rendered":"<h3 class=\"\" data-start=\"96\" data-end=\"138\"><strong data-start=\"100\" data-end=\"136\">Freixenet Carta Nevada Semi Seco<\/strong><\/h3>\n<p class=\"\" data-start=\"139\" data-end=\"284\"><strong data-start=\"139\" data-end=\"151\">Tilpums:<\/strong> 0.75 L<br data-start=\"158\" data-end=\"161\" \/><strong data-start=\"161\" data-end=\"181\">Alkohola saturs:<\/strong> 11.5%<br data-start=\"187\" data-end=\"190\" \/><strong data-start=\"190\" data-end=\"205\">Kategorija:<\/strong> Pussauss dzirksto\u0161ais v\u012bns (Cava)<br data-start=\"239\" data-end=\"242\" \/><strong data-start=\"242\" data-end=\"263\">Izcelsmes valsts:<\/strong> Sp\u0101nija (Katalonija)<\/p>\n<h3 class=\"\" data-start=\"291\" data-end=\"308\"><strong data-start=\"295\" data-end=\"308\">Apraksts:<\/strong><\/h3>\n<p class=\"\" data-start=\"309\" data-end=\"692\"><strong data-start=\"309\" data-end=\"345\">Freixenet Carta Nevada Semi Seco<\/strong> ir klasisks, maigi pussauss Cava dzirksto\u0161ais v\u012bns ar maigu un pat\u012bkamu burbu\u013co\u0161anu. Tas ir viens no popul\u0101r\u0101kajiem Freixenet v\u012bniem, \u012bpa\u0161i piem\u0113rots tiem, kuri mekl\u0113 mazliet sald\u0101ku, bet tom\u0113r svaigu un sabalans\u0113tu dz\u0113rienu. \u0160\u012b Cava tiek izgatavota p\u0113c <strong data-start=\"600\" data-end=\"625\">tradicion\u0101l\u0101s metodes<\/strong> (t\u0101pat k\u0101 \u0161ampanietis), kas pie\u0161\u0137ir dz\u0113rienam dzi\u013cumu un eleganci.<\/p>\n<h3 class=\"\" data-start=\"694\" data-end=\"717\"><strong data-start=\"698\" data-end=\"717\">V\u012bnogu \u0161\u0137irnes:<\/strong><\/h3>\n<ul data-start=\"718\" data-end=\"762\">\n<li class=\"\" data-start=\"718\" data-end=\"731\">\n<p class=\"\" data-start=\"720\" data-end=\"731\"><strong data-start=\"720\" data-end=\"731\">Macabeo<\/strong><\/p>\n<\/li>\n<li class=\"\" data-start=\"732\" data-end=\"746\">\n<p class=\"\" data-start=\"734\" data-end=\"746\"><strong data-start=\"734\" data-end=\"746\">Xarel\u00b7lo<\/strong><\/p>\n<\/li>\n<li class=\"\" data-start=\"747\" data-end=\"762\">\n<p class=\"\" data-start=\"749\" data-end=\"762\"><strong data-start=\"749\" data-end=\"762\">Parellada<\/strong><\/p>\n<\/li>\n<\/ul>\n<h3 class=\"\" data-start=\"769\" data-end=\"794\"><strong data-start=\"773\" data-end=\"794\">Arom\u0101ts un gar\u0161a:<\/strong><\/h3>\n<ul data-start=\"795\" data-end=\"1034\">\n<li class=\"\" data-start=\"795\" data-end=\"887\">\n<p class=\"\" data-start=\"797\" data-end=\"887\"><strong data-start=\"797\" data-end=\"809\">Arom\u0101ts:<\/strong> aug\u013cains un maigs \u2013 ar bumbieru, \u0101bolu, tropisko aug\u013cu un vieglu ziedu not\u012bm.<\/p>\n<\/li>\n<li class=\"\" data-start=\"888\" data-end=\"979\">\n<p class=\"\" data-start=\"890\" data-end=\"979\"><strong data-start=\"890\" data-end=\"900\">Gar\u0161a:<\/strong> viegli saldena, bet l\u012bdzsvarota ar svaigu sk\u0101bumu; maiga un pat\u012bkama tekst\u016bra.<\/p>\n<\/li>\n<li class=\"\" data-start=\"980\" data-end=\"1034\">\n<p class=\"\" data-start=\"982\" data-end=\"1034\"><strong data-start=\"982\" data-end=\"995\">P\u0113cgar\u0161a:<\/strong> gluda un atsvaidzino\u0161a ar aug\u013cu not\u012bm.<\/p>\n<\/li>\n<\/ul>\n<h3 class=\"\" data-start=\"1041\" data-end=\"1068\"><strong data-start=\"1045\" data-end=\"1068\">Lieliski piem\u0113rots:<\/strong><\/h3>\n<ul data-start=\"1069\" data-end=\"1286\">\n<li class=\"\" data-start=\"1069\" data-end=\"1083\">\n<p class=\"\" data-start=\"1071\" data-end=\"1083\">K\u0101 aperit\u012bvs<\/p>\n<\/li>\n<li class=\"\" data-start=\"1084\" data-end=\"1135\">\n<p class=\"\" data-start=\"1086\" data-end=\"1135\">Pie viegl\u0101m uzkod\u0101m (sieriem, riekstiem, aug\u013ciem)<\/p>\n<\/li>\n<li class=\"\" data-start=\"1136\" data-end=\"1208\">\n<p class=\"\" data-start=\"1138\" data-end=\"1208\">Ar austrumu virtuves \u0113dieniem (piem\u0113ram, sushi, viegli pikanti \u0113dieni)<\/p>\n<\/li>\n<li class=\"\" data-start=\"1209\" data-end=\"1286\">\n<p class=\"\" data-start=\"1211\" data-end=\"1286\">Pie desertiem, kas nav p\u0101r\u0101k saldi (piem\u0113ram, aug\u013cu sal\u0101ti, mande\u013cu cepumi)<\/p>\n<\/li>\n<\/ul>\n<h3 class=\"\" data-start=\"1293\" data-end=\"1328\"><strong data-start=\"1297\" data-end=\"1326\">Pasnieg\u0161anas temperat\u016bra:<\/strong><\/h3>\n<p class=\"\" data-start=\"1329\" data-end=\"1373\"><strong data-start=\"1329\" data-end=\"1338\">6\u20138\u00b0C<\/strong> \u2013 vislab\u0101k baud\u0101ms labi atdzes\u0113ts.<\/p>\n<p>&nbsp;<\/p>\n","protected":false},"excerpt":{"rendered":"<p>Freixenet Carta Nevada Semi Seco Tilpums: 0.75 LAlkohola saturs: 11.5%Kategorija: Pussauss dzirksto\u0161ais v\u012bns (Cava)Izcelsmes valsts: Sp\u0101nija (Katalonija) Apraksts: Freixenet Carta Nevada Semi Seco ir klasisks, maigi pussauss Cava dzirksto\u0161ais v\u012bns ar maigu un pat\u012bkamu burbu\u013co\u0161anu. Tas ir viens no popul\u0101r\u0101kajiem Freixenet v\u012bniem, \u012bpa\u0161i piem\u0113rots tiem, kuri mekl\u0113 mazliet sald\u0101ku, bet tom\u0113r svaigu un sabalans\u0113tu dz\u0113rienu. [&hellip;]<\/p>\n","protected":false},"featured_media":0,"comment_status":"open","ping_status":"closed","template":"","meta":[],"product_brand":[165],"product_cat":[82],"product_tag":[],"class_list":{"0":"post-58871","1":"product","2":"type-product","3":"status-publish","5":"product_brand-freixenet","6":"product_cat-dzirkstosais-vins","8":"first","9":"instock","10":"shipping-taxable","11":"purchasable","12":"product-type-simple"},"_links":{"self":[{"href":"https:\/\/firsttravelretail.lv\/en\/wp-json\/wp\/v2\/product\/58871","targetHints":{"allow":["GET"]}}],"collection":[{"href":"https:\/\/firsttravelretail.lv\/en\/wp-json\/wp\/v2\/product"}],"about":[{"href":"https:\/\/firsttravelretail.lv\/en\/wp-json\/wp\/v2\/types\/product"}],"replies":[{"embeddable":true,"href":"https:\/\/firsttravelretail.lv\/en\/wp-json\/wp\/v2\/comments?post=58871"}],"wp:attachment":[{"href":"https:\/\/firsttravelretail.lv\/en\/wp-json\/wp\/v2\/media?parent=58871"}],"wp:term":[{"taxonomy":"product_brand","embeddable":true,"href":"https:\/\/firsttravelretail.lv\/en\/wp-json\/wp\/v2\/product_brand?post=58871"},{"taxonomy":"product_cat","embeddable":true,"href":"https:\/\/firsttravelretail.lv\/en\/wp-json\/wp\/v2\/product_cat?post=58871"},{"taxonomy":"product_tag","embeddable":true,"href":"https:\/\/firsttravelretail.lv\/en\/wp-json\/wp\/v2\/product_tag?post=58871"}],"curies":[{"name":"wp","href":"https:\/\/api.w.org\/{rel}","templated":true}]}}