{"id":58870,"date":"2025-04-08T23:22:52","date_gmt":"2025-04-08T21:22:52","guid":{"rendered":"https:\/\/pink-shark-215315.hostingersite.com\/?post_type=product&#038;p=58870"},"modified":"2026-04-08T11:41:38","modified_gmt":"2026-04-08T09:41:38","slug":"freixenet-italian-rose-extra-dry-d-o-c-11-0-75-l","status":"publish","type":"product","link":"https:\/\/firsttravelretail.lv\/en\/produkts\/freixenet-italian-rose-extra-dry-d-o-c-11-0-75-l\/","title":{"rendered":"Freixenet Italian Rose Extra Dry D.O.C. 11% 0.75 L"},"content":{"rendered":"<h3 class=\"\" data-start=\"101\" data-end=\"150\"><strong data-start=\"105\" data-end=\"148\">Freixenet Italian Ros\u00e9 Extra Dry D.O.C.<\/strong><\/h3>\n<p class=\"\" data-start=\"151\" data-end=\"356\"><strong data-start=\"151\" data-end=\"163\">Tilpums:<\/strong> 0.75 L<br data-start=\"170\" data-end=\"173\" \/><strong data-start=\"173\" data-end=\"193\">Alkohola saturs:<\/strong> 11%<br data-start=\"197\" data-end=\"200\" \/><strong data-start=\"200\" data-end=\"215\">Kategorija:<\/strong> Dzirksto\u0161ais roz\u0101 v\u012bns (Extra Dry)<br data-start=\"250\" data-end=\"253\" \/><strong data-start=\"253\" data-end=\"274\">Izcelsmes valsts:<\/strong> It\u0101lija<br data-start=\"282\" data-end=\"285\" \/><strong data-start=\"285\" data-end=\"310\">Kvalit\u0101tes mar\u0137\u0113jums:<\/strong> D.O.C. (Denominazione di Origine Controllata)<\/p>\n<h3 class=\"\" data-start=\"363\" data-end=\"380\"><strong data-start=\"367\" data-end=\"380\">Apraksts:<\/strong><\/h3>\n<p class=\"\" data-start=\"381\" data-end=\"660\"><strong data-start=\"381\" data-end=\"417\">Freixenet Italian Ros\u00e9 Extra Dry<\/strong> ir elegants un atsvaidzino\u0161s dzirksto\u0161ais v\u012bns, rad\u012bts It\u0101lij\u0101, izmantojot r\u016bp\u012bgi atlas\u012btas v\u012bnogas un modernu v\u012bna dar\u012b\u0161anas tehnolo\u0123iju. Tas apvieno sp\u0101\u0146u v\u012bna dar\u012b\u0161anas z\u012bmola <strong data-start=\"597\" data-end=\"610\">Freixenet<\/strong> meistar\u012bbu ar it\u0101\u013cu v\u012bna kult\u016bras izsmalcin\u0101t\u012bbu.<\/p>\n<h3 class=\"\" data-start=\"662\" data-end=\"685\"><strong data-start=\"666\" data-end=\"685\">V\u012bnogu \u0161\u0137irnes:<\/strong><\/h3>\n<ul data-start=\"686\" data-end=\"798\">\n<li class=\"\" data-start=\"686\" data-end=\"739\">\n<p class=\"\" data-start=\"688\" data-end=\"739\"><strong data-start=\"688\" data-end=\"697\">Glera<\/strong> (t\u0101 pati \u0161\u0137irne, no kuras top Prosecco)<\/p>\n<\/li>\n<li class=\"\" data-start=\"740\" data-end=\"798\">\n<p class=\"\" data-start=\"742\" data-end=\"798\"><strong data-start=\"742\" data-end=\"756\">Pinot Noir<\/strong> (dod v\u012bnam maigo roz\u0101 kr\u0101su un ogu notis)<\/p>\n<\/li>\n<\/ul>\n<h3 class=\"\" data-start=\"805\" data-end=\"830\"><strong data-start=\"809\" data-end=\"830\">Arom\u0101ts un gar\u0161a:<\/strong><\/h3>\n<ul data-start=\"831\" data-end=\"1091\">\n<li class=\"\" data-start=\"831\" data-end=\"924\">\n<p class=\"\" data-start=\"833\" data-end=\"924\"><strong data-start=\"833\" data-end=\"845\">Arom\u0101ts:<\/strong> ziedu un sarkano ogu bu\u0137ete \u2013 domin\u0113 zemenes, avenes un vieglas persiku notis.<\/p>\n<\/li>\n<li class=\"\" data-start=\"925\" data-end=\"1027\">\n<p class=\"\" data-start=\"927\" data-end=\"1027\"><strong data-start=\"927\" data-end=\"937\">Gar\u0161a:<\/strong> viegla, dz\u012bv\u012bga un aug\u013caina. Harmoniska salduma un sk\u0101buma attiec\u012bba ar z\u012bdainu tekst\u016bru.<\/p>\n<\/li>\n<li class=\"\" data-start=\"1028\" data-end=\"1091\">\n<p class=\"\" data-start=\"1030\" data-end=\"1091\"><strong data-start=\"1030\" data-end=\"1043\">P\u0113cgar\u0161a:<\/strong> eleganta un maiga, ar aug\u013cu atsvaidzino\u0161u noti.<\/p>\n<\/li>\n<\/ul>\n<h3 class=\"\" data-start=\"1098\" data-end=\"1125\"><strong data-start=\"1102\" data-end=\"1125\">Lieliski piem\u0113rots:<\/strong><\/h3>\n<ul data-start=\"1126\" data-end=\"1287\">\n<li class=\"\" data-start=\"1126\" data-end=\"1140\">\n<p class=\"\" data-start=\"1128\" data-end=\"1140\">K\u0101 aperit\u012bvs<\/p>\n<\/li>\n<li class=\"\" data-start=\"1141\" data-end=\"1206\">\n<p class=\"\" data-start=\"1143\" data-end=\"1206\">Pie viegliem uzkod\u0101m (piem\u0113ram, prosciutto, melones, brusketas)<\/p>\n<\/li>\n<li class=\"\" data-start=\"1207\" data-end=\"1245\">\n<p class=\"\" data-start=\"1209\" data-end=\"1245\">Pie sal\u0101tiem vai gril\u0113tiem d\u0101rze\u0146iem<\/p>\n<\/li>\n<li class=\"\" data-start=\"1246\" data-end=\"1287\">\n<p class=\"\" data-start=\"1248\" data-end=\"1287\">Pie aug\u013cu desertiem vai ogu pl\u0101tsmaiz\u0113m<\/p>\n<\/li>\n<\/ul>\n<h3 class=\"\" data-start=\"1294\" data-end=\"1329\"><strong data-start=\"1298\" data-end=\"1327\">Pasnieg\u0161anas temperat\u016bra:<\/strong><\/h3>\n<p class=\"\" data-start=\"1330\" data-end=\"1376\"><strong data-start=\"1330\" data-end=\"1339\">6\u20138\u00b0C<\/strong> \u2013 vislab\u0101k izbaud\u0101ms labi atdzes\u0113ts.<\/p>\n<p class=\"\" data-start=\"1568\" data-end=\"1635\">\n","protected":false},"excerpt":{"rendered":"<p>Freixenet Italian Ros\u00e9 Extra Dry D.O.C. Tilpums: 0.75 LAlkohola saturs: 11%Kategorija: Dzirksto\u0161ais roz\u0101 v\u012bns (Extra Dry)Izcelsmes valsts: It\u0101lijaKvalit\u0101tes mar\u0137\u0113jums: D.O.C. (Denominazione di Origine Controllata) Apraksts: Freixenet Italian Ros\u00e9 Extra Dry ir elegants un atsvaidzino\u0161s dzirksto\u0161ais v\u012bns, rad\u012bts It\u0101lij\u0101, izmantojot r\u016bp\u012bgi atlas\u012btas v\u012bnogas un modernu v\u012bna dar\u012b\u0161anas tehnolo\u0123iju. Tas apvieno sp\u0101\u0146u v\u012bna dar\u012b\u0161anas z\u012bmola Freixenet meistar\u012bbu [&hellip;]<\/p>\n","protected":false},"featured_media":59036,"comment_status":"open","ping_status":"closed","template":"","meta":[],"product_brand":[165],"product_cat":[82],"product_tag":[],"class_list":{"0":"post-58870","1":"product","2":"type-product","3":"status-publish","4":"has-post-thumbnail","6":"product_brand-freixenet","7":"product_cat-dzirkstosais-vins","8":"pa_valsts-italija","11":"first","12":"instock","13":"shipping-taxable","14":"purchasable","15":"product-type-simple"},"_links":{"self":[{"href":"https:\/\/firsttravelretail.lv\/en\/wp-json\/wp\/v2\/product\/58870","targetHints":{"allow":["GET"]}}],"collection":[{"href":"https:\/\/firsttravelretail.lv\/en\/wp-json\/wp\/v2\/product"}],"about":[{"href":"https:\/\/firsttravelretail.lv\/en\/wp-json\/wp\/v2\/types\/product"}],"replies":[{"embeddable":true,"href":"https:\/\/firsttravelretail.lv\/en\/wp-json\/wp\/v2\/comments?post=58870"}],"wp:featuredmedia":[{"embeddable":true,"href":"https:\/\/firsttravelretail.lv\/en\/wp-json\/wp\/v2\/media\/59036"}],"wp:attachment":[{"href":"https:\/\/firsttravelretail.lv\/en\/wp-json\/wp\/v2\/media?parent=58870"}],"wp:term":[{"taxonomy":"product_brand","embeddable":true,"href":"https:\/\/firsttravelretail.lv\/en\/wp-json\/wp\/v2\/product_brand?post=58870"},{"taxonomy":"product_cat","embeddable":true,"href":"https:\/\/firsttravelretail.lv\/en\/wp-json\/wp\/v2\/product_cat?post=58870"},{"taxonomy":"product_tag","embeddable":true,"href":"https:\/\/firsttravelretail.lv\/en\/wp-json\/wp\/v2\/product_tag?post=58870"}],"curies":[{"name":"wp","href":"https:\/\/api.w.org\/{rel}","templated":true}]}}