{"id":58868,"date":"2025-04-08T23:12:52","date_gmt":"2025-04-08T21:12:52","guid":{"rendered":"https:\/\/pink-shark-215315.hostingersite.com\/?post_type=product&#038;p=58868"},"modified":"2026-04-08T11:44:07","modified_gmt":"2026-04-08T09:44:07","slug":"freixenet-asti-docg-7-0-75-l","status":"publish","type":"product","link":"https:\/\/firsttravelretail.lv\/en\/produkts\/freixenet-asti-docg-7-0-75-l\/","title":{"rendered":"Freixenet Asti DOCG 7% 0.75 L"},"content":{"rendered":"<p class=\"\" data-start=\"80\" data-end=\"413\"><strong data-start=\"80\" data-end=\"103\">Freixenet Asti DOCG<\/strong> ir dzirksto\u0161s saldais baltv\u012bns, kas rad\u012bts It\u0101lijas Pjemontas re\u0123ion\u0101 no <strong data-start=\"177\" data-end=\"209\">Muscat Blanc \u00e0 Petits Grains<\/strong> v\u012bnog\u0101m (paz\u012bstamas ar\u012b k\u0101 <strong data-start=\"237\" data-end=\"255\">Moscato Bianco<\/strong>). \u0160is v\u012bns lepojas ar <strong data-start=\"278\" data-end=\"286\">DOCG<\/strong> (Denominazione di Origine Controllata e Garantita) kvalit\u0101tes mar\u0137\u0113jumu, kas garant\u0113 augst\u0101ko It\u0101lijas v\u012bnu kvalit\u0101tes l\u012bmeni.<\/p>\n<h3 class=\"\" data-start=\"415\" data-end=\"437\">Galven\u0101s \u012bpa\u0161\u012bbas:<\/h3>\n<ul data-start=\"438\" data-end=\"569\">\n<li class=\"\" data-start=\"438\" data-end=\"463\">\n<p class=\"\" data-start=\"440\" data-end=\"463\"><strong data-start=\"440\" data-end=\"459\">Alkohola saturs<\/strong>: 7%<\/p>\n<\/li>\n<li class=\"\" data-start=\"464\" data-end=\"489\">\n<p class=\"\" data-start=\"466\" data-end=\"489\"><strong data-start=\"466\" data-end=\"477\">Tilpums<\/strong>: 0.75 litri<\/p>\n<\/li>\n<li class=\"\" data-start=\"490\" data-end=\"530\">\n<p class=\"\" data-start=\"492\" data-end=\"530\"><strong data-start=\"492\" data-end=\"509\">V\u012bnogu \u0161\u0137irne<\/strong>: 100% Moscato Bianco<\/p>\n<\/li>\n<li class=\"\" data-start=\"531\" data-end=\"569\">\n<p class=\"\" data-start=\"533\" data-end=\"569\"><strong data-start=\"533\" data-end=\"544\">Re\u0123ions<\/strong>: Asti, Pjemonta, It\u0101lija<\/p>\n<\/li>\n<\/ul>\n<h3 class=\"\" data-start=\"571\" data-end=\"606\">Gar\u0161as un arom\u0101ta raksturojums:<\/h3>\n<ul data-start=\"607\" data-end=\"847\">\n<li class=\"\" data-start=\"607\" data-end=\"702\">\n<p class=\"\" data-start=\"609\" data-end=\"702\"><strong data-start=\"609\" data-end=\"620\">Arom\u0101ts<\/strong>: svaigs, intens\u012bvs un aug\u013cains \u2013 domin\u0113 persiki, aprikozes, medus un balti ziedi.<\/p>\n<\/li>\n<li class=\"\" data-start=\"703\" data-end=\"796\">\n<p class=\"\" data-start=\"705\" data-end=\"796\"><strong data-start=\"705\" data-end=\"714\">Gar\u0161a<\/strong>: salda, maiga, ar pat\u012bkamu dzirksti. Lieliska l\u012bdzsvar\u0101 starp saldumu un sk\u0101bumu.<\/p>\n<\/li>\n<li class=\"\" data-start=\"797\" data-end=\"847\">\n<p class=\"\" data-start=\"799\" data-end=\"847\"><strong data-start=\"799\" data-end=\"811\">P\u0113cgar\u0161a<\/strong>: viegla, aug\u013caina un atsvaidzino\u0161a.<\/p>\n<\/li>\n<\/ul>\n<h3 class=\"\" data-start=\"849\" data-end=\"872\">Lieliski piem\u0113rots:<\/h3>\n<ul data-start=\"873\" data-end=\"1006\">\n<li class=\"\" data-start=\"873\" data-end=\"907\">\n<p class=\"\" data-start=\"875\" data-end=\"907\">K\u0101 aperit\u012bvs vai sv\u0113tku dz\u0113riens<\/p>\n<\/li>\n<li class=\"\" data-start=\"908\" data-end=\"976\">\n<p class=\"\" data-start=\"910\" data-end=\"976\">Pie desertiem (piem\u0113ram, aug\u013cu tart\u0113m, panakotas, vai siera k\u016bk\u0101m)<\/p>\n<\/li>\n<li class=\"\" data-start=\"977\" data-end=\"1006\">\n<p class=\"\" data-start=\"979\" data-end=\"1006\">Ar svaig\u0101m og\u0101m vai aug\u013ciem<\/p>\n<\/li>\n<\/ul>\n<h3 class=\"\" data-start=\"1008\" data-end=\"1037\">Pasnieg\u0161anas temperat\u016bra:<\/h3>\n<p class=\"\" data-start=\"1038\" data-end=\"1098\"><strong data-start=\"1038\" data-end=\"1047\">6\u20138\u00b0C<\/strong> \u2013 vislab\u0101k\u0101, lai izceltu v\u012bna svaigumu un arom\u0101tu.<\/p>\n","protected":false},"excerpt":{"rendered":"<p>Freixenet Asti DOCG ir dzirksto\u0161s saldais baltv\u012bns, kas rad\u012bts It\u0101lijas Pjemontas re\u0123ion\u0101 no Muscat Blanc \u00e0 Petits Grains v\u012bnog\u0101m (paz\u012bstamas ar\u012b k\u0101 Moscato Bianco). \u0160is v\u012bns lepojas ar DOCG (Denominazione di Origine Controllata e Garantita) kvalit\u0101tes mar\u0137\u0113jumu, kas garant\u0113 augst\u0101ko It\u0101lijas v\u012bnu kvalit\u0101tes l\u012bmeni. Galven\u0101s \u012bpa\u0161\u012bbas: Alkohola saturs: 7% Tilpums: 0.75 litri V\u012bnogu \u0161\u0137irne: 100% [&hellip;]<\/p>\n","protected":false},"featured_media":59038,"comment_status":"open","ping_status":"closed","template":"","meta":[],"product_brand":[165],"product_cat":[82],"product_tag":[],"class_list":{"0":"post-58868","1":"product","2":"type-product","3":"status-publish","4":"has-post-thumbnail","6":"product_brand-freixenet","7":"product_cat-dzirkstosais-vins","8":"pa_valsts-italija","11":"first","12":"instock","13":"shipping-taxable","14":"purchasable","15":"product-type-simple"},"_links":{"self":[{"href":"https:\/\/firsttravelretail.lv\/en\/wp-json\/wp\/v2\/product\/58868","targetHints":{"allow":["GET"]}}],"collection":[{"href":"https:\/\/firsttravelretail.lv\/en\/wp-json\/wp\/v2\/product"}],"about":[{"href":"https:\/\/firsttravelretail.lv\/en\/wp-json\/wp\/v2\/types\/product"}],"replies":[{"embeddable":true,"href":"https:\/\/firsttravelretail.lv\/en\/wp-json\/wp\/v2\/comments?post=58868"}],"wp:featuredmedia":[{"embeddable":true,"href":"https:\/\/firsttravelretail.lv\/en\/wp-json\/wp\/v2\/media\/59038"}],"wp:attachment":[{"href":"https:\/\/firsttravelretail.lv\/en\/wp-json\/wp\/v2\/media?parent=58868"}],"wp:term":[{"taxonomy":"product_brand","embeddable":true,"href":"https:\/\/firsttravelretail.lv\/en\/wp-json\/wp\/v2\/product_brand?post=58868"},{"taxonomy":"product_cat","embeddable":true,"href":"https:\/\/firsttravelretail.lv\/en\/wp-json\/wp\/v2\/product_cat?post=58868"},{"taxonomy":"product_tag","embeddable":true,"href":"https:\/\/firsttravelretail.lv\/en\/wp-json\/wp\/v2\/product_tag?post=58868"}],"curies":[{"name":"wp","href":"https:\/\/api.w.org\/{rel}","templated":true}]}}