{"id":58866,"date":"2025-04-08T23:03:39","date_gmt":"2025-04-08T21:03:39","guid":{"rendered":"https:\/\/pink-shark-215315.hostingersite.com\/?post_type=product&#038;p=58866"},"modified":"2026-04-08T11:45:27","modified_gmt":"2026-04-08T09:45:27","slug":"58866","status":"publish","type":"product","link":"https:\/\/firsttravelretail.lv\/en\/produkts\/58866\/","title":{"rendered":"Finlandia 40% 1 L"},"content":{"rendered":"<p class=\"\" data-start=\"0\" data-end=\"297\"><b>Degv\u012bns ir<\/b>\u00a0augstas kvalit\u0101tes somu dz\u012bvotsp\u0113jas degv\u012bns, kas paz\u012bstams ar savu t\u012bro, gludo un izsmalcin\u0101to gar\u0161u. Ra\u017eots Somij\u0101, izmantojot t\u012bru zieme\u013cu avota \u016bdeni un r\u016bp\u012bgi atlas\u012btus graudus, Finlandia degv\u012bns ir piedz\u012bvojis vair\u0101kus destil\u0101cijas posmus, lai nodro\u0161in\u0101tu izcilu kvalit\u0101ti.<\/p>\n<p class=\"\" data-start=\"299\" data-end=\"679\">Alkohola saturs ir 40%, un tas tiek pied\u0101v\u0101ts 1 litra pudel\u0113, kas ir piem\u0113rota gan person\u012bgai lieto\u0161anai, gan k\u0101 d\u0101vana. Finlandia degv\u012bns ir paz\u012bstams ar savu t\u012bro un maigo tekst\u016bru, kas \u013cauj to baud\u012bt t\u012br\u0101 veid\u0101, uz ledus vai k\u0101 sast\u0101vda\u013cu da\u017e\u0101dos koktei\u013cos. T\u0101 ir lieliska izv\u0113le klasiskajiem koktei\u013ciem, piem\u0113ram, martini vai cosmopolitan, k\u0101 ar\u012b vienk\u0101r\u0161i baud\u0101mam dz\u0113rienam.<\/p>\n<p class=\"\" data-start=\"681\" data-end=\"947\">\u0160is degv\u012bns ir ieguvis atzin\u012bbu par savu kvalit\u0101ti un vienk\u0101r\u0161\u012bbu, kas padara to par popul\u0101ru izv\u0113li gan dz\u0113rienu cien\u012bt\u0101jiem, gan b\u0101rme\u0146iem vis\u0101 pasaul\u0113. Pateicoties savam t\u012brajam, vieglajam raksturam, Finlandia ir lieliska izv\u0113le tiem, kas nov\u0113rt\u0113 izcilu degv\u012bnu.<\/p>\n","protected":false},"excerpt":{"rendered":"<p>Degv\u012bns ir\u00a0augstas kvalit\u0101tes somu dz\u012bvotsp\u0113jas degv\u012bns, kas paz\u012bstams ar savu t\u012bro, gludo un izsmalcin\u0101to gar\u0161u. Ra\u017eots Somij\u0101, izmantojot t\u012bru zieme\u013cu avota \u016bdeni un r\u016bp\u012bgi atlas\u012btus graudus, Finlandia degv\u012bns ir piedz\u012bvojis vair\u0101kus destil\u0101cijas posmus, lai nodro\u0161in\u0101tu izcilu kvalit\u0101ti. Alkohola saturs ir 40%, un tas tiek pied\u0101v\u0101ts 1 litra pudel\u0113, kas ir piem\u0113rota gan person\u012bgai lieto\u0161anai, gan [&hellip;]<\/p>\n","protected":false},"featured_media":59008,"comment_status":"open","ping_status":"closed","template":"","meta":[],"product_brand":[161],"product_cat":[116],"product_tag":[],"class_list":{"0":"post-58866","1":"product","2":"type-product","3":"status-publish","4":"has-post-thumbnail","6":"product_brand-finlandia","7":"product_cat-degvins","8":"pa_valsts-somija","11":"first","12":"instock","13":"shipping-taxable","14":"purchasable","15":"product-type-simple"},"_links":{"self":[{"href":"https:\/\/firsttravelretail.lv\/en\/wp-json\/wp\/v2\/product\/58866","targetHints":{"allow":["GET"]}}],"collection":[{"href":"https:\/\/firsttravelretail.lv\/en\/wp-json\/wp\/v2\/product"}],"about":[{"href":"https:\/\/firsttravelretail.lv\/en\/wp-json\/wp\/v2\/types\/product"}],"replies":[{"embeddable":true,"href":"https:\/\/firsttravelretail.lv\/en\/wp-json\/wp\/v2\/comments?post=58866"}],"wp:featuredmedia":[{"embeddable":true,"href":"https:\/\/firsttravelretail.lv\/en\/wp-json\/wp\/v2\/media\/59008"}],"wp:attachment":[{"href":"https:\/\/firsttravelretail.lv\/en\/wp-json\/wp\/v2\/media?parent=58866"}],"wp:term":[{"taxonomy":"product_brand","embeddable":true,"href":"https:\/\/firsttravelretail.lv\/en\/wp-json\/wp\/v2\/product_brand?post=58866"},{"taxonomy":"product_cat","embeddable":true,"href":"https:\/\/firsttravelretail.lv\/en\/wp-json\/wp\/v2\/product_cat?post=58866"},{"taxonomy":"product_tag","embeddable":true,"href":"https:\/\/firsttravelretail.lv\/en\/wp-json\/wp\/v2\/product_tag?post=58866"}],"curies":[{"name":"wp","href":"https:\/\/api.w.org\/{rel}","templated":true}]}}