{"id":58865,"date":"2025-04-08T22:56:27","date_gmt":"2025-04-08T20:56:27","guid":{"rendered":"https:\/\/pink-shark-215315.hostingersite.com\/?post_type=product&#038;p=58865"},"modified":"2026-04-08T11:46:03","modified_gmt":"2026-04-08T09:46:03","slug":"cointreau-40-1l","status":"publish","type":"product","link":"https:\/\/firsttravelretail.lv\/en\/produkts\/cointreau-40-1l\/","title":{"rendered":"Cointreau 40% 1L"},"content":{"rendered":"<p class=\"\" data-start=\"0\" data-end=\"310\">Cointreau ir slavenais fran\u010du apels\u012bnu li\u0137ieris, kas paz\u012bstams ar savu izsmalcin\u0101to gar\u0161u un augst\u0101k\u0101s kvalit\u0101tes sast\u0101vda\u013c\u0101m. Tas tiek ra\u017eots, izmantojot r\u016bp\u012bgi izv\u0113l\u0113tus apels\u012bnus, kas tiek destil\u0113ti, lai ieg\u016btu dzidru un spilgtu apels\u012bnu gar\u0161u.<\/p>\n<p class=\"\" data-start=\"312\" data-end=\"629\">\u0160is li\u0137ieris ir ide\u0101ls koktei\u013ciem, piem\u0113ram, Margarita un Cosmopolitan, un to var baud\u012bt ar\u012b vienu pa\u0161u, ledus gabali\u0146os vai k\u0101 papildin\u0101jumu da\u017e\u0101diem dz\u0113rieniem. T\u0101 salden\u0101 un r\u016bgten\u0101 apels\u012bnu gar\u0161a, kas harmoniski balans\u0113 sk\u0101bumu un saldumu, padara Cointreau par univers\u0101lu izv\u0113li b\u0101rme\u0146iem un dz\u0113rienu cien\u012bt\u0101jiem.<\/p>\n","protected":false},"excerpt":{"rendered":"<p>Cointreau ir slavenais fran\u010du apels\u012bnu li\u0137ieris, kas paz\u012bstams ar savu izsmalcin\u0101to gar\u0161u un augst\u0101k\u0101s kvalit\u0101tes sast\u0101vda\u013c\u0101m. Tas tiek ra\u017eots, izmantojot r\u016bp\u012bgi izv\u0113l\u0113tus apels\u012bnus, kas tiek destil\u0113ti, lai ieg\u016btu dzidru un spilgtu apels\u012bnu gar\u0161u. \u0160is li\u0137ieris ir ide\u0101ls koktei\u013ciem, piem\u0113ram, Margarita un Cosmopolitan, un to var baud\u012bt ar\u012b vienu pa\u0161u, ledus gabali\u0146os vai k\u0101 papildin\u0101jumu da\u017e\u0101diem [&hellip;]<\/p>\n","protected":false},"featured_media":59034,"comment_status":"open","ping_status":"closed","template":"","meta":[],"product_brand":[159],"product_cat":[158],"product_tag":[],"class_list":{"0":"post-58865","1":"product","2":"type-product","3":"status-publish","4":"has-post-thumbnail","6":"product_brand-cointreau","7":"product_cat-likieris","8":"pa_valsts-francija","11":"first","12":"instock","13":"shipping-taxable","14":"purchasable","15":"product-type-simple"},"_links":{"self":[{"href":"https:\/\/firsttravelretail.lv\/en\/wp-json\/wp\/v2\/product\/58865","targetHints":{"allow":["GET"]}}],"collection":[{"href":"https:\/\/firsttravelretail.lv\/en\/wp-json\/wp\/v2\/product"}],"about":[{"href":"https:\/\/firsttravelretail.lv\/en\/wp-json\/wp\/v2\/types\/product"}],"replies":[{"embeddable":true,"href":"https:\/\/firsttravelretail.lv\/en\/wp-json\/wp\/v2\/comments?post=58865"}],"wp:featuredmedia":[{"embeddable":true,"href":"https:\/\/firsttravelretail.lv\/en\/wp-json\/wp\/v2\/media\/59034"}],"wp:attachment":[{"href":"https:\/\/firsttravelretail.lv\/en\/wp-json\/wp\/v2\/media?parent=58865"}],"wp:term":[{"taxonomy":"product_brand","embeddable":true,"href":"https:\/\/firsttravelretail.lv\/en\/wp-json\/wp\/v2\/product_brand?post=58865"},{"taxonomy":"product_cat","embeddable":true,"href":"https:\/\/firsttravelretail.lv\/en\/wp-json\/wp\/v2\/product_cat?post=58865"},{"taxonomy":"product_tag","embeddable":true,"href":"https:\/\/firsttravelretail.lv\/en\/wp-json\/wp\/v2\/product_tag?post=58865"}],"curies":[{"name":"wp","href":"https:\/\/api.w.org\/{rel}","templated":true}]}}