{"id":58864,"date":"2025-04-08T22:49:17","date_gmt":"2025-04-08T20:49:17","guid":{"rendered":"https:\/\/pink-shark-215315.hostingersite.com\/?post_type=product&#038;p=58864"},"modified":"2026-04-08T11:46:38","modified_gmt":"2026-04-08T09:46:38","slug":"campari-bitter-25-1l","status":"publish","type":"product","link":"https:\/\/firsttravelretail.lv\/en\/produkts\/campari-bitter-25-1l\/","title":{"rendered":"Campari Bitter 25% 1L"},"content":{"rendered":"<p>Campari Bitter ir popul\u0101rs it\u0101\u013cu alkoholisko dz\u0113rienu, kas paz\u012bstams ar savu spilgto, sarkano kr\u0101su un rakstur\u012bgo r\u016bgto gar\u0161u. Tas ir sagatavots, apvienojot da\u017e\u0101dus augus, aug\u013cus, gar\u0161vielas un citus dabiskus komponentus, kuri tiek macer\u0113ti un izdal\u012bti alkohol\u0101. Campari tiek izmantots k\u0101 b\u0101ze daudzos koktei\u013cos, piem\u0113ram, popul\u0101raj\u0101 Negroni, bet to var baud\u012bt ar\u012b k\u0101 aperit\u012bvu.<\/p>\n","protected":false},"excerpt":{"rendered":"<p>Campari Bitter ir popul\u0101rs it\u0101\u013cu alkoholisko dz\u0113rienu, kas paz\u012bstams ar savu spilgto, sarkano kr\u0101su un rakstur\u012bgo r\u016bgto gar\u0161u. Tas ir sagatavots, apvienojot da\u017e\u0101dus augus, aug\u013cus, gar\u0161vielas un citus dabiskus komponentus, kuri tiek macer\u0113ti un izdal\u012bti alkohol\u0101. Campari tiek izmantots k\u0101 b\u0101ze daudzos koktei\u013cos, piem\u0113ram, popul\u0101raj\u0101 Negroni, bet to var baud\u012bt ar\u012b k\u0101 aperit\u012bvu.<\/p>\n","protected":false},"featured_media":59032,"comment_status":"open","ping_status":"closed","template":"","meta":[],"product_brand":[157],"product_cat":[156],"product_tag":[],"class_list":{"0":"post-58864","1":"product","2":"type-product","3":"status-publish","4":"has-post-thumbnail","6":"product_brand-campari","7":"product_cat-aperativs","8":"pa_valsts-italija","11":"first","12":"instock","13":"shipping-taxable","14":"purchasable","15":"product-type-simple"},"_links":{"self":[{"href":"https:\/\/firsttravelretail.lv\/en\/wp-json\/wp\/v2\/product\/58864","targetHints":{"allow":["GET"]}}],"collection":[{"href":"https:\/\/firsttravelretail.lv\/en\/wp-json\/wp\/v2\/product"}],"about":[{"href":"https:\/\/firsttravelretail.lv\/en\/wp-json\/wp\/v2\/types\/product"}],"replies":[{"embeddable":true,"href":"https:\/\/firsttravelretail.lv\/en\/wp-json\/wp\/v2\/comments?post=58864"}],"wp:featuredmedia":[{"embeddable":true,"href":"https:\/\/firsttravelretail.lv\/en\/wp-json\/wp\/v2\/media\/59032"}],"wp:attachment":[{"href":"https:\/\/firsttravelretail.lv\/en\/wp-json\/wp\/v2\/media?parent=58864"}],"wp:term":[{"taxonomy":"product_brand","embeddable":true,"href":"https:\/\/firsttravelretail.lv\/en\/wp-json\/wp\/v2\/product_brand?post=58864"},{"taxonomy":"product_cat","embeddable":true,"href":"https:\/\/firsttravelretail.lv\/en\/wp-json\/wp\/v2\/product_cat?post=58864"},{"taxonomy":"product_tag","embeddable":true,"href":"https:\/\/firsttravelretail.lv\/en\/wp-json\/wp\/v2\/product_tag?post=58864"}],"curies":[{"name":"wp","href":"https:\/\/api.w.org\/{rel}","templated":true}]}}