{"id":58863,"date":"2025-04-08T22:41:46","date_gmt":"2025-04-08T20:41:46","guid":{"rendered":"https:\/\/pink-shark-215315.hostingersite.com\/?post_type=product&#038;p=58863"},"modified":"2026-04-08T11:47:23","modified_gmt":"2026-04-08T09:47:23","slug":"bruichladdich-islay-barley-2013-50-0-7l-gb","status":"publish","type":"product","link":"https:\/\/firsttravelretail.lv\/en\/produkts\/bruichladdich-islay-barley-2013-50-0-7l-gb\/","title":{"rendered":"Bruichladdich Islay Barley 2013 50% 0.7L + GB"},"content":{"rendered":"<p>Viskijs ir izgatavots no Isl\u0101jas sal\u0101 audz\u0113t\u0101m mie\u017eiem, kas pie\u0161\u0137ir tam unik\u0101lu viet\u0113jo raksturu un arom\u0101tiku.<\/p>\n<p class=\"\" data-start=\"517\" data-end=\"766\">Iepild\u012bts 0,7 litru pudel\u0113s un pieejams ar\u012b ar ori\u0123in\u0101lo d\u0101vanu kast\u012bti (GB \u2013 gift box). Tas ir lieliski piem\u0113rots gan kolekcion\u0101riem, gan viskija cien\u012bt\u0101jiem, kuri nov\u0113rt\u0113 augstas kvalit\u0101tes dz\u0113rienus ar dzi\u013c\u0101m un rakstur\u012bg\u0101m gar\u0161\u0101m.<\/p>\n<p class=\"\" data-start=\"768\" data-end=\"915\">Arom\u0101ts un gar\u0161a var ietvert t\u0101das piez\u012bmes k\u0101 vani\u013ca, graudainie to\u0146i, viegla d\u016bmu un ziedu notis, kas veido l\u012bdzsvarotu un pat\u012bkamu degust\u0101ciju.<\/p>\n","protected":false},"excerpt":{"rendered":"<p>Viskijs ir izgatavots no Isl\u0101jas sal\u0101 audz\u0113t\u0101m mie\u017eiem, kas pie\u0161\u0137ir tam unik\u0101lu viet\u0113jo raksturu un arom\u0101tiku. Iepild\u012bts 0,7 litru pudel\u0113s un pieejams ar\u012b ar ori\u0123in\u0101lo d\u0101vanu kast\u012bti (GB \u2013 gift box). Tas ir lieliski piem\u0113rots gan kolekcion\u0101riem, gan viskija cien\u012bt\u0101jiem, kuri nov\u0113rt\u0113 augstas kvalit\u0101tes dz\u0113rienus ar dzi\u013c\u0101m un rakstur\u012bg\u0101m gar\u0161\u0101m. Arom\u0101ts un gar\u0161a var ietvert [&hellip;]<\/p>\n","protected":false},"featured_media":59028,"comment_status":"open","ping_status":"closed","template":"","meta":[],"product_brand":[154],"product_cat":[151],"product_tag":[],"class_list":{"0":"post-58863","1":"product","2":"type-product","3":"status-publish","4":"has-post-thumbnail","6":"product_brand-bruichladdich","7":"product_cat-viskijs","8":"pa_valsts-skotija","11":"first","12":"instock","13":"shipping-taxable","14":"purchasable","15":"product-type-simple"},"_links":{"self":[{"href":"https:\/\/firsttravelretail.lv\/en\/wp-json\/wp\/v2\/product\/58863","targetHints":{"allow":["GET"]}}],"collection":[{"href":"https:\/\/firsttravelretail.lv\/en\/wp-json\/wp\/v2\/product"}],"about":[{"href":"https:\/\/firsttravelretail.lv\/en\/wp-json\/wp\/v2\/types\/product"}],"replies":[{"embeddable":true,"href":"https:\/\/firsttravelretail.lv\/en\/wp-json\/wp\/v2\/comments?post=58863"}],"wp:featuredmedia":[{"embeddable":true,"href":"https:\/\/firsttravelretail.lv\/en\/wp-json\/wp\/v2\/media\/59028"}],"wp:attachment":[{"href":"https:\/\/firsttravelretail.lv\/en\/wp-json\/wp\/v2\/media?parent=58863"}],"wp:term":[{"taxonomy":"product_brand","embeddable":true,"href":"https:\/\/firsttravelretail.lv\/en\/wp-json\/wp\/v2\/product_brand?post=58863"},{"taxonomy":"product_cat","embeddable":true,"href":"https:\/\/firsttravelretail.lv\/en\/wp-json\/wp\/v2\/product_cat?post=58863"},{"taxonomy":"product_tag","embeddable":true,"href":"https:\/\/firsttravelretail.lv\/en\/wp-json\/wp\/v2\/product_tag?post=58863"}],"curies":[{"name":"wp","href":"https:\/\/api.w.org\/{rel}","templated":true}]}}