{"id":58861,"date":"2025-04-08T22:28:39","date_gmt":"2025-04-08T20:28:39","guid":{"rendered":"https:\/\/pink-shark-215315.hostingersite.com\/?post_type=product&#038;p=58861"},"modified":"2026-04-08T11:47:51","modified_gmt":"2026-04-08T09:47:51","slug":"benriach-quarter-cask-single-malt-gb-46-0-7l","status":"publish","type":"product","link":"https:\/\/firsttravelretail.lv\/en\/produkts\/benriach-quarter-cask-single-malt-gb-46-0-7l\/","title":{"rendered":"BenRiach Quarter Cask Single Malt  +GB 46% 0.7L"},"content":{"rendered":"<p>Lai pagatavotu Benriach Quarter Cask, tas vispirms tiek nogatavin\u0101ts burbona muc\u0101s, p\u0113c tam tiek pak\u013cauts otrreiz\u0113jai nogatavin\u0101\u0161anai p\u0113c pas\u016bt\u012bjuma izgatavot\u0101s ceturk\u0161\u0146a muc\u0101s. \u0160\u012bs maz\u0101k\u0101s mucas nodro\u0161ina liel\u0101ku koka un spirta mijiedarb\u012bbu, pastiprinot nogatavin\u0101\u0161anu, ieg\u016bstot dzi\u013cumu un gar\u0161as bag\u0101t\u012bbu, radot glaz\u0113ta aug\u013cu d\u0101rza aug\u013cu un bag\u0101t\u012bgas vani\u013cas sl\u0101\u0146us, nosl\u0113dzoties ar gatavu mie\u017eu un ozola gar\u0161vielu not\u012bm. Viss ide\u0101l\u0101 l\u012bdzsvar\u0101. Gar\u0161a: Cukurots bumbieris un medus aprikoze ar svaiga mie\u017eu kr\u0113ma un ozola gar\u0161vielu not\u012bm. Arom\u0101ts: Suk\u0101des, bag\u0101t\u012bga vani\u013ca, svaigs ozols.<\/p>\n","protected":false},"excerpt":{"rendered":"<p>Lai pagatavotu Benriach Quarter Cask, tas vispirms tiek nogatavin\u0101ts burbona muc\u0101s, p\u0113c tam tiek pak\u013cauts otrreiz\u0113jai nogatavin\u0101\u0161anai p\u0113c pas\u016bt\u012bjuma izgatavot\u0101s ceturk\u0161\u0146a muc\u0101s. \u0160\u012bs maz\u0101k\u0101s mucas nodro\u0161ina liel\u0101ku koka un spirta mijiedarb\u012bbu, pastiprinot nogatavin\u0101\u0161anu, ieg\u016bstot dzi\u013cumu un gar\u0161as bag\u0101t\u012bbu, radot glaz\u0113ta aug\u013cu d\u0101rza aug\u013cu un bag\u0101t\u012bgas vani\u013cas sl\u0101\u0146us, nosl\u0113dzoties ar gatavu mie\u017eu un ozola gar\u0161vielu not\u012bm. [&hellip;]<\/p>\n","protected":false},"featured_media":59024,"comment_status":"open","ping_status":"closed","template":"","meta":[],"product_brand":[153],"product_cat":[151],"product_tag":[],"class_list":{"0":"post-58861","1":"product","2":"type-product","3":"status-publish","4":"has-post-thumbnail","6":"product_brand-ben-riach","7":"product_cat-viskijs","8":"pa_valsts-skotija","11":"first","12":"instock","13":"shipping-taxable","14":"purchasable","15":"product-type-simple"},"_links":{"self":[{"href":"https:\/\/firsttravelretail.lv\/en\/wp-json\/wp\/v2\/product\/58861","targetHints":{"allow":["GET"]}}],"collection":[{"href":"https:\/\/firsttravelretail.lv\/en\/wp-json\/wp\/v2\/product"}],"about":[{"href":"https:\/\/firsttravelretail.lv\/en\/wp-json\/wp\/v2\/types\/product"}],"replies":[{"embeddable":true,"href":"https:\/\/firsttravelretail.lv\/en\/wp-json\/wp\/v2\/comments?post=58861"}],"wp:featuredmedia":[{"embeddable":true,"href":"https:\/\/firsttravelretail.lv\/en\/wp-json\/wp\/v2\/media\/59024"}],"wp:attachment":[{"href":"https:\/\/firsttravelretail.lv\/en\/wp-json\/wp\/v2\/media?parent=58861"}],"wp:term":[{"taxonomy":"product_brand","embeddable":true,"href":"https:\/\/firsttravelretail.lv\/en\/wp-json\/wp\/v2\/product_brand?post=58861"},{"taxonomy":"product_cat","embeddable":true,"href":"https:\/\/firsttravelretail.lv\/en\/wp-json\/wp\/v2\/product_cat?post=58861"},{"taxonomy":"product_tag","embeddable":true,"href":"https:\/\/firsttravelretail.lv\/en\/wp-json\/wp\/v2\/product_tag?post=58861"}],"curies":[{"name":"wp","href":"https:\/\/api.w.org\/{rel}","templated":true}]}}