{"id":58859,"date":"2025-04-08T22:12:49","date_gmt":"2025-04-08T20:12:49","guid":{"rendered":"https:\/\/pink-shark-215315.hostingersite.com\/?post_type=product&#038;p=58859"},"modified":"2026-04-08T11:48:51","modified_gmt":"2026-04-08T09:48:51","slug":"beluga-twinset-2x1-40-1l","status":"publish","type":"product","link":"https:\/\/firsttravelretail.lv\/en\/produkts\/beluga-twinset-2x1-40-1l\/","title":{"rendered":"Beluga Twinset (2&#215;1) 40% 1L"},"content":{"rendered":"<pre id=\"tw-target-text\" class=\"tw-data-text tw-text-large tw-ta\" dir=\"ltr\" data-placeholder=\"Tulkojums\" data-ved=\"2ahUKEwj7pvGqm8mMAxUHHxAIHdjNLu0Q3ewLegQIDRAW\" aria-label=\"Tulkotais teksts: Beluga Noble ir Beluga z\u012bmolu saimes vado\u0161ais produkts. \u0160is parakstu dz\u0113riens ir ieguvis &quot;klasisk\u0101&quot; statusu. Produkta pamat\u0101 ir augst\u0101k\u0101s kvalit\u0101tes sast\u0101vda\u013cas, c\u012bt\u012bgs meistaru darbs, vi\u0146u r\u016bp\u012bga uzman\u012bba katrai deta\u013cai un nep\u0101rtraukta ra\u017eo\u0161anas kontrole.\"><span class=\"Y2IQFc\" lang=\"lv\">Beluga Noble ir Beluga z\u012bmolu saimes vado\u0161ais produkts. \u0160is degv\u012bns ir ieguvis \"klasisk\u0101\" statusu. \r\nProdukta pamat\u0101 ir augst\u0101k\u0101s kvalit\u0101tes sast\u0101vda\u013cas, c\u012bt\u012bgs meistaru darbs,\r\nvi\u0146u r\u016bp\u012bga uzman\u012bba katrai deta\u013cai un nep\u0101rtraukta ra\u017eo\u0161anas kontrole.<\/span><\/pre>\n<p>&nbsp;<\/p>\n","protected":false},"excerpt":{"rendered":"<p>Beluga Noble ir Beluga z\u012bmolu saimes vado\u0161ais produkts. \u0160is degv\u012bns ir ieguvis &#8220;klasisk\u0101&#8221; statusu. Produkta pamat\u0101 ir augst\u0101k\u0101s kvalit\u0101tes sast\u0101vda\u013cas, c\u012bt\u012bgs meistaru darbs, vi\u0146u r\u016bp\u012bga uzman\u012bba katrai deta\u013cai un nep\u0101rtraukta ra\u017eo\u0161anas kontrole. &nbsp;<\/p>\n","protected":false},"featured_media":59006,"comment_status":"open","ping_status":"closed","template":"","meta":[],"product_brand":[128],"product_cat":[116],"product_tag":[],"class_list":{"0":"post-58859","1":"product","2":"type-product","3":"status-publish","4":"has-post-thumbnail","6":"product_brand-beluga","7":"product_cat-degvins","8":"pa_valsts-melnkalne","11":"first","12":"instock","13":"shipping-taxable","14":"purchasable","15":"product-type-simple"},"_links":{"self":[{"href":"https:\/\/firsttravelretail.lv\/en\/wp-json\/wp\/v2\/product\/58859","targetHints":{"allow":["GET"]}}],"collection":[{"href":"https:\/\/firsttravelretail.lv\/en\/wp-json\/wp\/v2\/product"}],"about":[{"href":"https:\/\/firsttravelretail.lv\/en\/wp-json\/wp\/v2\/types\/product"}],"replies":[{"embeddable":true,"href":"https:\/\/firsttravelretail.lv\/en\/wp-json\/wp\/v2\/comments?post=58859"}],"wp:featuredmedia":[{"embeddable":true,"href":"https:\/\/firsttravelretail.lv\/en\/wp-json\/wp\/v2\/media\/59006"}],"wp:attachment":[{"href":"https:\/\/firsttravelretail.lv\/en\/wp-json\/wp\/v2\/media?parent=58859"}],"wp:term":[{"taxonomy":"product_brand","embeddable":true,"href":"https:\/\/firsttravelretail.lv\/en\/wp-json\/wp\/v2\/product_brand?post=58859"},{"taxonomy":"product_cat","embeddable":true,"href":"https:\/\/firsttravelretail.lv\/en\/wp-json\/wp\/v2\/product_cat?post=58859"},{"taxonomy":"product_tag","embeddable":true,"href":"https:\/\/firsttravelretail.lv\/en\/wp-json\/wp\/v2\/product_tag?post=58859"}],"curies":[{"name":"wp","href":"https:\/\/api.w.org\/{rel}","templated":true}]}}