{"id":58853,"date":"2025-04-08T22:00:44","date_gmt":"2025-04-08T20:00:44","guid":{"rendered":"https:\/\/pink-shark-215315.hostingersite.com\/?post_type=product&#038;p=58853"},"modified":"2026-04-08T11:49:24","modified_gmt":"2026-04-08T09:49:24","slug":"benriach-quarter-cask-peated-ar-davanu-iepakojumu-46-0-7l","status":"publish","type":"product","link":"https:\/\/firsttravelretail.lv\/en\/produkts\/benriach-quarter-cask-peated-ar-davanu-iepakojumu-46-0-7l\/","title":{"rendered":"BenRiach Quarter Cask Peated ar d\u0101vanu iepakojumu 46% 0.7L"},"content":{"rendered":"<p>Unik\u0101ls Skotijas viskijs, kas n\u0101k no Speuside re\u0123iona un izce\u013cas ar d\u016bmakainu raksturu un izteiktu ozolkoka kl\u0101tb\u016btni, pateicoties nogatavin\u0101\u0161anai neliel\u0101s muc\u0101s.<\/p>\n<p>Arom\u0101ts: Viegls d\u016bmu pl\u012bvurs apvienojum\u0101 ar medus saldo piesk\u0101rienu, v\u012b\u0123\u0113m, grauzd\u0113t\u0101m mandel\u0113m un nedaudz vani\u013cas. Var sajust ar\u012b nogatavoju\u0161os bumbieru un vieglu gar\u0161vielu noti.<\/p>\n","protected":false},"excerpt":{"rendered":"<p>Unik\u0101ls Skotijas viskijs, kas n\u0101k no Speuside re\u0123iona un izce\u013cas ar d\u016bmakainu raksturu un izteiktu ozolkoka kl\u0101tb\u016btni, pateicoties nogatavin\u0101\u0161anai neliel\u0101s muc\u0101s. Arom\u0101ts: Viegls d\u016bmu pl\u012bvurs apvienojum\u0101 ar medus saldo piesk\u0101rienu, v\u012b\u0123\u0113m, grauzd\u0113t\u0101m mandel\u0113m un nedaudz vani\u013cas. Var sajust ar\u012b nogatavoju\u0161os bumbieru un vieglu gar\u0161vielu noti.<\/p>\n","protected":false},"featured_media":59010,"comment_status":"open","ping_status":"closed","template":"","meta":[],"product_brand":[153],"product_cat":[151],"product_tag":[],"class_list":{"0":"post-58853","1":"product","2":"type-product","3":"status-publish","4":"has-post-thumbnail","6":"product_brand-ben-riach","7":"product_cat-viskijs","8":"pa_valsts-skotija","11":"first","12":"instock","13":"shipping-taxable","14":"purchasable","15":"product-type-simple"},"_links":{"self":[{"href":"https:\/\/firsttravelretail.lv\/en\/wp-json\/wp\/v2\/product\/58853","targetHints":{"allow":["GET"]}}],"collection":[{"href":"https:\/\/firsttravelretail.lv\/en\/wp-json\/wp\/v2\/product"}],"about":[{"href":"https:\/\/firsttravelretail.lv\/en\/wp-json\/wp\/v2\/types\/product"}],"replies":[{"embeddable":true,"href":"https:\/\/firsttravelretail.lv\/en\/wp-json\/wp\/v2\/comments?post=58853"}],"wp:featuredmedia":[{"embeddable":true,"href":"https:\/\/firsttravelretail.lv\/en\/wp-json\/wp\/v2\/media\/59010"}],"wp:attachment":[{"href":"https:\/\/firsttravelretail.lv\/en\/wp-json\/wp\/v2\/media?parent=58853"}],"wp:term":[{"taxonomy":"product_brand","embeddable":true,"href":"https:\/\/firsttravelretail.lv\/en\/wp-json\/wp\/v2\/product_brand?post=58853"},{"taxonomy":"product_cat","embeddable":true,"href":"https:\/\/firsttravelretail.lv\/en\/wp-json\/wp\/v2\/product_cat?post=58853"},{"taxonomy":"product_tag","embeddable":true,"href":"https:\/\/firsttravelretail.lv\/en\/wp-json\/wp\/v2\/product_tag?post=58853"}],"curies":[{"name":"wp","href":"https:\/\/api.w.org\/{rel}","templated":true}]}}