{"id":58852,"date":"2025-04-08T21:47:39","date_gmt":"2025-04-08T19:47:39","guid":{"rendered":"https:\/\/pink-shark-215315.hostingersite.com\/?post_type=product&#038;p=58852"},"modified":"2026-04-08T11:49:57","modified_gmt":"2026-04-08T09:49:57","slug":"beluga-transatlantic-racing-40-1l","status":"publish","type":"product","link":"https:\/\/firsttravelretail.lv\/en\/produkts\/beluga-transatlantic-racing-40-1l\/","title":{"rendered":"Beluga Transatlantic Racing 40% 1L"},"content":{"rendered":"<p>Krist\u0101ldzidra kr\u0101sa. Maigs, izsmalcin\u0101ts arom\u0101ts atkl\u0101j siltus graudu to\u0146us un caursp\u012bd\u012bgas me\u017ea ogu notis. Uzmundrino\u0161\u0101, viegli dedzino\u0161\u0101 gar\u0161a ap\u0146em to ar maigu tekst\u016bru un atst\u0101j maigu sildo\u0161u p\u0113cgar\u0161u.<\/p>\n<p>&nbsp;<\/p>\n","protected":false},"excerpt":{"rendered":"<p>Krist\u0101ldzidra kr\u0101sa. Maigs, izsmalcin\u0101ts arom\u0101ts atkl\u0101j siltus graudu to\u0146us un caursp\u012bd\u012bgas me\u017ea ogu notis. Uzmundrino\u0161\u0101, viegli dedzino\u0161\u0101 gar\u0161a ap\u0146em to ar maigu tekst\u016bru un atst\u0101j maigu sildo\u0161u p\u0113cgar\u0161u.<\/p>\n","protected":false},"featured_media":59000,"comment_status":"open","ping_status":"closed","template":"","meta":[],"product_brand":[128],"product_cat":[116],"product_tag":[],"class_list":{"0":"post-58852","1":"product","2":"type-product","3":"status-publish","4":"has-post-thumbnail","6":"product_brand-beluga","7":"product_cat-degvins","8":"pa_valsts-melnkalne","11":"first","12":"instock","13":"shipping-taxable","14":"purchasable","15":"product-type-simple"},"_links":{"self":[{"href":"https:\/\/firsttravelretail.lv\/en\/wp-json\/wp\/v2\/product\/58852","targetHints":{"allow":["GET"]}}],"collection":[{"href":"https:\/\/firsttravelretail.lv\/en\/wp-json\/wp\/v2\/product"}],"about":[{"href":"https:\/\/firsttravelretail.lv\/en\/wp-json\/wp\/v2\/types\/product"}],"replies":[{"embeddable":true,"href":"https:\/\/firsttravelretail.lv\/en\/wp-json\/wp\/v2\/comments?post=58852"}],"wp:featuredmedia":[{"embeddable":true,"href":"https:\/\/firsttravelretail.lv\/en\/wp-json\/wp\/v2\/media\/59000"}],"wp:attachment":[{"href":"https:\/\/firsttravelretail.lv\/en\/wp-json\/wp\/v2\/media?parent=58852"}],"wp:term":[{"taxonomy":"product_brand","embeddable":true,"href":"https:\/\/firsttravelretail.lv\/en\/wp-json\/wp\/v2\/product_brand?post=58852"},{"taxonomy":"product_cat","embeddable":true,"href":"https:\/\/firsttravelretail.lv\/en\/wp-json\/wp\/v2\/product_cat?post=58852"},{"taxonomy":"product_tag","embeddable":true,"href":"https:\/\/firsttravelretail.lv\/en\/wp-json\/wp\/v2\/product_tag?post=58852"}],"curies":[{"name":"wp","href":"https:\/\/api.w.org\/{rel}","templated":true}]}}