{"id":59440,"date":"2025-05-01T12:39:14","date_gmt":"2025-05-01T10:39:14","guid":{"rendered":"https:\/\/pink-shark-215315.hostingersite.com\/?page_id=59440"},"modified":"2025-05-13T21:16:25","modified_gmt":"2025-05-13T19:16:25","slug":"delivery","status":"publish","type":"page","link":"https:\/\/firsttravelretail.lv\/en\/delivery\/","title":{"rendered":"Delivery"},"content":{"rendered":"\t\t<div data-elementor-type=\"wp-page\" data-elementor-id=\"59440\" class=\"elementor elementor-59440 elementor-59222\">\n\t\t\t\t<div class=\"elementor-element elementor-element-7973122 e-flex e-con-boxed e-con e-parent\" data-id=\"7973122\" data-element_type=\"container\">\n\t\t\t\t\t<div class=\"e-con-inner\">\n\t\t\t\t<div class=\"elementor-element elementor-element-9987e85 elementor-widget elementor-widget-heading\" data-id=\"9987e85\" data-element_type=\"widget\" data-widget_type=\"heading.default\">\n\t\t\t\t\t<h2 class=\"elementor-heading-title elementor-size-default\">Important Information!<\/h2>\t\t\t\t<\/div>\n\t\t\t\t<div class=\"elementor-element elementor-element-b18f2ef elementor-icon-list--layout-traditional elementor-list-item-link-full_width elementor-widget elementor-widget-bwp_icon_list\" data-id=\"b18f2ef\" data-element_type=\"widget\" data-widget_type=\"bwp_icon_list.default\">\n\t\t\t\t<div class=\"elementor-widget-container\">\n\t\t\t\t\t\t\t<div class=\"wpb-content_list\">\n\t\t\t\t\t<ul class=\"elementor-icon-list-items\">\n\t\t\t\t\t\t\t\t\t<li class=\"elementor-icon-list-item\">\n\t\t\t\t\t\t\t\t\t\t\t\t\t<span class=\"elementor-icon-list-icon\">\n\t\t\t\t\t\t\t\t<svg aria-hidden=\"true\" class=\"e-font-icon-svg e-far-snowflake\" viewBox=\"0 0 448 512\" xmlns=\"http:\/\/www.w3.org\/2000\/svg\"><path d=\"M440.1 355.2l-39.2-23 34.1-9.3c8.4-2.3 13.4-11.1 11.1-19.6l-4.1-15.5c-2.2-8.5-10.9-13.6-19.3-11.3L343 298.2 271.2 256l71.9-42.2 79.7 21.7c8.4 2.3 17-2.8 19.3-11.3l4.1-15.5c2.2-8.5-2.7-17.3-11.1-19.6l-34.1-9.3 39.2-23c7.5-4.4 10.1-14.2 5.8-21.9l-7.9-13.9c-4.3-7.7-14-10.3-21.5-5.9l-39.2 23 9.1-34.7c2.2-8.5-2.7-17.3-11.1-19.6l-15.2-4.1c-8.4-2.3-17 2.8-19.3 11.3l-21.3 81-71.9 42.2v-84.5L306 70.4c6.1-6.2 6.1-16.4 0-22.6l-11.1-11.3c-6.1-6.2-16.1-6.2-22.2 0l-24.9 25.4V16c0-8.8-7-16-15.7-16h-15.7c-8.7 0-15.7 7.2-15.7 16v46.1l-24.9-25.4c-6.1-6.2-16.1-6.2-22.2 0L142.1 48c-6.1 6.2-6.1 16.4 0 22.6l58.3 59.3v84.5l-71.9-42.2-21.3-81c-2.2-8.5-10.9-13.6-19.3-11.3L72.7 84c-8.4 2.3-13.4 11.1-11.1 19.6l9.1 34.7-39.2-23c-7.5-4.4-17.1-1.8-21.5 5.9l-7.9 13.9c-4.3 7.7-1.8 17.4 5.8 21.9l39.2 23-34.1 9.1c-8.4 2.3-13.4 11.1-11.1 19.6L6 224.2c2.2 8.5 10.9 13.6 19.3 11.3l79.7-21.7 71.9 42.2-71.9 42.2-79.7-21.7c-8.4-2.3-17 2.8-19.3 11.3l-4.1 15.5c-2.2 8.5 2.7 17.3 11.1 19.6l34.1 9.3-39.2 23c-7.5 4.4-10.1 14.2-5.8 21.9L10 391c4.3 7.7 14 10.3 21.5 5.9l39.2-23-9.1 34.7c-2.2 8.5 2.7 17.3 11.1 19.6l15.2 4.1c8.4 2.3 17-2.8 19.3-11.3l21.3-81 71.9-42.2v84.5l-58.3 59.3c-6.1 6.2-6.1 16.4 0 22.6l11.1 11.3c6.1 6.2 16.1 6.2 22.2 0l24.9-25.4V496c0 8.8 7 16 15.7 16h15.7c8.7 0 15.7-7.2 15.7-16v-46.1l24.9 25.4c6.1 6.2 16.1 6.2 22.2 0l11.1-11.3c6.1-6.2 6.1-16.4 0-22.6l-58.3-59.3v-84.5l71.9 42.2 21.3 81c2.2 8.5 10.9 13.6 19.3 11.3L375 428c8.4-2.3 13.4-11.1 11.1-19.6l-9.1-34.7 39.2 23c7.5 4.4 17.1 1.8 21.5-5.9l7.9-13.9c4.6-7.5 2.1-17.3-5.5-21.7z\"><\/path><\/svg>\t\t\t\t\t\t\t<\/span>\n\t\t\t\t\t\t\t\t\t\t\t\t<span class=\"elementor-icon-list-text\">If the outside temperature is 10\u202f\u00b0C or below, please collect your parcel from the parcel machine immediately after receiving the SMS.<\/span>\n\t\t\t\t\t\t\t\t\t\t\t<\/li>\n\t\t\t\t\t\t\t\t\t\t<li class=\"elementor-icon-list-item\">\n\t\t\t\t\t\t\t\t\t\t\t\t\t<span class=\"elementor-icon-list-icon\">\n\t\t\t\t\t\t\t\t<svg aria-hidden=\"true\" class=\"e-font-icon-svg e-fas-temperature-low\" viewBox=\"0 0 512 512\" xmlns=\"http:\/\/www.w3.org\/2000\/svg\"><path d=\"M416 0c-52.9 0-96 43.1-96 96s43.1 96 96 96 96-43.1 96-96-43.1-96-96-96zm0 128c-17.7 0-32-14.3-32-32s14.3-32 32-32 32 14.3 32 32-14.3 32-32 32zm-160-16C256 50.1 205.9 0 144 0S32 50.1 32 112v166.5C12.3 303.2 0 334 0 368c0 79.5 64.5 144 144 144s144-64.5 144-144c0-34-12.3-64.9-32-89.5V112zM144 448c-44.1 0-80-35.9-80-80 0-25.5 12.2-48.9 32-63.8V112c0-26.5 21.5-48 48-48s48 21.5 48 48v192.2c19.8 14.8 32 38.3 32 63.8 0 44.1-35.9 80-80 80zm16-125.1V304c0-8.8-7.2-16-16-16s-16 7.2-16 16v18.9c-18.6 6.6-32 24.2-32 45.1 0 26.5 21.5 48 48 48s48-21.5 48-48c0-20.9-13.4-38.5-32-45.1z\"><\/path><\/svg>\t\t\t\t\t\t\t<\/span>\n\t\t\t\t\t\t\t\t\t\t\t\t<span class=\"elementor-icon-list-text\">The recommended storage temperature for all products is between 10\u201315\u202f\u00b0C.<\/span>\n\t\t\t\t\t\t\t\t\t\t\t<\/li>\n\t\t\t\t\t\t\t\t\t\t<li class=\"elementor-icon-list-item\">\n\t\t\t\t\t\t\t\t\t\t\t\t\t<span class=\"elementor-icon-list-icon\">\n\t\t\t\t\t\t\t\t<svg aria-hidden=\"true\" class=\"e-font-icon-svg e-fas-box-open\" viewBox=\"0 0 640 512\" xmlns=\"http:\/\/www.w3.org\/2000\/svg\"><path d=\"M425.7 256c-16.9 0-32.8-9-41.4-23.4L320 126l-64.2 106.6c-8.7 14.5-24.6 23.5-41.5 23.5-4.5 0-9-.6-13.3-1.9L64 215v178c0 14.7 10 27.5 24.2 31l216.2 54.1c10.2 2.5 20.9 2.5 31 0L551.8 424c14.2-3.6 24.2-16.4 24.2-31V215l-137 39.1c-4.3 1.3-8.8 1.9-13.3 1.9zm212.6-112.2L586.8 41c-3.1-6.2-9.8-9.8-16.7-8.9L320 64l91.7 152.1c3.8 6.3 11.4 9.3 18.5 7.3l197.9-56.5c9.9-2.9 14.7-13.9 10.2-23.1zM53.2 41L1.7 143.8c-4.6 9.2.3 20.2 10.1 23l197.9 56.5c7.1 2 14.7-1 18.5-7.3L320 64 69.8 32.1c-6.9-.8-13.5 2.7-16.6 8.9z\"><\/path><\/svg>\t\t\t\t\t\t\t<\/span>\n\t\t\t\t\t\t\t\t\t\t\t\t<span class=\"elementor-icon-list-text\">SIA First Travel Retail is not responsible for product quality if items are not stored properly after delivery to an Omniva parcel machine.<\/span>\n\t\t\t\t\t\t\t\t\t\t\t<\/li>\n\t\t\t\t\t\t\t\t<\/ul>\n\t\t<\/div>\n\t\t\t\t\t\t<\/div>\n\t\t\t\t<\/div>\n\t\t\t\t<div class=\"elementor-element elementor-element-0106c6d elementor-widget-divider--view-line elementor-widget elementor-widget-divider\" data-id=\"0106c6d\" data-element_type=\"widget\" data-widget_type=\"divider.default\">\n\t\t\t\t\t\t\t<div class=\"elementor-divider\">\n\t\t\t<span class=\"elementor-divider-separator\">\n\t\t\t\t\t\t<\/span>\n\t\t<\/div>\n\t\t\t\t\t\t<\/div>\n\t\t\t\t<div class=\"elementor-element elementor-element-5ae3d37 elementor-widget elementor-widget-heading\" data-id=\"5ae3d37\" data-element_type=\"widget\" data-widget_type=\"heading.default\">\n\t\t\t\t\t<h2 class=\"elementor-heading-title elementor-size-default\">Alcohol Orders<\/h2>\t\t\t\t<\/div>\n\t\t\t\t\t<\/div>\n\t\t\t\t<\/div>\n\t\t<div class=\"elementor-element elementor-element-5933d61 e-flex e-con-boxed e-con e-parent\" data-id=\"5933d61\" data-element_type=\"container\">\n\t\t\t\t\t<div class=\"e-con-inner\">\n\t\t<div class=\"elementor-element elementor-element-f200c7e e-con-full e-flex e-con e-child\" data-id=\"f200c7e\" data-element_type=\"container\">\n\t\t\t\t<div class=\"elementor-element elementor-element-20d57ff elementor-position-top elementor-view-default elementor-mobile-position-top elementor-vertical-align-top elementor-widget elementor-widget-icon-box\" data-id=\"20d57ff\" data-element_type=\"widget\" data-widget_type=\"icon-box.default\">\n\t\t\t\t<div class=\"elementor-widget-container\">\n\t\t\t\t\t\t\t<div class=\"elementor-icon-box-wrapper bwp-icon-box-wrapper\">\n\t\t\t\t\t\t<div class=\"bwp-icon-box-icon\">\n\t\t\t\t<span class=\"elementor-icon elementor-animation-\" >\n\t\t\t\t<svg aria-hidden=\"true\" class=\"e-font-icon-svg e-far-clock\" viewBox=\"0 0 512 512\" xmlns=\"http:\/\/www.w3.org\/2000\/svg\"><path d=\"M256 8C119 8 8 119 8 256s111 248 248 248 248-111 248-248S393 8 256 8zm0 448c-110.5 0-200-89.5-200-200S145.5 56 256 56s200 89.5 200 200-89.5 200-200 200zm61.8-104.4l-84.9-61.7c-3.1-2.3-4.9-5.9-4.9-9.7V116c0-6.6 5.4-12 12-12h32c6.6 0 12 5.4 12 12v141.7l66.8 48.6c5.4 3.9 6.5 11.4 2.6 16.8L334.6 349c-3.9 5.3-11.4 6.5-16.8 2.6z\"><\/path><\/svg>\t\t\t\t<\/span>\n\t\t\t<\/div>\n\t\t\t\t\t\t<div class=\"elementor-icon-box-content\">\n\t\t\t\t<span class=\"elementor-icon-box-title\">\n\t\t\t\t\t<span  >\n\t\t\t\t\t\t\t\t\t\t\t<\/span>\n\t\t\t\t<\/span>\n\t\t\t\t\t\t\t\t\t<p class=\"elementor-icon-box-description\">\n\t\t\t\t\t\tCan only be collected between 8:00 and 22:00.\t\t\t\t\t<\/p>\n\t\t\t\t\t\t\t<\/div>\n\t\t<\/div>\n\t\t\t\t\t\t<\/div>\n\t\t\t\t<\/div>\n\t\t\t\t<\/div>\n\t\t<div class=\"elementor-element elementor-element-884bdc4 e-con-full e-flex e-con e-child\" data-id=\"884bdc4\" data-element_type=\"container\">\n\t\t\t\t<div class=\"elementor-element elementor-element-a1cfd00 elementor-position-top elementor-view-default elementor-mobile-position-top elementor-vertical-align-top elementor-widget elementor-widget-icon-box\" data-id=\"a1cfd00\" data-element_type=\"widget\" data-widget_type=\"icon-box.default\">\n\t\t\t\t<div class=\"elementor-widget-container\">\n\t\t\t\t\t\t\t<div class=\"elementor-icon-box-wrapper bwp-icon-box-wrapper\">\n\t\t\t\t\t\t<div class=\"bwp-icon-box-icon\">\n\t\t\t\t<span class=\"elementor-icon elementor-animation-\" >\n\t\t\t\t<svg xmlns=\"http:\/\/www.w3.org\/2000\/svg\" xmlns:xlink=\"http:\/\/www.w3.org\/1999\/xlink\" fill=\"#000000\" width=\"800px\" height=\"800px\" viewBox=\"0 0 50 50\"><path d=\"M25 2C12.309295 2 2 12.309295 2 25C2 37.690705 12.309295 48 25 48C37.690705 48 48 37.690705 48 25C48 12.309295 37.690705 2 25 2 z M 25 4C36.609824 4 46 13.390176 46 25C46 36.609824 36.609824 46 25 46C13.390176 46 4 36.609824 4 25C4 13.390176 13.390176 4 25 4 z M 24.828125 17C21.234125 17 20.208984 19.567484 20.208984 21.021484C20.208984 22.989484 21.749594 24.014484 22.433594 24.271484C21.577594 24.613484 19.695312 25.555031 19.695312 28.207031C19.695312 30.431031 21.064937 32.998047 25.085938 32.998047C26.625937 32.998047 30.304688 32.228031 30.304688 28.207031C30.304688 25.469031 28.421469 24.528484 27.480469 24.271484C28.079469 24.015484 29.619141 22.989484 29.619141 21.021484C29.619141 20.251484 29.363125 17 24.828125 17 z M 15.5 17.25C15.072 19.648 13.399 20.113219 11 20.199219L11 21.740234L15 21.75L15 32.75L17 32.75L17 17.25L15.5 17.25 z M 24.914062 18.710938C27.224062 18.710938 27.566406 20.337422 27.566406 21.107422C27.566406 21.963422 27.139 23.673828 25 23.673828C22.348 23.673828 22.176734 21.535422 22.177734 21.107422C22.177734 20.764422 22.347062 18.710938 24.914062 18.710938 z M 36 21L36 24L33 24L33 26L36 26L36 29L38 29L38 26L41 26L41 24L38 24L38 21L36 21 z M 25 25.298828C27.567 25.298828 28.251953 27.610922 28.251953 28.294922C28.251953 29.748922 27.139 31.373047 25 31.373047C23.374 31.373047 21.662109 30.519922 21.662109 28.294922C21.662109 27.010922 22.519 25.298828 25 25.298828 z\"><\/path><\/svg>\t\t\t\t<\/span>\n\t\t\t<\/div>\n\t\t\t\t\t\t<div class=\"elementor-icon-box-content\">\n\t\t\t\t<span class=\"elementor-icon-box-title\">\n\t\t\t\t\t<span  >\n\t\t\t\t\t\t\t\t\t\t\t<\/span>\n\t\t\t\t<\/span>\n\t\t\t\t\t\t\t\t\t<p class=\"elementor-icon-box-description\">\n\t\t\t\t\t\tAge verification via SMART-ID is required upon receipt.\t\t\t\t\t<\/p>\n\t\t\t\t\t\t\t<\/div>\n\t\t<\/div>\n\t\t\t\t\t\t<\/div>\n\t\t\t\t<\/div>\n\t\t\t\t<\/div>\n\t\t\t\t\t<\/div>\n\t\t\t\t<\/div>\n\t\t<div class=\"elementor-element elementor-element-68ef652 e-flex e-con-boxed e-con e-parent\" data-id=\"68ef652\" data-element_type=\"container\">\n\t\t\t\t\t<div class=\"e-con-inner\">\n\t\t\t\t<div class=\"elementor-element elementor-element-37a8a6a elementor-widget-divider--view-line elementor-widget elementor-widget-divider\" data-id=\"37a8a6a\" data-element_type=\"widget\" data-widget_type=\"divider.default\">\n\t\t\t\t\t\t\t<div class=\"elementor-divider\">\n\t\t\t<span class=\"elementor-divider-separator\">\n\t\t\t\t\t\t<\/span>\n\t\t<\/div>\n\t\t\t\t\t\t<\/div>\n\t\t\t\t<div class=\"elementor-element elementor-element-3f81023 elementor-widget elementor-widget-heading\" data-id=\"3f81023\" data-element_type=\"widget\" data-widget_type=\"heading.default\">\n\t\t\t\t\t<h2 class=\"elementor-heading-title elementor-size-default\">Standard Courier Delivery<\/h2>\t\t\t\t<\/div>\n\t\t\t\t<div class=\"elementor-element elementor-element-051459c elementor-widget elementor-widget-text-editor\" data-id=\"051459c\" data-element_type=\"widget\" data-widget_type=\"text-editor.default\">\n\t\t\t\t\t\t\t\t\t<p style=\"text-align: center;\">Central Region of Latvia<\/p>\t\t\t\t\t\t\t\t<\/div>\n\t\t\t\t\t<\/div>\n\t\t\t\t<\/div>\n\t\t<div class=\"elementor-element elementor-element-c2f053b e-flex e-con-boxed e-con e-parent\" data-id=\"c2f053b\" data-element_type=\"container\">\n\t\t\t\t\t<div class=\"e-con-inner\">\n\t\t<div class=\"elementor-element elementor-element-f7353e8 e-con-full e-flex e-con e-child\" data-id=\"f7353e8\" data-element_type=\"container\">\n\t\t\t\t<div class=\"elementor-element elementor-element-bb6ed4f elementor-widget elementor-widget-text-editor\" data-id=\"bb6ed4f\" data-element_type=\"widget\" data-widget_type=\"text-editor.default\">\n\t\t\t\t\t\t\t\t\t<h3><b>Cities:<\/b><\/h3>\n\u0100da\u017ei, Baltezers, Bauska, Carnikava, Garciems, Garupe, Dobele, Jelgava, Kadaga, Kalngale, Medemciems, Ogre, Olaine, Jaunolaine, Saulkrasti, Sigulda, Tukums.\t\t\t\t\t\t\t\t<\/div>\n\t\t\t\t<\/div>\n\t\t<div class=\"elementor-element elementor-element-5db914d e-con-full e-flex e-con e-child\" data-id=\"5db914d\" data-element_type=\"container\">\n\t\t\t\t<div class=\"elementor-element elementor-element-3011b9b elementor-widget elementor-widget-text-editor\" data-id=\"3011b9b\" data-element_type=\"widget\" data-widget_type=\"text-editor.default\">\n\t\t\t\t\t\t\t\t\t<h3><b>Municipalities:<\/b><\/h3><p>\u0100da\u017eu, Bab\u012btes, Bauskas, Baldones, Carnikavas, Dobeles, Garkalnes, Iecavas, Ik\u0161\u0137iles, In\u010dukalna, Jelgavas, \u0136ekavas, M\u0101rupes, Ogres, Ozolnieku, Ropa\u017eu, Saulkrastu, Salaspils, Siguldas, Stopi\u0146u.<\/p>\t\t\t\t\t\t\t\t<\/div>\n\t\t\t\t<\/div>\n\t\t\t\t\t<\/div>\n\t\t\t\t<\/div>\n\t\t<div class=\"elementor-element elementor-element-b6f1a73 e-flex e-con-boxed e-con e-parent\" data-id=\"b6f1a73\" data-element_type=\"container\">\n\t\t\t\t\t<div class=\"e-con-inner\">\n\t\t\t\t<div class=\"elementor-element elementor-element-57cee7a elementor-widget-divider--view-line elementor-widget elementor-widget-divider\" data-id=\"57cee7a\" data-element_type=\"widget\" data-widget_type=\"divider.default\">\n\t\t\t\t\t\t\t<div class=\"elementor-divider\">\n\t\t\t<span class=\"elementor-divider-separator\">\n\t\t\t\t\t\t<\/span>\n\t\t<\/div>\n\t\t\t\t\t\t<\/div>\n\t\t\t\t<div class=\"elementor-element elementor-element-403b742 elementor-widget elementor-widget-heading\" data-id=\"403b742\" data-element_type=\"widget\" data-widget_type=\"heading.default\">\n\t\t\t\t\t<h2 class=\"elementor-heading-title elementor-size-default\">Delivery Terms<\/h2>\t\t\t\t<\/div>\n\t\t\t\t<div class=\"elementor-element elementor-element-15c7b5b elementor-widget elementor-widget-text-editor\" data-id=\"15c7b5b\" data-element_type=\"widget\" data-widget_type=\"text-editor.default\">\n\t\t\t\t\t\t\t\t\t<ul><li>Order today \u2013 receive within 1\u20132 business days<\/li><li>Deliveries are made on weekdays from 9:00 to 22:00<\/li><li>No deliveries on Saturdays, Sundays, or public holidays<\/li><li>Omniva parcel deliveries are not available on public holidays<\/li><\/ul>\t\t\t\t\t\t\t\t<\/div>\n\t\t\t\t<div class=\"elementor-element elementor-element-202e472 elementor-widget elementor-widget-heading\" data-id=\"202e472\" data-element_type=\"widget\" data-widget_type=\"heading.default\">\n\t\t\t\t\t<h3 class=\"elementor-heading-title elementor-size-default\">Omniva Delivery Fees (incl. VAT)<\/h3>\t\t\t\t<\/div>\n\t\t\t\t<div class=\"elementor-element elementor-element-025cb59 elementor-widget elementor-widget-text-editor\" data-id=\"025cb59\" data-element_type=\"widget\" data-widget_type=\"text-editor.default\">\n\t\t\t\t\t\t\t\t\t<ul><li>5.00\u202fEUR \u2013 up to 15\u202fkg<\/li><li>8.00\u202fEUR \u2013 15\u201330\u202fkg<\/li><li>12.00\u202fEUR \u2013 30\u201345\u202fkg<\/li><li>16.00\u202fEUR \u2013 45\u201360\u202fkg<\/li><li>18.00\u202fEUR \u2013 60\u201375\u202fkg<\/li><li>24.00\u202fEUR \u2013 75\u201390\u202fkg<\/li><\/ul>\t\t\t\t\t\t\t\t<\/div>\n\t\t\t\t<div class=\"elementor-element elementor-element-78f1c81 elementor-widget-divider--view-line elementor-widget elementor-widget-divider\" data-id=\"78f1c81\" data-element_type=\"widget\" data-widget_type=\"divider.default\">\n\t\t\t\t\t\t\t<div class=\"elementor-divider\">\n\t\t\t<span class=\"elementor-divider-separator\">\n\t\t\t\t\t\t<\/span>\n\t\t<\/div>\n\t\t\t\t\t\t<\/div>\n\t\t\t\t<div class=\"elementor-element elementor-element-bab202a elementor-alert-info elementor-widget elementor-widget-alert\" data-id=\"bab202a\" data-element_type=\"widget\" data-widget_type=\"alert.default\">\n\t\t\t\t\t\t\t<div class=\"elementor-alert\" role=\"alert\">\n\n\t\t\t\t\t\t<span class=\"elementor-alert-title\">Have questions left?<\/span>\n\t\t\t\n\t\t\t\t\t\t<span class=\"elementor-alert-description\">For any questions, call us Monday to Friday from 9:00 to 17:00 at +371 22046692 or email us at info@firsttravelretail.lv<\/span>\n\t\t\t\n\t\t\t\n\t\t<\/div>\n\t\t\t\t\t\t<\/div>\n\t\t\t\t\t<\/div>\n\t\t\t\t<\/div>\n\t\t\t\t<\/div>\n\t\t","protected":false},"excerpt":{"rendered":"<p>Important Information! If the outside temperature is 10\u202f\u00b0C or below, please collect your parcel from the parcel machine immediately after receiving the SMS. The recommended storage temperature for all products is between 10\u201315\u202f\u00b0C. SIA First Travel Retail is not responsible for product quality if items are not stored properly after delivery to an Omniva parcel [&hellip;]<\/p>\n","protected":false},"author":1,"featured_media":0,"parent":0,"menu_order":0,"comment_status":"closed","ping_status":"closed","template":"","meta":{"footnotes":""},"class_list":["post-59440","page","type-page","status-publish","hentry"],"_links":{"self":[{"href":"https:\/\/firsttravelretail.lv\/en\/wp-json\/wp\/v2\/pages\/59440","targetHints":{"allow":["GET"]}}],"collection":[{"href":"https:\/\/firsttravelretail.lv\/en\/wp-json\/wp\/v2\/pages"}],"about":[{"href":"https:\/\/firsttravelretail.lv\/en\/wp-json\/wp\/v2\/types\/page"}],"author":[{"embeddable":true,"href":"https:\/\/firsttravelretail.lv\/en\/wp-json\/wp\/v2\/users\/1"}],"replies":[{"embeddable":true,"href":"https:\/\/firsttravelretail.lv\/en\/wp-json\/wp\/v2\/comments?post=59440"}],"version-history":[{"count":9,"href":"https:\/\/firsttravelretail.lv\/en\/wp-json\/wp\/v2\/pages\/59440\/revisions"}],"predecessor-version":[{"id":59539,"href":"https:\/\/firsttravelretail.lv\/en\/wp-json\/wp\/v2\/pages\/59440\/revisions\/59539"}],"wp:attachment":[{"href":"https:\/\/firsttravelretail.lv\/en\/wp-json\/wp\/v2\/media?parent=59440"}],"curies":[{"name":"wp","href":"https:\/\/api.w.org\/{rel}","templated":true}]}}